{"id":23487,"date":"2024-09-16T12:03:27","date_gmt":"2024-09-16T10:03:27","guid":{"rendered":"https:\/\/italiansublimefood.com\/product\/gruene-olivenpastete-280g-mancuso-1976\/"},"modified":"2025-05-05T10:03:09","modified_gmt":"2025-05-05T08:03:09","slug":"gruene-olivenpastete-280g-mancuso-1976","status":"publish","type":"product","link":"https:\/\/italiansublimefood.com\/de\/produkt\/gruene-olivenpastete-280g-mancuso-1976\/","title":{"rendered":"Gr\u00fcne Olivenpastete 280g &#8211; Mancuso 1976"},"content":{"rendered":"","protected":false},"excerpt":{"rendered":"<p class=\"m-size-14 size-18\"><span class=\"m-font-size-14 font-size-18\">-Pat\u00e9 von Green Olives.<br \/>\n<\/span><span class=\"m-font-size-14 font-size-18\">-Die Pasteten, die durch das Mahlen ausgew\u00e4hlter Oliven unter Zugabe von nativem Oliven\u00f6l extra gewonnen werden, sind ideal f\u00fcr Sandwiches, Canap\u00e9s, Bruschetta, kalte Gerichte und als Beilage zu Delikatessen. Die Oliven werden auf handwerkliche und sorgf\u00e4ltige Weise ausgew\u00e4hlt und verarbeitet und erinnern mit ihrem kr\u00e4ftigen und intensiven Geschmack an alte Traditionen. <\/span><\/p>\n<ul class=\"defaultList bullet\">\n<li class=\"size-18 m-size-14\"><span class=\"font-size-18 m-font-size-14\">EVO-\u00d6l<\/span><\/li>\n<li class=\"size-18 m-size-14\"><span class=\"font-size-18 m-font-size-14\">Bereit zum Servieren<\/span><\/li>\n<\/ul>\n","protected":false},"featured_media":23874,"template":"","meta":[],"product_brand":[],"product_cat":[15],"product_tag":[268],"class_list":{"0":"post-23487","1":"product","2":"type-product","3":"status-publish","4":"has-post-thumbnail","6":"product_cat-salumi-e-carni","7":"product_tag-mancuso-constantino","9":"first","10":"instock","11":"taxable","12":"shipping-taxable","13":"purchasable","14":"product-type-simple"},"_links":{"self":[{"href":"https:\/\/italiansublimefood.com\/de\/wp-json\/wp\/v2\/product\/23487","targetHints":{"allow":["GET"]}}],"collection":[{"href":"https:\/\/italiansublimefood.com\/de\/wp-json\/wp\/v2\/product"}],"about":[{"href":"https:\/\/italiansublimefood.com\/de\/wp-json\/wp\/v2\/types\/product"}],"wp:featuredmedia":[{"embeddable":true,"href":"https:\/\/italiansublimefood.com\/de\/wp-json\/wp\/v2\/media\/23874"}],"wp:attachment":[{"href":"https:\/\/italiansublimefood.com\/de\/wp-json\/wp\/v2\/media?parent=23487"}],"wp:term":[{"taxonomy":"product_brand","embeddable":true,"href":"https:\/\/italiansublimefood.com\/de\/wp-json\/wp\/v2\/product_brand?post=23487"},{"taxonomy":"product_cat","embeddable":true,"href":"https:\/\/italiansublimefood.com\/de\/wp-json\/wp\/v2\/product_cat?post=23487"},{"taxonomy":"product_tag","embeddable":true,"href":"https:\/\/italiansublimefood.com\/de\/wp-json\/wp\/v2\/product_tag?post=23487"}],"curies":[{"name":"wp","href":"https:\/\/api.w.org\/{rel}","templated":true}]}}