{"id":23480,"date":"2024-09-16T12:03:23","date_gmt":"2024-09-16T10:03:23","guid":{"rendered":"https:\/\/italiansublimefood.com\/product\/sugo-pronto-alle-verdure-giambotta-340g-mancuso-1976\/"},"modified":"2025-05-05T10:03:09","modified_gmt":"2025-05-05T08:03:09","slug":"fertige-sauce-mit-gemuese-giambotta-340g-mancuso-1976","status":"publish","type":"product","link":"https:\/\/italiansublimefood.com\/de\/produkt\/fertige-sauce-mit-gemuese-giambotta-340g-mancuso-1976\/","title":{"rendered":"Fertige Sauce mit Gem\u00fcse &#8220;giambotta&#8221; 340g &#8211; Mancuso 1976"},"content":{"rendered":"","protected":false},"excerpt":{"rendered":"<p class=\"m-size-14 size-18 text-align-left\"><span class=\"font-size-18 m-font-size-14\">-&#8216;Giambotta&#8217;, die fertige Gem\u00fcsesauce.<br \/>\n<\/span><span class=\"font-size-18 m-font-size-14\">-&#8216;Giambotta&#8217;, die Fertigsauce<\/span><span class=\"font-size-18 m-font-size-14\"> mit handgepfl\u00fcckten Tomaten, frischem Gem\u00fcse und &#8216;Cipolla Rossa di Tropea Calabria I.G.P.&#8217; zubereitet.<\/span><span class=\"font-size-18 m-font-size-14\">Originell und schmackhaft, von leuchtend roter Farbe, zeichnet er sich durch sein angenehmes und delikates Aroma aus.<br \/>\nIdeal f\u00fcr alle Arten von Pasta f\u00fcr die k\u00f6stlichsten Gerichte; er bringt den echten Geschmack Kalabriens auf den Tisch. <\/span><\/p>\n<ul class=\"defaultList bullet\">\n<li class=\"m-size-14 size-18\"><span class=\"font-size-18 m-font-size-14\">100% italienische Tomate<\/span><\/li>\n<li class=\"m-size-14 size-18\"><span class=\"font-size-18 m-font-size-14\">100% handgepfl\u00fcckte Tomaten<\/span><\/li>\n<\/ul>\n","protected":false},"featured_media":23579,"template":"","meta":[],"product_brand":[],"product_cat":[15],"product_tag":[268],"class_list":{"0":"post-23480","1":"product","2":"type-product","3":"status-publish","4":"has-post-thumbnail","6":"product_cat-salumi-e-carni","7":"product_tag-mancuso-constantino","9":"first","10":"instock","11":"taxable","12":"shipping-taxable","13":"purchasable","14":"product-type-simple"},"_links":{"self":[{"href":"https:\/\/italiansublimefood.com\/de\/wp-json\/wp\/v2\/product\/23480","targetHints":{"allow":["GET"]}}],"collection":[{"href":"https:\/\/italiansublimefood.com\/de\/wp-json\/wp\/v2\/product"}],"about":[{"href":"https:\/\/italiansublimefood.com\/de\/wp-json\/wp\/v2\/types\/product"}],"wp:featuredmedia":[{"embeddable":true,"href":"https:\/\/italiansublimefood.com\/de\/wp-json\/wp\/v2\/media\/23579"}],"wp:attachment":[{"href":"https:\/\/italiansublimefood.com\/de\/wp-json\/wp\/v2\/media?parent=23480"}],"wp:term":[{"taxonomy":"product_brand","embeddable":true,"href":"https:\/\/italiansublimefood.com\/de\/wp-json\/wp\/v2\/product_brand?post=23480"},{"taxonomy":"product_cat","embeddable":true,"href":"https:\/\/italiansublimefood.com\/de\/wp-json\/wp\/v2\/product_cat?post=23480"},{"taxonomy":"product_tag","embeddable":true,"href":"https:\/\/italiansublimefood.com\/de\/wp-json\/wp\/v2\/product_tag?post=23480"}],"curies":[{"name":"wp","href":"https:\/\/api.w.org\/{rel}","templated":true}]}}