{"id":23464,"date":"2024-09-19T13:56:12","date_gmt":"2024-09-19T11:56:12","guid":{"rendered":"https:\/\/italiansublimefood.com\/product\/gruene-olivenpastete-212-ml-nonna-marida\/"},"modified":"2025-05-05T10:03:08","modified_gmt":"2025-05-05T08:03:08","slug":"gruene-olivenpastete-212-ml-nonna-marida","status":"publish","type":"product","link":"https:\/\/italiansublimefood.com\/de\/produkt\/gruene-olivenpastete-212-ml-nonna-marida\/","title":{"rendered":"GR\u00dcNE OLIVENPASTETE 212 ML &#8211; Nonna Marida"},"content":{"rendered":"","protected":false},"excerpt":{"rendered":"<p>&#8211; Trito di Olive Verdi &#8211; Mediterraner Geschmack in jedem Bissen. Willkommen in unserem E-Commerce, wo wir Ihnen unser exklusives Gr\u00fcnes Olivenhack vorstellen, ein Konzentrat mediterranen Geschmacks, das jedes Ihrer Gerichte in ein unvergessliches kulinarisches Erlebnis verwandelt. Dieses mit Sorgfalt und Leidenschaft zubereitete Hackfleisch bietet einen schmackhaften und unverwechselbaren Geschmack, der Ihre kulinarischen Kreationen perfekt bereichert. Wie Sie gehackte gr\u00fcne Oliven streichf\u00e4hig verwenden k\u00f6nnen: Gourmet-Pasta-Sauce: Mischen Sie diese Olivenpaste mit Ihrer Lieblingspasta f\u00fcr eine Gourmet-Sauce, die jedem Gericht eine mediterrane Note verleiht. Bruschette Saporite: Verteilen Sie das Hackfleisch gro\u00dfz\u00fcgig auf getoasteten Brotscheiben, um leckere und unwiderstehliche Bruschette zu kreieren, die den Gaumen direkt ins Herz des Mittelmeers entf\u00fchren. F\u00fcllung f\u00fcr Sandwiches und belegte Brote: Verwenden Sie das Hackfleisch als F\u00fcllung f\u00fcr Sandwiches und belegte Brote f\u00fcr einen Hauch von Frische und authentischem Geschmack. K\u00e4sebeilage: Begleiten Sie Ihren Lieblingsk\u00e4se mit gehackten gr\u00fcnen Oliven f\u00fcr eine Geschmackskombination, die Liebhaber des mediterranen Geschmacks begeistern wird. Salatdressing: Mischen Sie die gehackten Oliven mit nativem Oliven\u00f6l extra und Essig, um ein einzigartiges Salatdressing mit einer frischen und intensiven Note zu kreieren. Warum Sie sich f\u00fcr gehackte gr\u00fcne Oliven entscheiden sollten: Unverwechselbarer Geschmack: Der Geschmack gr\u00fcner Oliven bietet bei jedem Bissen eine Explosion mediterraner Aromen. Vielseitigkeit in der K\u00fcche: Die streichf\u00e4hige Textur des Hackfleischs eignet sich f\u00fcr eine Vielzahl von Gerichten und verleiht jeder Kreation eine besondere Note.         <\/p>\n<p>-Zutaten<strong>:<\/strong> Gr\u00fcne Oliven 85 %, Sonnenblumenkern\u00f6l, natives Oliven\u00f6l extra, Fenchel, Salz. <strong>Herstellungsverfahren:<\/strong> Salzlake, Pasteurisierung. <strong>Allergene:<\/strong> Abwesend. <strong>GVO:<\/strong> Abwesend. <strong>N\u00e4hrwerte (Durchschnittswerte pro 100 g des Produkts): <\/strong>Energiewert 1078 Kj \/ 257 Kcal, Fett 26,5 g, davon ges\u00e4ttigte Fetts\u00e4uren 3,80 g, Kohlenhydrate 0,9 g, davon Zucker 0,8 g, Ballaststoffe 4,2 g, Eiwei\u00df 1,7 g, Salz 2,6 g. <strong>Mikrobiologische Analyse: <\/strong>Anzahl der Mikroorganismen bei 30\u00b0 C<br \/>\n     &lt;  10 KBE\/g, Schimmelpilze  &lt;  10 KBE\/g, Hefen  &lt;  10 KBE\/g, Listeria monocytogenes Abwesend in 25 g, pH  &lt;  4.2 pH-Einheiten, Bestimmung der Wasseraktivit\u00e4t (aw)  &lt;  0,92. <strong>ETICHETTATURA <\/strong>(Rif. Reg UE 1169\/11 e s.m.i): Le etichette apposte sul prodotto all&#8217;atto del confezionamento sono conformi alle normative in vigore. Ogni prodotto riporta in etichetta un numero di lotto. Tutto il sistema di tracciabilit\u00e0 si relaziona alle modalit\u00e0 di produzione fino a risalire alle materie prime ed agli imballaggi (Reg CE 178\/2002 e normative collegate). Vasetto: GL 70 Raccolta Vetro. Capsula: ALU 41 Raccolta Alluminio. Etichetta: PAP 22 Raccolta Carta. Destinazione d\u2019uso: Prodotto per tutti. Idoneo all\u2019alimentazione vegana e vegetariana. Modalit\u00e0 d\u2019uso: Prodotto pronto all\u2019uso. Una volta aperta la confezione, aver cura di mantenere il prodotto ricoperto di olio, conservare in frigo (+2 \u00b0C \/+5 \u00b0C) e consumare entro 3\/4 gg. Modalit\u00e0 di stoccaggio: In luogo fresco e asciutto lontano da fonti di luce e calore. <strong>Shelf life:<\/strong> 24 mesi. Confezione da 212 ml. Peso netto 190 g. Descrizione imballaggio: Vasetti in vetro con capsula a vite. Modalit\u00e0 di trasporto: In regime non refrigerato. <\/p>\n","protected":false},"featured_media":22054,"template":"","meta":[],"product_brand":[],"product_cat":[15],"product_tag":[272],"class_list":{"0":"post-23464","1":"product","2":"type-product","3":"status-publish","4":"has-post-thumbnail","6":"product_cat-salumi-e-carni","7":"product_tag-nonna-marida","9":"first","10":"instock","11":"taxable","12":"shipping-taxable","13":"purchasable","14":"product-type-simple"},"_links":{"self":[{"href":"https:\/\/italiansublimefood.com\/de\/wp-json\/wp\/v2\/product\/23464","targetHints":{"allow":["GET"]}}],"collection":[{"href":"https:\/\/italiansublimefood.com\/de\/wp-json\/wp\/v2\/product"}],"about":[{"href":"https:\/\/italiansublimefood.com\/de\/wp-json\/wp\/v2\/types\/product"}],"wp:featuredmedia":[{"embeddable":true,"href":"https:\/\/italiansublimefood.com\/de\/wp-json\/wp\/v2\/media\/22054"}],"wp:attachment":[{"href":"https:\/\/italiansublimefood.com\/de\/wp-json\/wp\/v2\/media?parent=23464"}],"wp:term":[{"taxonomy":"product_brand","embeddable":true,"href":"https:\/\/italiansublimefood.com\/de\/wp-json\/wp\/v2\/product_brand?post=23464"},{"taxonomy":"product_cat","embeddable":true,"href":"https:\/\/italiansublimefood.com\/de\/wp-json\/wp\/v2\/product_cat?post=23464"},{"taxonomy":"product_tag","embeddable":true,"href":"https:\/\/italiansublimefood.com\/de\/wp-json\/wp\/v2\/product_tag?post=23464"}],"curies":[{"name":"wp","href":"https:\/\/api.w.org\/{rel}","templated":true}]}}