{"id":23462,"date":"2024-09-19T13:53:49","date_gmt":"2024-09-19T11:53:49","guid":{"rendered":"https:\/\/italiansublimefood.com\/product\/schwarze-olivenpastete-212-ml-nonna-marida\/"},"modified":"2025-05-05T10:03:08","modified_gmt":"2025-05-05T08:03:08","slug":"schwarze-olivenpastete-212-ml-nonna-marida","status":"publish","type":"product","link":"https:\/\/italiansublimefood.com\/de\/produkt\/schwarze-olivenpastete-212-ml-nonna-marida\/","title":{"rendered":"SCHWARZE OLIVENPASTETE 212 ML &#8211; Nonna Marida"},"content":{"rendered":"","protected":false},"excerpt":{"rendered":"<p>&#8211; Schwarzes Olivenp\u00fcree &#8211; Mediterrane Intensit\u00e4t in jedem Bissen. Willkommen in unserem E-Commerce, wo wir Ihnen unser Schwarzes Olivenhackfleisch vorstellen, eine authentische mediterrane Delikatesse, die jede Ihrer Mahlzeiten in ein au\u00dfergew\u00f6hnliches Geschmackserlebnis verwandelt. Zubereitet mit hochwertigen schwarzen Oliven, bietet dieses Hackfleisch einen reichen und schmackhaften Geschmack, der Ihre Sinne erfreuen wird. So verwenden Sie gehackte schwarze Oliven als Brotaufstrich: Bruschetta mit reichem Geschmack: Verteilen Sie die gehackten Oliven gro\u00dfz\u00fcgig auf ger\u00f6steten Brotscheiben, um Bruschetta mit reichem Geschmack zu kreieren, die einen intensiven mediterranen Touch haben. Raffiniertes Pasta-Dressing: Mischen Sie das Hackfleisch mit frisch gekochter Pasta f\u00fcr ein raffiniertes Dressing, das ein einfaches Gericht in ein Gourmet-Erlebnis verwandelt. Gourmet-Sandwich-F\u00fcllung: Verwenden Sie das Hackfleisch als F\u00fcllung f\u00fcr Sandwiches und belegte Brote, um Ihrem Mittagessen Tiefe und Intensit\u00e4t zu verleihen. K\u00e4sebeilage: Begleiten Sie Ihren Lieblingsk\u00e4se mit gehackten schwarzen Oliven f\u00fcr eine Geschmackskombination, die selbst die anspruchsvollsten Gaumen zufrieden stellt. Einzigartiges Salatdressing: Mischen Sie die gehackten Oliven mit nativem Oliven\u00f6l extra und Essig, um ein einzigartiges Salatdressing zu kreieren, das jedem Bissen einen Hauch von mediterraner Intensit\u00e4t verleiht. Warum Sie sich f\u00fcr gehackte schwarze Oliven entscheiden sollten: Reichhaltiger und schmackhafter Geschmack: Hochwertige schwarze Oliven verleihen der gehackten Mischung einen reichen und schmackhaften Geschmack, der jedem Gericht eine authentische Note verleiht. Vielseitigkeit in der K\u00fcche: Die streichf\u00e4hige Textur des Hackfleischs eignet sich f\u00fcr eine Vielzahl von Gerichten, von Pasta bis Bruschetta, und verleiht jeder Kreation eine besondere Note.         <\/p>\n<p>-Zutaten<strong>:<\/strong> Schwarze Oliven 90 %, natives Oliven\u00f6l extra, Sonnenblumenkern\u00f6l, Fenchel, Salz. <strong>Herstellungsverfahren:<\/strong> Pasteurisierung. <strong>Allergene:<\/strong> Abwesend. <strong>GVO:<\/strong> Abwesend. <strong>N\u00e4hrwerte (Durchschnittswerte pro 100 g des Produkts): <\/strong>Energiewert 691 Kj \/ 165 Kcal, Fett 16,7 g, davon ges\u00e4ttigte Fetts\u00e4uren 2,4 g, Kohlenhydrate 1,1 g, davon Zucker 1,0 g, Ballaststoffe 3,3 g, Eiwei\u00df 0,9 g, Salz 2,6 g. <strong>Mikrobiologische Analyse: <\/strong>Anzahl der Mikroorganismen bei 30\u00b0 C       &lt;  10 KBE\/g, Schimmelpilze  &lt;  10 KBE\/g, Hefen  &lt;  10 KBE\/g, Listeria monocytogenes Abwesend in 25 g, pH  &lt;  4.2 pH-Einheiten, Bestimmung der Wasseraktivit\u00e4t (aw)  &lt;  0,92. <strong>ETICHETTATURA <\/strong>(Rif. Reg UE 1169\/11 e s.m.i): Le etichette apposte sul prodotto all&#8217;atto del confezionamento sono conformi alle normative in vigore. Ogni prodotto riporta in etichetta un numero di lotto. Tutto il sistema di tracciabilit\u00e0 si relaziona alle modalit\u00e0 di produzione fino a risalire alle materie prime ed agli imballaggi (Reg CE 178\/2002 e normative collegate). Vasetto: GL 70 Raccolta Vetro. Capsula: ALU 41 Raccolta Alluminio. Etichetta: PAP 22 Raccolta Carta. Destinazione d\u2019uso: Prodotto per tutti. Idoneo all\u2019alimentazione vegana e vegetariana. Modalit\u00e0 d\u2019uso: Prodotto pronto all\u2019uso. Una volta aperta la confezione, aver cura di mantenere il prodotto ricoperto di olio, conservare in frigo (+2 \u00b0C \/+5 \u00b0C) e consumare entro 3\/4 gg. Modalit\u00e0 di stoccaggio: In luogo fresco e asciutto lontano da fonti di luce e calore. <strong>Shelf life:<\/strong> 24 mesi. Confezione da 212 ml. Peso netto 190 g. Descrizione imballaggio: Vasetti in vetro con capsula a vite. Modalit\u00e0 di trasporto: In regime non refrigerato.              <\/p>\n","protected":false},"featured_media":22063,"template":"","meta":[],"product_brand":[],"product_cat":[15],"product_tag":[272],"class_list":{"0":"post-23462","1":"product","2":"type-product","3":"status-publish","4":"has-post-thumbnail","6":"product_cat-salumi-e-carni","7":"product_tag-nonna-marida","9":"first","10":"instock","11":"taxable","12":"shipping-taxable","13":"purchasable","14":"product-type-simple"},"_links":{"self":[{"href":"https:\/\/italiansublimefood.com\/de\/wp-json\/wp\/v2\/product\/23462","targetHints":{"allow":["GET"]}}],"collection":[{"href":"https:\/\/italiansublimefood.com\/de\/wp-json\/wp\/v2\/product"}],"about":[{"href":"https:\/\/italiansublimefood.com\/de\/wp-json\/wp\/v2\/types\/product"}],"wp:featuredmedia":[{"embeddable":true,"href":"https:\/\/italiansublimefood.com\/de\/wp-json\/wp\/v2\/media\/22063"}],"wp:attachment":[{"href":"https:\/\/italiansublimefood.com\/de\/wp-json\/wp\/v2\/media?parent=23462"}],"wp:term":[{"taxonomy":"product_brand","embeddable":true,"href":"https:\/\/italiansublimefood.com\/de\/wp-json\/wp\/v2\/product_brand?post=23462"},{"taxonomy":"product_cat","embeddable":true,"href":"https:\/\/italiansublimefood.com\/de\/wp-json\/wp\/v2\/product_cat?post=23462"},{"taxonomy":"product_tag","embeddable":true,"href":"https:\/\/italiansublimefood.com\/de\/wp-json\/wp\/v2\/product_tag?post=23462"}],"curies":[{"name":"wp","href":"https:\/\/api.w.org\/{rel}","templated":true}]}}