{"id":23460,"date":"2024-09-19T13:50:42","date_gmt":"2024-09-19T11:50:42","guid":{"rendered":"https:\/\/italiansublimefood.com\/product\/auberginenpastete-212-ml-nonna-marida\/"},"modified":"2025-05-05T10:03:08","modified_gmt":"2025-05-05T08:03:08","slug":"auberginenpastete-212-ml-nonna-marida","status":"publish","type":"product","link":"https:\/\/italiansublimefood.com\/de\/produkt\/auberginenpastete-212-ml-nonna-marida\/","title":{"rendered":"AUBERGINENPASTETE 212 ML &#8211; Nonna Marida"},"content":{"rendered":"","protected":false},"excerpt":{"rendered":"<p>&#8211; Aubergine Pat\u00e8 &#8211; Eine delikate Erfahrung, die mit Geschmack verbreitet wird. Willkommen in unserem E-Commerce, wo wir Ihnen mit Stolz unsere Aubergine Pat\u00e8 pr\u00e4sentieren, eine feine Kreation, die die Zartheit und den einzigartigen Geschmack dieser Delikatesse zelebriert. Hergestellt aus hochwertigen Auberginen und angereichert mit einem Hauch von Sch\u00e4rfe, ist dieses feine Hackfleisch eine Ode an raffinierte Aromen. Raffinierte Bruschetta: Streichen Sie die Pastete gro\u00dfz\u00fcgig auf ger\u00f6stete Brotscheiben, um raffinierte Bruschetta zu kreieren, bei denen sich die Cremigkeit der Aubergine mit der Knusprigkeit des Brotes verbindet. Elegantes Pasta-Dressing: Mischen Sie die Pasta mit frisch gekochter Pasta f\u00fcr ein elegantes Dressing, das jedes Gericht in ein raffiniertes kulinarisches Erlebnis verwandelt. Gourmet-Sandwich-F\u00fcllung: Verwenden Sie die Pastete als F\u00fcllung f\u00fcr Sandwiches und belegte Brote, um Ihrem Mittagessen einen Hauch von Delikatesse und einzigartigem Geschmack zu verleihen. Kombination mit ausgew\u00e4hlten K\u00e4sesorten: Kombinieren Sie Ihre Lieblingsk\u00e4sesorten mit der Auberginenpastete f\u00fcr eine Geschmackskombination, die auch die anspruchsvollsten Gaumen begeistert. Exklusives Salatdressing: Mischen Sie die Pastete mit nativem Oliven\u00f6l extra und Essig, um ein exklusives Salatdressing zu kreieren, das jedem Bissen einen Hauch von Eleganz verleiht. Warum Auberginenpastete: Zarter und schmackhafter Geschmack: Hochwertige Auberginen verleihen der Pastete einen zarten und schmackhaften Geschmack, der auch die raffiniertesten Gaumen zufrieden stellt. Vielseitigkeit in der K\u00fcche: Die streichf\u00e4hige Konsistenz der Pastete eignet sich f\u00fcr eine Vielzahl von Gerichten, von Pasta bis Bruschetta, und verleiht jeder Kreation eine besondere Note.         <\/p>\n<p><strong>-Zutaten<\/strong> Aubergine 80 %, Sonnenblumenkern\u00f6l, natives Oliven\u00f6l extra, Weinessig, Minze, Oregano, Knoblauch, scharfer gemahlener Chilipfeffer 2 %, Salz. <strong>Herstellungsverfahren: <\/strong>Pasteurisierung. <strong>Allergene:<\/strong> Enth\u00e4lt Sulfite nat\u00fcrlichen Ursprungs. <strong>GVO:<\/strong> Nicht vorhanden. <strong>N\u00e4hrwerte (Durchschnittswerte pro 100 g des Produkts): <\/strong>Energiewert 531 Kj \/ 126,9 Kcal, Fett 11,3 g, davon ges\u00e4ttigte Fetts\u00e4uren 1,4 g, Kohlenhydrate 3 g, davon Zucker 3 g, Ballaststoffe 3,1, Eiwei\u00df 3,4 g, Salz 1 g. <strong>Mikrobiologische Analyse: <\/strong>Anzahl der Mikroorganismen bei 30\u00b0 C       &lt;  10 KBE\/g, Schimmelpilze  &lt;  10 KBE\/g, Hefen  &lt;  10 KBE\/g, Listeria monocytogenes Abwesend in 25 g, pH  &lt;  4.2 pH-Einheiten, Bestimmung der Wasseraktivit\u00e4t (aw)  &lt;  0,92. <strong>ETICHETTATURA <\/strong>(Rif. Reg UE 1169\/11 e s.m.i): Le etichette apposte sul prodotto all&#8217;atto del confezionamento sono conformi alle normative in vigore. Ogni prodotto riporta in etichetta un numero di lotto. Tutto il sistema di tracciabilit\u00e0 si relaziona alle modalit\u00e0 di produzione fino a risalire alle materie prime ed agli imballaggi (Reg CE 178\/2002 e normative collegate). Vasetto: GL 70 Raccolta Vetro. Capsula: ALU 41 Raccolta Alluminio. Etichetta: PAP 22 Raccolta Carta. Destinazione d\u2019uso: Prodotto per tutti. Idoneo all\u2019alimentazione vegana e vegetariana. Modalit\u00e0 d\u2019uso: Prodotto pronto all\u2019uso. Una volta aperta la confezione, aver cura di mantenere il prodotto ricoperto di olio, conservare in frigo (+2 \u00b0C \/+5 \u00b0C) e consumare entro 3\/4 gg. Modalit\u00e0 di stoccaggio: In luogo fresco e asciutto lontano da fonti di luce e calore. <strong>Shelf life:<\/strong> 24 mesi. Confezione da 212 ml. Peso netto 190 g. Descrizione imballaggio: Vasetti in vetro con capsula a vite. Modalit\u00e0 di trasporto: In regime non refrigerato. <\/p>\n","protected":false},"featured_media":22068,"template":"","meta":[],"product_brand":[],"product_cat":[15],"product_tag":[272],"class_list":{"0":"post-23460","1":"product","2":"type-product","3":"status-publish","4":"has-post-thumbnail","6":"product_cat-salumi-e-carni","7":"product_tag-nonna-marida","9":"first","10":"instock","11":"taxable","12":"shipping-taxable","13":"purchasable","14":"product-type-simple"},"_links":{"self":[{"href":"https:\/\/italiansublimefood.com\/de\/wp-json\/wp\/v2\/product\/23460","targetHints":{"allow":["GET"]}}],"collection":[{"href":"https:\/\/italiansublimefood.com\/de\/wp-json\/wp\/v2\/product"}],"about":[{"href":"https:\/\/italiansublimefood.com\/de\/wp-json\/wp\/v2\/types\/product"}],"wp:featuredmedia":[{"embeddable":true,"href":"https:\/\/italiansublimefood.com\/de\/wp-json\/wp\/v2\/media\/22068"}],"wp:attachment":[{"href":"https:\/\/italiansublimefood.com\/de\/wp-json\/wp\/v2\/media?parent=23460"}],"wp:term":[{"taxonomy":"product_brand","embeddable":true,"href":"https:\/\/italiansublimefood.com\/de\/wp-json\/wp\/v2\/product_brand?post=23460"},{"taxonomy":"product_cat","embeddable":true,"href":"https:\/\/italiansublimefood.com\/de\/wp-json\/wp\/v2\/product_cat?post=23460"},{"taxonomy":"product_tag","embeddable":true,"href":"https:\/\/italiansublimefood.com\/de\/wp-json\/wp\/v2\/product_tag?post=23460"}],"curies":[{"name":"wp","href":"https:\/\/api.w.org\/{rel}","templated":true}]}}