{"id":23459,"date":"2024-09-19T14:08:02","date_gmt":"2024-09-19T12:08:02","guid":{"rendered":"https:\/\/italiansublimefood.com\/product\/nduia-212-ml-nonna-marida\/"},"modified":"2025-05-05T10:03:08","modified_gmt":"2025-05-05T08:03:08","slug":"nduia-212-ml-nonna-marida","status":"publish","type":"product","link":"https:\/\/italiansublimefood.com\/de\/produkt\/nduia-212-ml-nonna-marida\/","title":{"rendered":"NDUIA 212 ML &#8211; Nonna Marida"},"content":{"rendered":"","protected":false},"excerpt":{"rendered":"<p>&#8211; Nduja Calabrese Spalmabile &#8211; Mutiger Geschmack in jedem L\u00f6ffel. Willkommen in unserem E-Commerce, wo wir Ihnen &#8216;Nduja Calabrese Spalmabile pr\u00e4sentieren, ein authentisches kulinarisches Meisterwerk direkt aus Kalabrien. Diese typische Salami ist eine Delikatesse, die wegen ihres einzigartigen und kr\u00e4ftigen Geschmacks auf der ganzen Welt beliebt ist. Die &#8216;Nduja ist eine weiche, streichf\u00e4hige Paste aus lokalen roten Chilis und hochwertigem Schweinefleisch, die jeden L\u00f6ffel zu einem unvergesslichen gastronomischen Erlebnis macht. So genie\u00dfen Sie kalabrischen &#8216;Nduja-Aufstrich: Knuspriges Brot und Bruschetta: Streichen Sie &#8216;Nduja gro\u00dfz\u00fcgig auf knusprige Brotscheiben oder Bruschetta, um unwiderstehliche, geschmacksintensive Appetith\u00e4ppchen zu kreieren. Nudelgew\u00fcrz: Mischen Sie &#8216;Nduja mit Ihrer Lieblingspasta f\u00fcr ein Pastagericht, das Geschmack und Intensit\u00e4t freisetzt. Pizzaboden: Verwenden Sie &#8216;Nduja als Boden f\u00fcr Ihre Pizza und verwandeln Sie sie in eine einzigartige kulinarische Kreation. Risotto-W\u00fcrze: Geben Sie &#8216;Nduja bei der Zubereitung von Risottos leicht auf, um dem Gericht einen Hauch von W\u00e4rme und Tiefe zu verleihen. K\u00e4sebegleitung: Kombinieren Sie Ihren Lieblingsk\u00e4se mit &#8216;Nduja f\u00fcr eine Geschmackskombination, die Ihren Gaumen erfreut. Warum sollten Sie &#8216;Nduja Calabrese Spalmabile w\u00e4hlen: K\u00fchnes und einzigartiges Aroma: &#8216;Nduja bietet ein k\u00fchnes und einzigartiges Aroma, eine perfekte Balance zwischen der Sch\u00e4rfe von Chili und der Zartheit von Schweinefleisch. Vielseitigkeit in der K\u00fcche: Die streichf\u00e4hige Textur macht &#8216;Nduja ideal f\u00fcr eine Vielzahl von Gerichten, von Pasta bis Bruschetta, und verleiht jeder Kreation eine besondere Note.          <\/p>\n<p>-Zutaten<strong>:<\/strong> Schweinefett und -fleisch 92 % (Herkunft Italien), natives Oliven\u00f6l extra, Sonnenblumen\u00f6l, Chilipfeffer, Salz. <strong>Herstellungsverfahren<\/strong>: Invasettamento, Pastorizzazione. <strong>Allergene<\/strong>: Keine. <strong>GVO:<\/strong> Abwesend. <strong>N\u00e4hrwerte (Durchschnittswerte pro 100 g des Produkts): <\/strong>Energiewert 2238 Kj \/ 535 Kcal, Fett 54 g, davon ges\u00e4ttigte Fetts\u00e4uren 10 g, Kohlenhydrate 1,13 g, davon Zucker 0,4 g, Ballaststoffe 0 g, Eiwei\u00df 11 g, Salz 3 g. <strong>Mikrobiologische Analyse: <\/strong>Anzahl der Mikroorganismen bei 30\u00b0 C       &lt;  100.000 KBE\/g, Schimmelpilze  &lt;  10 KBE\/g, Hefen  &lt;  10 KBE\/g, Listeria monocytogenes Abwesend in 25 g, pH  &lt;  4.4 pH-Einheiten, Bestimmung der Wasseraktivit\u00e4t (aw)  &lt;  0,92. <strong>ETICHETTATURA <\/strong>(Rif. Reg UE 1169\/11 e s.m.i): Le etichette apposte sul prodotto all&#8217;atto del confezionamento sono conformi alle normative in vigore. Ogni prodotto riporta in etichetta un numero di lotto. Tutto il sistema di tracciabilit\u00e0 si relaziona alle modalit\u00e0 di produzione fino a risalire alle materie prime ed agli imballaggi (Reg CE 178\/2002 e normative collegate). Vasetto: GL 70 Raccolta Vetro. Capsula: ALU 41 Raccolta Alluminio. Etichetta: PAP 22 Raccolta Carta. Destinazione d\u2019uso: Prodotto per tutti. Idoneo all\u2019alimentazione vegana e vegetariana. Modalit\u00e0 d\u2019uso: Prodotto pronto all\u2019uso. Una volta aperta la confezione, aver cura di<br \/>\nmantenere il prodotto ricoperto di olio, conservare in frigo (+2 \u00b0C \/+5 \u00b0C) e consumare entro 3\/4 gg. Modalit\u00e0 di stoccaggio: In luogo fresco e asciutto lontano da fonti di luce e calore.<strong> Shelf life:<\/strong> 24 mesi. Confezione da 212 ml. Peso netto 190 g. Descrizione imballaggio: Vasetti in vetro con capsula a vite. Modalit\u00e0 di trasporto: In regime non refrigerato.              <\/p>\n","protected":false},"featured_media":22027,"template":"","meta":[],"product_brand":[],"product_cat":[15],"product_tag":[272],"class_list":{"0":"post-23459","1":"product","2":"type-product","3":"status-publish","4":"has-post-thumbnail","6":"product_cat-salumi-e-carni","7":"product_tag-nonna-marida","9":"first","10":"instock","11":"taxable","12":"shipping-taxable","13":"purchasable","14":"product-type-simple"},"_links":{"self":[{"href":"https:\/\/italiansublimefood.com\/de\/wp-json\/wp\/v2\/product\/23459","targetHints":{"allow":["GET"]}}],"collection":[{"href":"https:\/\/italiansublimefood.com\/de\/wp-json\/wp\/v2\/product"}],"about":[{"href":"https:\/\/italiansublimefood.com\/de\/wp-json\/wp\/v2\/types\/product"}],"wp:featuredmedia":[{"embeddable":true,"href":"https:\/\/italiansublimefood.com\/de\/wp-json\/wp\/v2\/media\/22027"}],"wp:attachment":[{"href":"https:\/\/italiansublimefood.com\/de\/wp-json\/wp\/v2\/media?parent=23459"}],"wp:term":[{"taxonomy":"product_brand","embeddable":true,"href":"https:\/\/italiansublimefood.com\/de\/wp-json\/wp\/v2\/product_brand?post=23459"},{"taxonomy":"product_cat","embeddable":true,"href":"https:\/\/italiansublimefood.com\/de\/wp-json\/wp\/v2\/product_cat?post=23459"},{"taxonomy":"product_tag","embeddable":true,"href":"https:\/\/italiansublimefood.com\/de\/wp-json\/wp\/v2\/product_tag?post=23459"}],"curies":[{"name":"wp","href":"https:\/\/api.w.org\/{rel}","templated":true}]}}