{"id":23457,"date":"2024-09-19T12:48:03","date_gmt":"2024-09-19T10:48:03","guid":{"rendered":"https:\/\/italiansublimefood.com\/product\/artischockenherz-314-ml-nonna-marida\/"},"modified":"2025-05-05T10:03:08","modified_gmt":"2025-05-05T08:03:08","slug":"artischockenherz-314-ml-nonna-marida","status":"publish","type":"product","link":"https:\/\/italiansublimefood.com\/de\/produkt\/artischockenherz-314-ml-nonna-marida\/","title":{"rendered":"ARTISCHOCKENHERZ 314 ML &#8211; Nonna Marida"},"content":{"rendered":"","protected":false},"excerpt":{"rendered":"<p>&#8211; Eingemachte Artischocken in \u00d6l &#8211; Delikatesse und Geschmack in jedem Bissen. Willkommen in unserem E-Commerce, wo wir Ihnen unsere ganze Artischocke in \u00d6l pr\u00e4sentieren, eine authentische gastronomische Kostbarkeit in kleinen bis mittleren Gr\u00f6\u00dfen, die Ihre Vorspeisen aufwertet oder eine k\u00f6stliche Beilage darstellt. Diese kleinen Kostbarkeiten fangen den authentischen Geschmack von Artischocken ein und bieten Ihnen ein kulinarisches Erlebnis voller Delikatesse und Geschmack. Hauptmerkmale: Mittelklein: Unsere mittelgro\u00dfen Artischocken bieten eine zarte Textur und einen konzentrierten Geschmack, der jeden Bissen zu einem angenehmen Erlebnis macht. Hohe Qualit\u00e4t in \u00d6l konserviert: Durch das Einlegen in hochwertiges \u00d6l behalten die Artischocken ihre Frische und werden mit einer exklusiven Geschmacksnote angereichert, wodurch eine perfekte Kombination aus Geschmack und Delikatesse entsteht. Vielseitigkeit in der K\u00fcche: Die Carciofini Sottolio eignen sich perfekt zum Verfeinern von Vorspeisen oder als Beilage. Sie k\u00f6nnen f\u00fcr eine Vielzahl von kulinarischen Zubereitungen verwendet werden und verleihen jedem Gericht einen Hauch von Raffinesse. Warum Sie sich f\u00fcr Artischocken in \u00d6l entscheiden sollten: Authentischer Ausdruck der Artischocke: Wir fangen den authentischen Geschmack der Artischocke in jeder Artischocke ein und bieten Ihnen ein Produkt, das die wahre Essenz dieses Gem\u00fcses zum Ausdruck bringt. Kreative Vielseitigkeit: Dank ihrer Vielseitigkeit sind Artischocken in \u00d6l ein Schl\u00fcsselelement, das Ihre kulinarische Kreativit\u00e4t anregt und jedem Gericht eine Gourmet-Note verleiht.       <\/p>\n<p><strong>-Zutaten: <\/strong>Artischockenherz 74%, Sonnenblumenkern\u00f6l 20%, Natives Oliven\u00f6l Extra 6%, Weinessig, Minze, Oregano, Salz, Zitronens\u00e4urer\u00fcckst\u00e4nde. <strong> Herstellungsmethode: <\/strong>S\u00e4uerung bei pH   &lt;  4.5, Pasteurisierung. <strong>Allergene:<\/strong> Enth\u00e4lt Sulfite. <strong>GVO: <\/strong>Nicht vorhanden. <strong>N\u00e4hrwerte (Durchschnittswerte pro 100 g des Produkts):<\/strong> Energiewert 1306,8 Kj \/ 312,3 Kcal, Fett 28,5 g (davon ges\u00e4ttigte Fetts\u00e4uren 4,0 g), Kohlenhydrate 6,7 g (davon Zucker 5,1 g), Ballaststoffe 5,7 g, Eiwei\u00df 7,3 g, Salz 1 g. <strong>Mikrobiologische Analyse:<\/strong> Anzahl der Mikroorganismen bei 30\u00b0 C      &lt;10 KBE\/g, Schimmelpilze  &lt;  10 KBE\/g, Hefen  &lt;  10 KBE\/g. &lt; L <strong>isteria monocytogenes: <\/strong>Nicht vorhanden in 25 g. pH 4,1 pH-Einheiten. &lt; Bestimmung der Wasseraktivit\u00e4t (aw) 0,92. <strong>ETIKETTIERUNG<\/strong> (Ref. EU Reg. 1169\/11 in der ge\u00e4nderten Fassung): Die Etiketten, die zum Zeitpunkt der Verpackung auf dem Produkt angebracht sind, entsprechen den geltenden Vorschriften. Jedes Produkt tr\u00e4gt eine Losnummer auf dem Etikett, die auch auf dem Transportdokument wiederholt wird. Das gesamte System der R\u00fcckverfolgbarkeit bezieht sich auf die Produktionsmethoden bis hin zu den Rohstoffen und der Verpackung. (EG-Verordnung 178\/2002 und damit verbundene Verordnungen) GL 70 Jar GLASS Collection. ALU 41 Aluminium Sammlung. Etikett PAP 22 Papierkollektion. Produkt f\u00fcr jedermann. Geeignet f\u00fcr vegane und vegetarische Ern\u00e4hrung. Gebrauchsfertiges Produkt. Nach dem \u00d6ffnen der Packung das Produkt mit \u00d6l bedeckt im K\u00fchlschrank (+2 \u00b0C \/+5 \u00b0C) aufbewahren und innerhalb von 4-5 Tagen verbrauchen. Lagerung: An einem k\u00fchlen, trockenen Ort, fern von Licht und W\u00e4rmequellen. <strong>Haltbarkeitsdauer<\/strong> 24 Monate. Verpackung 314 ml. Nettogewicht 270 g. Verpackungsbeschreibung: Glasgef\u00e4\u00dfe mit Schraubverschluss. Transportart: Nicht gek\u00fchlt.                <\/p>\n","protected":false},"featured_media":22102,"template":"","meta":[],"product_brand":[],"product_cat":[15],"product_tag":[272],"class_list":{"0":"post-23457","1":"product","2":"type-product","3":"status-publish","4":"has-post-thumbnail","6":"product_cat-salumi-e-carni","7":"product_tag-nonna-marida","9":"first","10":"instock","11":"taxable","12":"shipping-taxable","13":"purchasable","14":"product-type-simple"},"_links":{"self":[{"href":"https:\/\/italiansublimefood.com\/de\/wp-json\/wp\/v2\/product\/23457","targetHints":{"allow":["GET"]}}],"collection":[{"href":"https:\/\/italiansublimefood.com\/de\/wp-json\/wp\/v2\/product"}],"about":[{"href":"https:\/\/italiansublimefood.com\/de\/wp-json\/wp\/v2\/types\/product"}],"wp:featuredmedia":[{"embeddable":true,"href":"https:\/\/italiansublimefood.com\/de\/wp-json\/wp\/v2\/media\/22102"}],"wp:attachment":[{"href":"https:\/\/italiansublimefood.com\/de\/wp-json\/wp\/v2\/media?parent=23457"}],"wp:term":[{"taxonomy":"product_brand","embeddable":true,"href":"https:\/\/italiansublimefood.com\/de\/wp-json\/wp\/v2\/product_brand?post=23457"},{"taxonomy":"product_cat","embeddable":true,"href":"https:\/\/italiansublimefood.com\/de\/wp-json\/wp\/v2\/product_cat?post=23457"},{"taxonomy":"product_tag","embeddable":true,"href":"https:\/\/italiansublimefood.com\/de\/wp-json\/wp\/v2\/product_tag?post=23457"}],"curies":[{"name":"wp","href":"https:\/\/api.w.org\/{rel}","templated":true}]}}