{"id":23456,"date":"2024-09-19T13:46:56","date_gmt":"2024-09-19T11:46:56","guid":{"rendered":"https:\/\/italiansublimefood.com\/product\/artischockenpastete-212-ml-nonna-marida\/"},"modified":"2025-05-05T10:03:08","modified_gmt":"2025-05-05T08:03:08","slug":"artischockenpastete-212-ml-nonna-marida","status":"publish","type":"product","link":"https:\/\/italiansublimefood.com\/de\/produkt\/artischockenpastete-212-ml-nonna-marida\/","title":{"rendered":"ARTISCHOCKENPASTETE 212 ML &#8211; Nonna Marida"},"content":{"rendered":"","protected":false},"excerpt":{"rendered":"<p>&#8211; Artischockenpastete &#8211; Zart und schmackhaft, eine Geschmacksexplosion zum kreativen Bestreichen. Willkommen in unserem E-Commerce, wo wir Ihnen mit Begeisterung unsere exklusive Artischockenpastete vorstellen, ein feines Hackfleisch mit delikatem und schmackhaftem Geschmack, das eine Explosion der Aromen auf Ihren Tisch zaubert. Diese Pastete eignet sich ideal zum Bestreichen von Bruschetta oder zum Verfeinern von Vorspeisen und bietet unendlich viele kreative M\u00f6glichkeiten in der K\u00fcche. Verwendung der Artischockenpastete als Brotaufstrich: Elegante Bruschetta: Streichen Sie die Pastete gro\u00dfz\u00fcgig auf ger\u00f6stete Brotscheiben, um elegante Bruschetta zu kreieren, bei denen sich die Zartheit der Artischocken mit der Knusprigkeit des Brotes verbindet. Raffinierte Vorspeisen: Verwenden Sie die Pastete zum Verfeinern von Vorspeisen, um raffinierte und schmackhafte Gerichte zu kreieren, die den Gaumen Ihrer G\u00e4ste erfreuen werden. W\u00fcrze f\u00fcr Fleisch: F\u00fcgen Sie die Artischockenpastete als Gew\u00fcrz hinzu, um den Geschmack von Fleischgerichten zu intensivieren und ihnen einen Hauch von Kreativit\u00e4t und Originalit\u00e4t zu verleihen. Gourmet-Sandwich-F\u00fcllung: Streichen Sie die Pastete auf Sandwiches, um eine unwiderstehliche Gourmet-F\u00fcllung zu schaffen, die ein einfaches Sandwich in eine Delikatesse verwandelt. Kombination mit ausgew\u00e4hlten K\u00e4sesorten: Kombinieren Sie ausgew\u00e4hlte K\u00e4sesorten mit Artischockenpastete f\u00fcr eine Geschmackskombination, die selbst die anspruchsvollsten Gaumen erfreut. Warum Sie sich f\u00fcr Artischockenpastete entscheiden sollten: Delikater Geschmack: Die Artischocken verleihen der Pastete einen delikaten Geschmack, ideal f\u00fcr diejenigen, die eine raffinierte Note suchen, ohne die Intensit\u00e4t des Geschmacks zu beeintr\u00e4chtigen. Kulinarische Vielseitigkeit: Die streichf\u00e4hige Konsistenz der Pastete eignet sich f\u00fcr eine Vielzahl von Zubereitungen, von Vorspeisen bis hin zu Hauptspeisen-Dressings.         <\/p>\n<p>-Zutaten<strong>:<\/strong> Artischocken 80%, Sonnenblumen\u00f6l 15%, natives Oliven\u00f6l extra 5%, Weinessig, schwarzer Pfeffer, wei\u00dfer Pfeffer, Oregano, Knoblauch, Salz, R\u00fcckst\u00e4nde von Zitronens\u00e4ure. <strong>Herstellungsverfahren:<\/strong> Pasteurisierung. <strong>Allergene:<\/strong> Enth\u00e4lt Sulfite. <strong>GVO:<\/strong> Nicht vorhanden. <strong>N\u00e4hrwerte (Durchschnittswerte pro 100 g des Produkts): <\/strong>Energiewert 690,9 Kj \/ 165,2 Kcal, Fett 10,6 g, davon ges\u00e4ttigte Fetts\u00e4uren 1,4 g, Kohlenhydrate 8,4 g, davon Zucker 6,4 g, Ballaststoffe 7,1 g, Eiwei\u00df 9,0 g, Salz 1,0 g. <strong>Mikrobiologische Analyse: <\/strong>Anzahl der Mikroorganismen bei 30\u00b0 C       &lt;  10 KBE\/g, Schimmelpilze  &lt;  10 KBE\/g, Hefen  &lt;  10 KBE\/g, Listeria monocytogenes Abwesend in 25 g, pH  &lt;  4.2 pH-Einheiten, Bestimmung der Wasseraktivit\u00e4t (aw)  &lt;  0.92. <strong>ETICHETTATURA <\/strong>(Rif. Reg UE 1169\/11 e s.m.i): Le etichette apposte sul prodotto all&#8217;atto del confezionamento sono conformi alle normative in vigore. Ogni prodotto riporta in etichetta un numero di lotto. Tutto il sistema di tracciabilit\u00e0 si relaziona alle modalit\u00e0 di produzione fino a risalire alle materie prime ed agli imballaggi (Reg CE 178\/2002 e normative collegate). Vasetto: GL 70 Raccolta Vetro. Capsula: ALU 41 Raccolta Alluminio. Etichetta: PAP 22 Raccolta Carta. Destinazione d\u2019uso: Prodotto per tutti. Idoneo all\u2019alimentazione vegana e vegetariana. Modalit\u00e0 d\u2019uso Prodotto pronto all\u2019uso. Una volta aperta la confezione, aver cura di mantenere il prodotto ricoperto di olio, conservare in frigo (+2 \u00b0C \/+5 \u00b0C) e consumare entro 3\/4 gg. Modalit\u00e0 di stoccaggio: In luogo fresco e asciutto lontano da fonti di luce e calore. <strong>Shelf life:<\/strong> 24 mesi. Confezione da 212 ml. Peso netto 190 g. Descrizione imballaggio: Vasetti in vetro con capsula a vite. Modalit\u00e0 di trasporto: In regime non refrigerato.              <\/p>\n","protected":false},"featured_media":22108,"template":"","meta":[],"product_brand":[],"product_cat":[15],"product_tag":[272],"class_list":{"0":"post-23456","1":"product","2":"type-product","3":"status-publish","4":"has-post-thumbnail","6":"product_cat-salumi-e-carni","7":"product_tag-nonna-marida","9":"first","10":"instock","11":"taxable","12":"shipping-taxable","13":"purchasable","14":"product-type-simple"},"_links":{"self":[{"href":"https:\/\/italiansublimefood.com\/de\/wp-json\/wp\/v2\/product\/23456","targetHints":{"allow":["GET"]}}],"collection":[{"href":"https:\/\/italiansublimefood.com\/de\/wp-json\/wp\/v2\/product"}],"about":[{"href":"https:\/\/italiansublimefood.com\/de\/wp-json\/wp\/v2\/types\/product"}],"wp:featuredmedia":[{"embeddable":true,"href":"https:\/\/italiansublimefood.com\/de\/wp-json\/wp\/v2\/media\/22108"}],"wp:attachment":[{"href":"https:\/\/italiansublimefood.com\/de\/wp-json\/wp\/v2\/media?parent=23456"}],"wp:term":[{"taxonomy":"product_brand","embeddable":true,"href":"https:\/\/italiansublimefood.com\/de\/wp-json\/wp\/v2\/product_brand?post=23456"},{"taxonomy":"product_cat","embeddable":true,"href":"https:\/\/italiansublimefood.com\/de\/wp-json\/wp\/v2\/product_cat?post=23456"},{"taxonomy":"product_tag","embeddable":true,"href":"https:\/\/italiansublimefood.com\/de\/wp-json\/wp\/v2\/product_tag?post=23456"}],"curies":[{"name":"wp","href":"https:\/\/api.w.org\/{rel}","templated":true}]}}