{"id":23452,"date":"2024-09-19T13:34:11","date_gmt":"2024-09-19T11:34:11","guid":{"rendered":"https:\/\/italiansublimefood.com\/product\/ruebenkoepfe-314-ml-nonna-marida\/"},"modified":"2025-05-05T10:03:08","modified_gmt":"2025-05-05T08:03:08","slug":"ruebenkoepfe-314-ml-nonna-marida","status":"publish","type":"product","link":"https:\/\/italiansublimefood.com\/de\/produkt\/ruebenkoepfe-314-ml-nonna-marida\/","title":{"rendered":"R\u00dcBENK\u00d6PFE 314 ML &#8211; Nonna Marida"},"content":{"rendered":"","protected":false},"excerpt":{"rendered":"<p>&#8211; Cime di Rapa Sott&#8217;olio &#8211; Authentizit\u00e4t und Geschmack der kalabrischen Tradition. Mit Stolz pr\u00e4sentieren wir Ihnen unser Sott&#8217;olio di Cime di Rapa, ein rein einheimisches Produkt, das die Einfachheit und die alten Geheimnisse der kulinarischen Tradition Kalabriens verk\u00f6rpert. Mit seinem einzigartigen und originellen Geschmack ist dieses eingelegte \u00d6l eine Hommage an den gastronomischen Reichtum des kalabrischen Landes. Besonderheiten der \u00d6lkonserve aus Steckr\u00fcben: Sorgf\u00e4ltige Auswahl der Rohstoffe: Die f\u00fcr die Zubereitung verwendeten Steckr\u00fcben werden sorgf\u00e4ltig ausgew\u00e4hlt, um Frische und Qualit\u00e4t zu gew\u00e4hrleisten und ihren charakteristischen Geschmack maximal zu bewahren. Traditionelle Zubereitungsmethoden: Wir halten uns peinlich genau an die traditionellen Zubereitungsmethoden, um die Authentizit\u00e4t der kalabrischen K\u00fcche zu bewahren und das reiche gastronomische Erbe der Region zu respektieren. Einzigartiger und origineller Geschmack: Jeder Geschmack dieses Sott&#8217;olio bietet eine harmonische Kombination von Aromen, die die Authentizit\u00e4t der Kohlrabi und die Beherrschung der kulinarischen Tradition Kalabriens widerspiegeln. Verwendung von Kohlrabi in \u00d6l: Raffinierte Vorspeise: Servieren Sie Kohlrabi in \u00d6l als Vorspeise und bereichern Sie Ihren Tisch mit authentischen und einladenden Aromen. K\u00f6stliche Beilage: Begleiten Sie Ihre Hauptgerichte mit Kohlrabi in \u00d6l, um eine reichhaltige und s\u00e4ttigende Beilage zu erhalten. Bruschette Gourmet: Verwenden Sie Kohlrabi in \u00d6l als Belag f\u00fcr Bruschettas und bringen Sie die Frische der kalabrischen Region in jeden Bissen. Warum Sie sich f\u00fcr Steckr\u00fcben in \u00d6l entscheiden: Bewahrte Tradition: Mit jedem Glas bewahren und sch\u00e4tzen Sie die kulinarische Tradition Kalabriens, die Generationen zur\u00fcckreicht. Authentischer Geschmack: Das sott&#8217;olio bietet einen authentischen Geschmack, der Sie direkt in das reiche Land der R\u00fcbenbl\u00e4tter versetzt.          <\/p>\n<p><strong>-Zutaten:<\/strong> Kohlrabi 80 %, Sonnenblumenkern\u00f6l 14 %, Natives Oliven\u00f6l Extra 4 %, gemahlene scharfe Chilischote, Weinessig, Knoblauch, Salz. <strong>Herstellungsmethode:<\/strong> S\u00e4uerung bei pH   &lt;  4.5, Pasteurisierung. <strong> Allergen: <\/strong>Enth\u00e4lt Sulfite. <strong> GVO:<\/strong> Nicht vorhanden. <strong>N\u00e4hrwerte (Durchschnittswerte pro 100 g des Produkts):<\/strong> Energiewert 2111 Kj \/ 510 Kcal Fett 5 g (davon ges\u00e4ttigte Fetts\u00e4uren 0 g), Kohlenhydrate 0,5 g (davon Zucker 0,5 g), Ballaststoffe 0,7 g, Eiwei\u00df 1,1 g, Salz 0,4 g. <strong>Mikrobiologische Analyse: <\/strong>Anzahl der Mikroorganismen bei 30\u00b0 C      &lt;  10 KBE\/g, Schimmelpilze  &lt;  10 KBE\/g, Hefen  &lt;  10 KBE\/g. &lt; L <strong> isteria monocytogenes:<\/strong> Nicht vorhanden in 25 g. pH 3,5 pH-Einheiten. &lt; Bestimmung der Wasseraktivit\u00e4t (aw) 0,92. <strong>ETIKETTIERUNG<\/strong> (Ref. EU Reg. 1169\/11 in der ge\u00e4nderten Fassung): Die Etiketten, die zum Zeitpunkt der Verpackung auf dem Produkt angebracht sind, entsprechen den geltenden Vorschriften. Jedes Produkt ist mit einer Chargennummer gekennzeichnet. Das gesamte System der R\u00fcckverfolgbarkeit bezieht sich auf die Produktionsmethoden bis hin zu den Rohstoffen und der Verpackung. (EG-Verordnung 178\/2002 und verwandte Verordnungen) GL 70 Jar GL 70 Collection GLASS. ALU 41 Aluminium Sammlung. Etikett PAP 22 Papier-Sammlung. Produkt f\u00fcr jedermann. Geeignet f\u00fcr vegane und vegetarische Ern\u00e4hrung. Gebrauchsfertiges Produkt. Nach dem \u00d6ffnen der Packung das Produkt mit \u00d6l bedeckt im K\u00fchlschrank (+2 \u00b0C \/+5 \u00b0C) aufbewahren und innerhalb von 3\/4 Tagen verbrauchen. Lagerung: An einem k\u00fchlen, trockenen Ort, fern von Licht und W\u00e4rmequellen. <strong>Haltbarkeitsdauer<\/strong> 24 Monate. Verpackung 314 ml. Nettogewicht 270 g. Verpackungsbeschreibung: Glasbeh\u00e4lter mit Schraubverschluss.               <\/p>\n","protected":false},"featured_media":22128,"template":"","meta":[],"product_brand":[],"product_cat":[15],"product_tag":[272],"class_list":{"0":"post-23452","1":"product","2":"type-product","3":"status-publish","4":"has-post-thumbnail","6":"product_cat-salumi-e-carni","7":"product_tag-nonna-marida","9":"first","10":"instock","11":"taxable","12":"shipping-taxable","13":"purchasable","14":"product-type-simple"},"_links":{"self":[{"href":"https:\/\/italiansublimefood.com\/de\/wp-json\/wp\/v2\/product\/23452","targetHints":{"allow":["GET"]}}],"collection":[{"href":"https:\/\/italiansublimefood.com\/de\/wp-json\/wp\/v2\/product"}],"about":[{"href":"https:\/\/italiansublimefood.com\/de\/wp-json\/wp\/v2\/types\/product"}],"wp:featuredmedia":[{"embeddable":true,"href":"https:\/\/italiansublimefood.com\/de\/wp-json\/wp\/v2\/media\/22128"}],"wp:attachment":[{"href":"https:\/\/italiansublimefood.com\/de\/wp-json\/wp\/v2\/media?parent=23452"}],"wp:term":[{"taxonomy":"product_brand","embeddable":true,"href":"https:\/\/italiansublimefood.com\/de\/wp-json\/wp\/v2\/product_brand?post=23452"},{"taxonomy":"product_cat","embeddable":true,"href":"https:\/\/italiansublimefood.com\/de\/wp-json\/wp\/v2\/product_cat?post=23452"},{"taxonomy":"product_tag","embeddable":true,"href":"https:\/\/italiansublimefood.com\/de\/wp-json\/wp\/v2\/product_tag?post=23452"}],"curies":[{"name":"wp","href":"https:\/\/api.w.org\/{rel}","templated":true}]}}