{"id":23370,"date":"2024-09-19T16:41:17","date_gmt":"2024-09-19T14:41:17","guid":{"rendered":"https:\/\/italiansublimefood.com\/product\/suesser-spizzichino-212-ml-nonna-marida\/"},"modified":"2025-05-05T10:03:04","modified_gmt":"2025-05-05T08:03:04","slug":"suesser-spizzichino-212-ml-nonna-marida","status":"publish","type":"product","link":"https:\/\/italiansublimefood.com\/de\/produkt\/suesser-spizzichino-212-ml-nonna-marida\/","title":{"rendered":"S\u00dcSSER SPIZZICHINO 212 ML &#8211; Nonna Marida"},"content":{"rendered":"","protected":false},"excerpt":{"rendered":"<p>&#8211; Champignons und Sweet Chili Pilze in \u00d6l &#8211; Die perfekte Kombination aus Geschmack und Delikatesse. Willkommen in unserem E-Commerce, wo wir Ihnen unsere d\u00fcnn geschnittenen Rosita-Pilze und Sweet Chili Sottolio pr\u00e4sentieren, eine harmonische Fusion von intensiven und echten Gartenaromen, begleitet von einem zarten Hauch von Sweet Chili. Dieses Produkt ist f\u00fcr all diejenigen gedacht, die ihre Gerichte mit einem kr\u00e4ftigen Geschmack bereichern m\u00f6chten, aber gleichzeitig feinere Aromen zu sch\u00e4tzen wissen. Wichtigste Eigenschaften: D\u00fcnn geschnittene Rosita-Pilze: Pr\u00e4zise gehackte Rosita-Pilze bieten einen kr\u00e4ftigen Geschmack, der sich wunderbar mit den echten Aromen des Gartens vermischt und eine Symphonie einzigartiger Aromen schafft. Begleitet von s\u00fc\u00dfem Chili: Der sorgf\u00e4ltig dosierte s\u00fc\u00dfe Chili verleiht dem Hackfleisch eine delikate Note, perfekt f\u00fcr alle, die eine sanftere Sch\u00e4rfe suchen, ohne auf Geschmack zu verzichten. Vielseitige Verwendung in der K\u00fcche: Dieser gehackte Pilz in \u00d6l kann in jedem Gericht verwendet werden und verleiht gew\u00f6hnlichen Speisen mehr Geschmack und Farbe und macht jede Zubereitung zu einem au\u00dfergew\u00f6hnlichen kulinarischen Erlebnis. Warum Sie sich f\u00fcr Gehackte Champignons und Sweet Chili in \u00d6l entscheiden sollten: Fusion von intensiven und delikaten Aromen: Die Kombination aus Rositi-Pilzen und s\u00fc\u00dfem Chili schafft ein perfektes Gleichgewicht aus intensiven Aromen und Zartheit und bietet ein einzigartiges kulinarisches Erlebnis. Verfeinert jedes Gericht: Geben Sie diese gehackten Pilze in \u00d6l zu Pasta, Risotto, Salaten, Fleisch oder Fisch, um jedes Gericht mit einem Hauch von Authentizit\u00e4t und Frische zu verfeinern.       <\/p>\n<p><strong>-Zutaten: <\/strong>Paprika 69 %, Sonnenblumen\u00f6l 18 %, Rositi-Pilze (Lactarius deliciosus) 2 %, Auberginen, getrocknete Tomaten, Artischocken, gr\u00fcne Oliven, natives Oliven\u00f6l extra, Weinessig, Oregano, Minze, Knoblauch, Salz. <strong>Herstellungsverfahren:<\/strong> S\u00e4uerung bei pH   &lt;  4.5, Pasteurisierung. <strong>Allergen:<\/strong> Enth\u00e4lt Sulfite. <strong>GVO: <\/strong>Nicht vorhanden. <strong>N\u00e4hrwerte (Durchschnittswerte pro 100 g des Produkts): <\/strong>Energiewert 1190,2 Kj \/ 284,5 Kcal, Fett 28,5 g (davon ges\u00e4ttigte Fetts\u00e4uren 4,0 g), Kohlenhydrate 3,8 g (davon Zucker 3 g), Ballaststoffe 2,2 g, Eiwei\u00df 3,2 g, Salz 1 g. <strong>Mikrobiologische Analyse<\/strong> Anzahl der Mikroorganismen bei 30\u00b0 C      &lt;  10 KBE\/g, Schimmelpilze  &lt;  10 KBE\/g, Hefen  &lt;  10 KBE\/g. &lt; L <strong>isteria monocytogenes: <\/strong>Nicht vorhanden in 25 g. pH 3,9 pH-Einheiten. <strong>ETIKETTIERUNG<\/strong> (Ref. EU Reg. 1169\/11 in der ge\u00e4nderten Fassung): Die Etiketten, die zum Zeitpunkt der Verpackung auf dem Produkt angebracht sind, entsprechen den geltenden Vorschriften. Jedes Produkt ist mit einer Chargennummer gekennzeichnet. Das gesamte System der R\u00fcckverfolgbarkeit bezieht sich auf die Produktionsmethoden bis hin zu den Rohstoffen und der Verpackung. (EG-Verordnung 178\/2002 und damit verbundene Verordnungen) GL 70 Jar Glass Collection. ALU 41 Aluminium Sammlung. Etikett PAP 22 Papiersammlung. Produkte f\u00fcr jedermann. Geeignet f\u00fcr vegane und vegetarische Ern\u00e4hrung. Gebrauchsfertiges Produkt. Nach dem \u00d6ffnen der Packung das Produkt mit \u00d6l bedeckt im K\u00fchlschrank (+2 \u00b0C \/+5 \u00b0C) aufbewahren und innerhalb von 3\/4 Tagen verbrauchen. Bewahren Sie es an einem k\u00fchlen, trockenen Ort auf, fern von Licht und W\u00e4rmequellen.<strong> Lagerf\u00e4higkeit<\/strong> 24 Monate. Packung mit 212 ml. Nettogewicht 190 g. Verpackungsbeschreibung: Glasgef\u00e4\u00dfe mit Schraubverschluss. Transportart: Ungek\u00fchlt.                <\/p>\n","protected":false},"featured_media":22003,"template":"","meta":[],"product_brand":[],"product_cat":[15],"product_tag":[272],"class_list":{"0":"post-23370","1":"product","2":"type-product","3":"status-publish","4":"has-post-thumbnail","6":"product_cat-salumi-e-carni","7":"product_tag-nonna-marida","9":"first","10":"instock","11":"taxable","12":"shipping-taxable","13":"purchasable","14":"product-type-simple"},"_links":{"self":[{"href":"https:\/\/italiansublimefood.com\/de\/wp-json\/wp\/v2\/product\/23370","targetHints":{"allow":["GET"]}}],"collection":[{"href":"https:\/\/italiansublimefood.com\/de\/wp-json\/wp\/v2\/product"}],"about":[{"href":"https:\/\/italiansublimefood.com\/de\/wp-json\/wp\/v2\/types\/product"}],"wp:featuredmedia":[{"embeddable":true,"href":"https:\/\/italiansublimefood.com\/de\/wp-json\/wp\/v2\/media\/22003"}],"wp:attachment":[{"href":"https:\/\/italiansublimefood.com\/de\/wp-json\/wp\/v2\/media?parent=23370"}],"wp:term":[{"taxonomy":"product_brand","embeddable":true,"href":"https:\/\/italiansublimefood.com\/de\/wp-json\/wp\/v2\/product_brand?post=23370"},{"taxonomy":"product_cat","embeddable":true,"href":"https:\/\/italiansublimefood.com\/de\/wp-json\/wp\/v2\/product_cat?post=23370"},{"taxonomy":"product_tag","embeddable":true,"href":"https:\/\/italiansublimefood.com\/de\/wp-json\/wp\/v2\/product_tag?post=23370"}],"curies":[{"name":"wp","href":"https:\/\/api.w.org\/{rel}","templated":true}]}}