{"id":23368,"date":"2024-09-19T16:34:18","date_gmt":"2024-09-19T14:34:18","guid":{"rendered":"https:\/\/italiansublimefood.com\/product\/carciofi-heart-212ml-nonna-marida\/"},"modified":"2025-05-05T10:03:04","modified_gmt":"2025-05-05T08:03:04","slug":"artischockenherzen-212ml-nonna-marida","status":"publish","type":"product","link":"https:\/\/italiansublimefood.com\/de\/produkt\/artischockenherzen-212ml-nonna-marida\/","title":{"rendered":"Artischockenherzen 212ml &#8211; Nonna Marida"},"content":{"rendered":"","protected":false},"excerpt":{"rendered":"<p>Nonna Marida- Entdecken Sie den authentischen Geschmack der traditionellen italienischen K\u00fcche mit unserem Cuore di Carciofi, der mit handwerklicher Sorgfalt in einem Familienbetrieb hergestellt wird. Jedes 314ml-Glas enth\u00e4lt die Essenz der besten Artischocken, die sorgf\u00e4ltig ausgew\u00e4hlt und liebevoll nach alten, von Generation zu Generation weitergegebenen Rezepten verarbeitet werden. Nonna Marida Besondere Merkmale von Cuore di Carciofi von : Strenge Auswahl der Zutaten: Wir verwenden nur die frischesten und hochwertigsten Artischocken, die sorgf\u00e4ltig in den fruchtbaren B\u00f6den Italiens angebaut werden, um einen authentischen und unverf\u00e4lschten Geschmack zu garantieren.   Handwerkliche Verarbeitung: Jeder Schritt des Herstellungsprozesses wird mit Leidenschaft und Hingabe von Hand ausgef\u00fchrt, so dass die ern\u00e4hrungsphysiologischen Eigenschaften und der nat\u00fcrliche Geschmack der Artischocken intakt bleiben. Schonende Lagerung: Artischockenherzen werden sorgf\u00e4ltig gewaschen, geschnitten und in einem Glasbeh\u00e4lter verpackt, um ihre Frische und knusprige Textur zu bewahren. Nonna Marida Vielseitigkeit in der K\u00fcche: Dank ihrer Vielseitigkeit sind Artischockenherzen von die perfekte Zutat, um Salate, Vorspeisen, Nudelgerichte und mehr zu bereichern und jeder Zubereitung einen Hauch von raffiniertem Geschmack zu verleihen. Authentischer und nat\u00fcrlicher Geschmack: Mit unserem Cuore di Carciofi k\u00f6nnen Sie den authentischen und unverf\u00e4lschten Geschmack echter italienischer Artischocken genie\u00dfen, ohne Konservierungsstoffe oder k\u00fcnstliche Zusatzstoffe. Nonna MaridaEntdecken Sie den Genuss der traditionellen italienischen K\u00fcche mit Cuore di Carciofi von . Eine einzigartige kulinarische Erfahrung, reich an Geschmack und Authentizit\u00e4t, die Sie mit Familie und Freunden teilen k\u00f6nnen. Genie\u00dfen Sie!  <\/p>\n","protected":false},"featured_media":22018,"template":"","meta":[],"product_brand":[],"product_cat":[15],"product_tag":[272],"class_list":{"0":"post-23368","1":"product","2":"type-product","3":"status-publish","4":"has-post-thumbnail","6":"product_cat-salumi-e-carni","7":"product_tag-nonna-marida","9":"first","10":"instock","11":"taxable","12":"shipping-taxable","13":"purchasable","14":"product-type-simple"},"_links":{"self":[{"href":"https:\/\/italiansublimefood.com\/de\/wp-json\/wp\/v2\/product\/23368","targetHints":{"allow":["GET"]}}],"collection":[{"href":"https:\/\/italiansublimefood.com\/de\/wp-json\/wp\/v2\/product"}],"about":[{"href":"https:\/\/italiansublimefood.com\/de\/wp-json\/wp\/v2\/types\/product"}],"wp:featuredmedia":[{"embeddable":true,"href":"https:\/\/italiansublimefood.com\/de\/wp-json\/wp\/v2\/media\/22018"}],"wp:attachment":[{"href":"https:\/\/italiansublimefood.com\/de\/wp-json\/wp\/v2\/media?parent=23368"}],"wp:term":[{"taxonomy":"product_brand","embeddable":true,"href":"https:\/\/italiansublimefood.com\/de\/wp-json\/wp\/v2\/product_brand?post=23368"},{"taxonomy":"product_cat","embeddable":true,"href":"https:\/\/italiansublimefood.com\/de\/wp-json\/wp\/v2\/product_cat?post=23368"},{"taxonomy":"product_tag","embeddable":true,"href":"https:\/\/italiansublimefood.com\/de\/wp-json\/wp\/v2\/product_tag?post=23368"}],"curies":[{"name":"wp","href":"https:\/\/api.w.org\/{rel}","templated":true}]}}