{"id":23365,"date":"2024-09-19T18:16:10","date_gmt":"2024-09-19T16:16:10","guid":{"rendered":"https:\/\/italiansublimefood.com\/product\/schwarze-sommer-trueffel-tuber-aestivum-vittadini-250g-alain-stratta-tartufi\/"},"modified":"2025-05-05T10:03:04","modified_gmt":"2025-05-05T08:03:04","slug":"schwarze-sommer-trueffel-tuber-aestivum-vittadini-250g-alain-stratta-tartufi","status":"publish","type":"product","link":"https:\/\/italiansublimefood.com\/de\/produkt\/schwarze-sommer-trueffel-tuber-aestivum-vittadini-250g-alain-stratta-tartufi\/","title":{"rendered":"Schwarzer Tr\u00fcffel (Tuber Aestivum Vittadini) 250g &#8211; Alain Stratta Tartufi"},"content":{"rendered":"","protected":false},"excerpt":{"rendered":"<p>Schwarze Tr\u00fcffel 250 gr. -Lagerung und Hinweise: -Wir empfehlen, frische Tr\u00fcffel innerhalb von 7\/10 Tagen nach Erhalt zu verbrauchen. Wir empfehlen au\u00dferdem, frische Tr\u00fcffel in Papiert\u00fccher eingewickelt in einem luftdichten Glas- oder Plastikbeh\u00e4lter im untersten Fach des K\u00fchlschranks aufzubewahren, um Temperaturschwankungen zu vermeiden.<br \/>\n1200\u20ac\/kg<\/p>\n","protected":false},"featured_media":20225,"template":"","meta":[],"product_brand":[],"product_cat":[15],"product_tag":[],"class_list":{"0":"post-23365","1":"product","2":"type-product","3":"status-publish","4":"has-post-thumbnail","6":"product_cat-salumi-e-carni","8":"first","9":"instock","10":"taxable","11":"shipping-taxable","12":"purchasable","13":"product-type-simple"},"_links":{"self":[{"href":"https:\/\/italiansublimefood.com\/de\/wp-json\/wp\/v2\/product\/23365","targetHints":{"allow":["GET"]}}],"collection":[{"href":"https:\/\/italiansublimefood.com\/de\/wp-json\/wp\/v2\/product"}],"about":[{"href":"https:\/\/italiansublimefood.com\/de\/wp-json\/wp\/v2\/types\/product"}],"wp:featuredmedia":[{"embeddable":true,"href":"https:\/\/italiansublimefood.com\/de\/wp-json\/wp\/v2\/media\/20225"}],"wp:attachment":[{"href":"https:\/\/italiansublimefood.com\/de\/wp-json\/wp\/v2\/media?parent=23365"}],"wp:term":[{"taxonomy":"product_brand","embeddable":true,"href":"https:\/\/italiansublimefood.com\/de\/wp-json\/wp\/v2\/product_brand?post=23365"},{"taxonomy":"product_cat","embeddable":true,"href":"https:\/\/italiansublimefood.com\/de\/wp-json\/wp\/v2\/product_cat?post=23365"},{"taxonomy":"product_tag","embeddable":true,"href":"https:\/\/italiansublimefood.com\/de\/wp-json\/wp\/v2\/product_tag?post=23365"}],"curies":[{"name":"wp","href":"https:\/\/api.w.org\/{rel}","templated":true}]}}