{"id":23356,"date":"2024-09-19T17:08:46","date_gmt":"2024-09-19T15:08:46","guid":{"rendered":"https:\/\/italiansublimefood.com\/product\/kastanienhonig-g-500-nonna-marida\/"},"modified":"2025-05-05T10:03:03","modified_gmt":"2025-05-05T08:03:03","slug":"kastanienhonig-g-500-nonna-marida","status":"publish","type":"product","link":"https:\/\/italiansublimefood.com\/de\/produkt\/kastanienhonig-g-500-nonna-marida\/","title":{"rendered":"KASTANIENHONIG G 500 &#8211; Nonna Marida"},"content":{"rendered":"","protected":false},"excerpt":{"rendered":"<p>&#8211; Entdecken Sie Kastanienhonig: Eine Reise in intensive Geschmacksrichtungen! Unser Kastanienhonig ist eine einzigartige Delikatesse, die sich durch eine dunkle Farbe und einen umh\u00fcllenden Nachgeschmack auszeichnet, der ihn perfekt f\u00fcr gewagte Kombinationen macht. Ein kulinarisches Erlebnis, das S\u00fc\u00dfes und Herzhaftes in Harmonie vereint. Eigenschaften des Kastanienhonigs: Tiefe Farbe: Die dunkle Farbe des Kastanienhonigs spiegelt seine Intensit\u00e4t und Reichhaltigkeit wider und bietet ein robustes und umh\u00fcllendes Produkt. Einzigartiger Geschmack: Der leicht bittere Nachgeschmack kontrastiert mit der anf\u00e4nglichen S\u00fc\u00dfe und schafft ein komplexes und faszinierendes Geschmacksprofil. Wie Sie den Kastanienhonig am besten genie\u00dfen k\u00f6nnen: Zu K\u00e4se: Erg\u00e4nzen Sie Ihren Tisch mit einer Auswahl an gereiften K\u00e4sesorten, so dass der intensive Geschmack des Honigs und die Komplexit\u00e4t des K\u00e4ses perfekt miteinander harmonieren. Hochwertige Wurstwaren: Verleihen Sie Ihrer Wursttafel mit Kastanienhonig einen Hauch von S\u00fc\u00dfe, um die Aromen auszugleichen und ein einzigartiges gastronomisches Erlebnis zu schaffen. Feines Geb\u00e4ck: Verwenden Sie Honig zum Verfeinern von Kuchen und Desserts und verleihen Sie ihnen einen Hauch von Eleganz und einen tiefen Geschmack. Warum Sie sich f\u00fcr unseren Kastanienhonig entscheiden sollten: Kontrollierte Herkunft: Unser Honig wird von Bienen produziert, die sich ausschlie\u00dflich vom Nektar der Kastanienbl\u00fcten ern\u00e4hren, wodurch ein reines und authentisches Produkt garantiert wird. Hochwertige Handwerkskunst: Jede Flasche ist das Ergebnis eines handwerklichen Prozesses, der die Tradition respektiert und h\u00f6chste Qualit\u00e4t garantiert.         <\/p>\n<p><strong>-Zutaten:<\/strong> Esskastanien, Zucker, Zitrusfr\u00fcchte (Orangen, Mandarinen). Verwendete Fr\u00fcchte 75 %, zugesetzter Zucker 25 %, Gesamtzucker 40 %. <strong>Herstellungsverfahren:<\/strong> Pasteurisierung. <strong>Allergene: <\/strong>Abwesend. <strong>GVO: <\/strong>Abwesend. <strong>N\u00e4hrwerte (Durchschnittswerte pro 100 g des Produkts): <\/strong>Energiewert 1239 Kj \/ 295 Kcal, Fett 3 g (davon ges\u00e4ttigte Fetts\u00e4uren 0 g), Kohlenhydrate 62 g (davon Zucker 40 g), Ballaststoffe 12 g, Eiwei\u00df 5 g, Salz 0,006 g. <strong>Mikrobiologische Analyse:<\/strong> Anzahl der Mikroorganismen bei 30\u00b0 C        &lt;  1000 KBE\/g, Schimmelpilze  &lt;  10 KBE\/g, Hefen  &lt;  10 KBE\/g. <strong>Listeria monocytogenes: <\/strong>Nicht vorhanden in 25 g. <strong>ETIKETTIERUNG<\/strong> (Ref. EU Reg. 1169\/11 in der ge\u00e4nderten Fassung): Die Etiketten, die zum Zeitpunkt der Verpackung auf dem Produkt angebracht sind, entsprechen den geltenden Vorschriften. Jedes Produkt ist mit einer Chargennummer gekennzeichnet. Das gesamte System der R\u00fcckverfolgbarkeit bezieht sich auf die Produktionsmethoden bis hin zu den Rohstoffen und der Verpackung. (EG-Verordnung 178\/2002 und damit zusammenh\u00e4ngende Verordnungen) GL 70 Glasgef\u00e4\u00df Glassammlung. PP5 Sachet PLASTIC COLLECTION. PAP 22 Etikett Papiersammlung. Produkt f\u00fcr alle. Geeignet f\u00fcr vegane und vegetarische Ern\u00e4hrung. Gebrauchsfertiges Produkt. An einem k\u00fchlen, trockenen Ort und vor Licht und W\u00e4rmequellen gesch\u00fctzt aufbewahren. Nach dem \u00d6ffnen im K\u00fchlschrank aufbewahren (+2 \u00b0C \/+5 \u00b0C) und innerhalb von 3\/4 Tagen verbrauchen. <strong>Lagerf\u00e4higkeit<\/strong> 24 Monate. Verpackungsbeschreibung: Glasgef\u00e4\u00df und Schraubkapsel. Transportart: Nicht gek\u00fchlt. Packungsgr\u00f6\u00dfe: 212 ml. Nettogewicht 190 g.                 <\/p>\n","protected":false},"featured_media":21957,"template":"","meta":[],"product_brand":[],"product_cat":[15],"product_tag":[272],"class_list":{"0":"post-23356","1":"product","2":"type-product","3":"status-publish","4":"has-post-thumbnail","6":"product_cat-salumi-e-carni","7":"product_tag-nonna-marida","9":"first","10":"instock","11":"taxable","12":"shipping-taxable","13":"purchasable","14":"product-type-simple"},"_links":{"self":[{"href":"https:\/\/italiansublimefood.com\/de\/wp-json\/wp\/v2\/product\/23356","targetHints":{"allow":["GET"]}}],"collection":[{"href":"https:\/\/italiansublimefood.com\/de\/wp-json\/wp\/v2\/product"}],"about":[{"href":"https:\/\/italiansublimefood.com\/de\/wp-json\/wp\/v2\/types\/product"}],"wp:featuredmedia":[{"embeddable":true,"href":"https:\/\/italiansublimefood.com\/de\/wp-json\/wp\/v2\/media\/21957"}],"wp:attachment":[{"href":"https:\/\/italiansublimefood.com\/de\/wp-json\/wp\/v2\/media?parent=23356"}],"wp:term":[{"taxonomy":"product_brand","embeddable":true,"href":"https:\/\/italiansublimefood.com\/de\/wp-json\/wp\/v2\/product_brand?post=23356"},{"taxonomy":"product_cat","embeddable":true,"href":"https:\/\/italiansublimefood.com\/de\/wp-json\/wp\/v2\/product_cat?post=23356"},{"taxonomy":"product_tag","embeddable":true,"href":"https:\/\/italiansublimefood.com\/de\/wp-json\/wp\/v2\/product_tag?post=23356"}],"curies":[{"name":"wp","href":"https:\/\/api.w.org\/{rel}","templated":true}]}}