{"id":23354,"date":"2024-09-19T17:00:44","date_gmt":"2024-09-19T15:00:44","guid":{"rendered":"https:\/\/italiansublimefood.com\/product\/sardellen-dose-46g-conserveria-tonnina\/"},"modified":"2025-05-05T10:03:03","modified_gmt":"2025-05-05T08:03:03","slug":"sardellen-dose-46g-conserveria-tonnina","status":"publish","type":"product","link":"https:\/\/italiansublimefood.com\/de\/produkt\/sardellen-dose-46g-conserveria-tonnina\/","title":{"rendered":"Sardellen Dose 46g &#8211; Conserveria Tonnina"},"content":{"rendered":"<div class=\"descrizione-prodotto\">\n<p>&nbsp;<\/p>\n<\/div>\n<div><\/div>\n","protected":false},"excerpt":{"rendered":"<div class=\"colonna-1-valori\">\n<p>-Anchovis werden direkt im Tonnina-Keramiktopf gesalzen. Nach der traditionellen Methode konserviert, k\u00f6nnen die Sardellen, nachdem sie in Wasser gewaschen wurden, in Oliven\u00f6l eingelegt und mit ger\u00f6stetem Brot und Butter genossen werden. <\/p>\n<p>-Zutaten:<br \/>\n Sardellen 53%, (Engraulis encrasicolus &#8211; Zone FAO 37.1.2 &#8211; Mittelmeer), Oliven\u00f6l 47%, Salz.<\/p>\n<p>N\u00e4hrwertangaben: -Energiewert 206Kcal; -Energiewert 863Kj; -Fett 10g (davon ges\u00e4ttigt 2g); -Kohlenhydrate 0,00g; -Gesamtzucker 0,00g; -Ballaststoffe 0,12g; -Protein 29,00g; -Salz 15,00g;<\/p>\n<div class=\"colonna-2-valori\"><\/div>\n<p>&nbsp;<\/p>\n<p>&nbsp;<\/p>\n<p>&nbsp;<\/p>\n<\/div>\n<div class=\"colonna-2-valori\">\n<p>&nbsp;<\/p>\n<\/div>\n","protected":false},"featured_media":20178,"template":"","meta":[],"product_brand":[],"product_cat":[15],"product_tag":[258],"class_list":{"0":"post-23354","1":"product","2":"type-product","3":"status-publish","4":"has-post-thumbnail","6":"product_cat-salumi-e-carni","7":"product_tag-conserva-tonnina","9":"first","10":"instock","11":"taxable","12":"shipping-taxable","13":"purchasable","14":"product-type-simple"},"_links":{"self":[{"href":"https:\/\/italiansublimefood.com\/de\/wp-json\/wp\/v2\/product\/23354","targetHints":{"allow":["GET"]}}],"collection":[{"href":"https:\/\/italiansublimefood.com\/de\/wp-json\/wp\/v2\/product"}],"about":[{"href":"https:\/\/italiansublimefood.com\/de\/wp-json\/wp\/v2\/types\/product"}],"wp:featuredmedia":[{"embeddable":true,"href":"https:\/\/italiansublimefood.com\/de\/wp-json\/wp\/v2\/media\/20178"}],"wp:attachment":[{"href":"https:\/\/italiansublimefood.com\/de\/wp-json\/wp\/v2\/media?parent=23354"}],"wp:term":[{"taxonomy":"product_brand","embeddable":true,"href":"https:\/\/italiansublimefood.com\/de\/wp-json\/wp\/v2\/product_brand?post=23354"},{"taxonomy":"product_cat","embeddable":true,"href":"https:\/\/italiansublimefood.com\/de\/wp-json\/wp\/v2\/product_cat?post=23354"},{"taxonomy":"product_tag","embeddable":true,"href":"https:\/\/italiansublimefood.com\/de\/wp-json\/wp\/v2\/product_tag?post=23354"}],"curies":[{"name":"wp","href":"https:\/\/api.w.org\/{rel}","templated":true}]}}