{"id":23347,"date":"2024-09-19T16:46:46","date_gmt":"2024-09-19T14:46:46","guid":{"rendered":"https:\/\/italiansublimefood.com\/product\/thunfisch-1700g-conserveria-tonnina\/"},"modified":"2025-05-05T10:03:03","modified_gmt":"2025-05-05T08:03:03","slug":"thunfisch-1700g-conserveria-tonnina","status":"publish","type":"product","link":"https:\/\/italiansublimefood.com\/de\/produkt\/thunfisch-1700g-conserveria-tonnina\/","title":{"rendered":"Thunfisch 1700g &#8211; Conserveria Tonnina"},"content":{"rendered":"","protected":false},"excerpt":{"rendered":"<div class=\"colonna-1-valori\">\n<p>-Intensiver Geschmack seines Fleisches, gefischt an der italienischen K\u00fcste, ist es eine Thunfischqualit\u00e4t mit einem sehr starken Geschmack und einer dunkelroten Farbe. Die Art der Verarbeitung und das D\u00e4mpfen garantieren die Erhaltung aller organoleptischen Eigenschaften des Fleisches. Erh\u00e4ltlich in verschiedenen Gewichtsklassen. -Zutaten:<\/p>\n<p>Geangelter Thunfisch 72%, (Euthynnus Alletteratus &#8211; Zone FAO 37 &#8211; gefischt mit Umschlie\u00dfungsnetzen &#8211; PS), Oliven\u00f6l 27%, Salz. -N\u00e4hrwertangaben -Energiewert 374,22 Kcal;  <\/p>\n<p><i class=\"fas fa-check\" aria-hidden=\"true\"><\/i>-Energiewert 1547,81 Kj;<br \/>\n<i class=\"fas fa-check\" aria-hidden=\"true\"><\/i>-Fett 34,10 g (davon ges\u00e4ttigt 3,96 g);<br \/>\n<i class=\"fas fa-check\" aria-hidden=\"true\"><\/i>-Kalorien aus Fett 306,90Kcal;<br \/>\n<i class=\"fas fa-check\" aria-hidden=\"true\"><\/i>-Kohlenhydrate 0,80g;<br \/>\n<i class=\"fas fa-check\" aria-hidden=\"true\"><\/i>-Gesamtzucker 0.00g;<br \/>\n<i class=\"fas fa-check\" aria-hidden=\"true\"><\/i>-Lebensmittelfasern 0.00g;<br \/>\n<i class=\"fas fa-check\" aria-hidden=\"true\"><\/i>-Eiwei\u00df 16,02g;<br \/>\n<i class=\"fas fa-check\" aria-hidden=\"true\"><\/i>-Salz 0.32g.<\/p>\n<\/div>\n<div class=\"colonna-2-valori\">\n<p>&nbsp;<\/p>\n<\/div>\n","protected":false},"featured_media":20157,"template":"","meta":[],"product_brand":[],"product_cat":[15],"product_tag":[258],"class_list":{"0":"post-23347","1":"product","2":"type-product","3":"status-publish","4":"has-post-thumbnail","6":"product_cat-salumi-e-carni","7":"product_tag-conserva-tonnina","9":"first","10":"instock","11":"taxable","12":"shipping-taxable","13":"purchasable","14":"product-type-simple"},"_links":{"self":[{"href":"https:\/\/italiansublimefood.com\/de\/wp-json\/wp\/v2\/product\/23347","targetHints":{"allow":["GET"]}}],"collection":[{"href":"https:\/\/italiansublimefood.com\/de\/wp-json\/wp\/v2\/product"}],"about":[{"href":"https:\/\/italiansublimefood.com\/de\/wp-json\/wp\/v2\/types\/product"}],"wp:featuredmedia":[{"embeddable":true,"href":"https:\/\/italiansublimefood.com\/de\/wp-json\/wp\/v2\/media\/20157"}],"wp:attachment":[{"href":"https:\/\/italiansublimefood.com\/de\/wp-json\/wp\/v2\/media?parent=23347"}],"wp:term":[{"taxonomy":"product_brand","embeddable":true,"href":"https:\/\/italiansublimefood.com\/de\/wp-json\/wp\/v2\/product_brand?post=23347"},{"taxonomy":"product_cat","embeddable":true,"href":"https:\/\/italiansublimefood.com\/de\/wp-json\/wp\/v2\/product_cat?post=23347"},{"taxonomy":"product_tag","embeddable":true,"href":"https:\/\/italiansublimefood.com\/de\/wp-json\/wp\/v2\/product_tag?post=23347"}],"curies":[{"name":"wp","href":"https:\/\/api.w.org\/{rel}","templated":true}]}}