{"id":23346,"date":"2024-09-19T16:45:32","date_gmt":"2024-09-19T14:45:32","guid":{"rendered":"https:\/\/italiansublimefood.com\/product\/delicacy-pom-mando-und-pistazien-212-ml-nonna-marida\/"},"modified":"2025-05-05T10:03:03","modified_gmt":"2025-05-05T08:03:03","slug":"delicacy-pom-mando-und-pistazien-212-ml-nonna-marida","status":"publish","type":"product","link":"https:\/\/italiansublimefood.com\/de\/produkt\/delicacy-pom-mando-und-pistazien-212-ml-nonna-marida\/","title":{"rendered":"DELICACY POM.\nMANDO.\nUND PISTAZIEN 212 ML &#8211; Nonna Marida"},"content":{"rendered":"","protected":false},"excerpt":{"rendered":"<p>&#8211; Pat\u00e8 di Eccellenza &#8211; Eine Symphonie der Aromen, die man mit Geschmack verbreitet. Willkommen in unserem E-Commerce, wo wir Ihnen unsere au\u00dfergew\u00f6hnliche Pat\u00e8 di Eccellenza vorstellen, eine wahre Hymne an die Sinne, die die Farben, D\u00fcfte und Aromen kostbarer Produkte einf\u00e4ngt. Einzigartig in ihrer Kreation, bietet diese Pastete eine Mischung von Aromen, die dem Gaumen ein k\u00f6stliches und lebendiges Erlebnis bescheren. Wie Sie die Excellence Pastete streichf\u00e4hig verwenden k\u00f6nnen: Luxuri\u00f6se Bruschetta: Streichen Sie die Pastete gro\u00dfz\u00fcgig auf knusprige Brotscheiben, um eine luxuri\u00f6se Bruschetta zu kreieren, bei der jeder Bissen zu einer Reise der Sinne wird. Einzigartiges Pasta-Dressing: Mischen Sie die Pasta mit frisch gekochter Pasta f\u00fcr ein einzigartiges W\u00fcrzmittel, das verschiedene Aromen zu einer Symphonie des Geschmacks vereint. F\u00fcllung f\u00fcr Gourmet-Sandwiches: Verwenden Sie die Pastete als F\u00fcllung f\u00fcr Sandwiches und belegte Brote und verleihen Sie ihnen so eine raffinierte und geschmackvolle Note. Begleitung f\u00fcr Gourmet-K\u00e4se: Begleiten Sie ausgew\u00e4hlte K\u00e4sesorten mit der Pastete der Exzellenz f\u00fcr eine Kombination, die den Reichtum und die Komplexit\u00e4t der Aromen hervorhebt. Exklusives Salatdressing: Mischen Sie die Pastete mit nativem Oliven\u00f6l extra und Essig, um ein exklusives Salatdressing zu kreieren, das jedem Blatt einen Hauch von Eleganz verleiht. Warum Sie sich f\u00fcr Pat\u00e8 di Eccellenza entscheiden sollten: Harmonie der Aromen: Die einzigartige Kombination von Zutaten bietet eine Harmonie der Aromen, die jedes Gericht in eine neue geschmackliche Dimension hebt. Gourmet-Vielseitigkeit: Die streichf\u00e4hige Textur der Pastete eignet sich f\u00fcr eine Vielzahl von Gerichten und verwandelt jede Kreation in ein luxuri\u00f6ses kulinarisches Werk.         <\/p>\n<p><strong>-Zutaten:<\/strong> Getrocknete Tomatenflocken 70% (Herkunft Italien), Mandeln 10%, Pistazien 5%, Sonnenblumen\u00f6l, natives Oliven\u00f6l extra, Weinessig, Salz. <strong> Herstellungsverfahren: <\/strong>Pasteurisierung. <strong>Allergene:<\/strong> Enth\u00e4lt Sulfite nat\u00fcrlichen Ursprungs und N\u00fcsse. <strong> GVO: <\/strong>Nicht vorhanden. <strong>N\u00e4hrwerte (Durchschnittswerte pro 100 g des Produkts): <\/strong>Energiewert 1816 Kj \/ 135 Kcal, Fett 22 g (davon ges\u00e4ttigte Fetts\u00e4uren 2,9 g), Kohlenhydrate 42,5 g (davon Zucker 28,5 g), Ballaststoffe 0 g, Eiwei\u00df 12,7 g, Salz 3,9 g. <strong> Mikrobiologische Analyse<\/strong> Anzahl der Mikroorganismen bei 30\u00b0 C       &lt;  1000 KBE\/g, Schimmelpilze  &lt;  10 KBE\/g, Hefen  &lt;  10 KBE\/g. &lt; L <strong> isteria monocytogenes<\/strong> Nicht vorhanden in 25 g. pH 4,2 pH-Einheiten. &lt; Bestimmung der Wasseraktivit\u00e4t (aw) 0,92. <strong> ETIKETTIERUNG<\/strong> (Ref. EU Reg. 1169\/11 in der ge\u00e4nderten Fassung): Die Etiketten, die zum Zeitpunkt der Verpackung auf dem Produkt angebracht sind, entsprechen den geltenden Vorschriften. Jedes Produkt ist mit einer Chargennummer gekennzeichnet. Das gesamte System der R\u00fcckverfolgbarkeit bezieht sich auf die Produktionsmethoden bis hin zu den Rohstoffen und der Verpackung. (EG-Verordnung 178\/2002 und verwandte Verordnungen) GL 70 Jar Glass Collection. ALU 41 Aluminium Sammlung. Etikett PAP 22 Papiersammlung. Produkte f\u00fcr jedermann. Geeignet f\u00fcr vegane und vegetarische Ern\u00e4hrung. Gebrauchsfertiges Produkt. Nach dem \u00d6ffnen der Packung das Produkt abgedeckt im K\u00fchlschrank (+2 \u00b0C \/+5 \u00b0C) aufbewahren und innerhalb von 3\/4 Tagen verbrauchen. Lagerung: An einem k\u00fchlen, trockenen Ort, fern von Licht- und W\u00e4rmequellen. <strong>Lagerf\u00e4higkeit<\/strong>: 24 Monate. Packung mit 212 ml. Nettogewicht 190 g. Verpackungsbeschreibung: Glasgef\u00e4\u00dfe mit Schraubverschluss. Transportart: Nicht gek\u00fchlt.                <\/p>\n","protected":false},"featured_media":21993,"template":"","meta":[],"product_brand":[],"product_cat":[15],"product_tag":[272],"class_list":{"0":"post-23346","1":"product","2":"type-product","3":"status-publish","4":"has-post-thumbnail","6":"product_cat-salumi-e-carni","7":"product_tag-nonna-marida","9":"first","10":"instock","11":"taxable","12":"shipping-taxable","13":"purchasable","14":"product-type-simple"},"_links":{"self":[{"href":"https:\/\/italiansublimefood.com\/de\/wp-json\/wp\/v2\/product\/23346","targetHints":{"allow":["GET"]}}],"collection":[{"href":"https:\/\/italiansublimefood.com\/de\/wp-json\/wp\/v2\/product"}],"about":[{"href":"https:\/\/italiansublimefood.com\/de\/wp-json\/wp\/v2\/types\/product"}],"wp:featuredmedia":[{"embeddable":true,"href":"https:\/\/italiansublimefood.com\/de\/wp-json\/wp\/v2\/media\/21993"}],"wp:attachment":[{"href":"https:\/\/italiansublimefood.com\/de\/wp-json\/wp\/v2\/media?parent=23346"}],"wp:term":[{"taxonomy":"product_brand","embeddable":true,"href":"https:\/\/italiansublimefood.com\/de\/wp-json\/wp\/v2\/product_brand?post=23346"},{"taxonomy":"product_cat","embeddable":true,"href":"https:\/\/italiansublimefood.com\/de\/wp-json\/wp\/v2\/product_cat?post=23346"},{"taxonomy":"product_tag","embeddable":true,"href":"https:\/\/italiansublimefood.com\/de\/wp-json\/wp\/v2\/product_tag?post=23346"}],"curies":[{"name":"wp","href":"https:\/\/api.w.org\/{rel}","templated":true}]}}