{"id":23344,"date":"2024-09-19T16:25:23","date_gmt":"2024-09-19T14:25:23","guid":{"rendered":"https:\/\/italiansublimefood.com\/product\/feigenkonfituere-212-ml-nonna-marida\/"},"modified":"2025-05-05T10:03:03","modified_gmt":"2025-05-05T08:03:03","slug":"feigenkonfituere-212-ml-nonna-marida","status":"publish","type":"product","link":"https:\/\/italiansublimefood.com\/de\/produkt\/feigenkonfituere-212-ml-nonna-marida\/","title":{"rendered":"FEIGENKONFIT\u00dcRE 212 ML &#8211; Nonna Marida"},"content":{"rendered":"","protected":false},"excerpt":{"rendered":"<p>&#8211; Entdecken Sie die S\u00fc\u00dfe des Sommers mit unserer Feigenmarmelade: Ein kulinarisches Meisterwerk der handwerklichen G\u00fcte! Willkommen in der Welt der kulinarischen Kunstfertigkeit! Unsere Feigenmarmelade ist ein Kunstwerk, das die S\u00fc\u00dfe und den Reichtum der reifen Feigen einf\u00e4ngt und sie in ein Gef\u00e4\u00df mit authentischer G\u00fcte verwandelt. Entdecken Sie, wie dieses kulinarische Meisterwerk einen Hauch von Tradition und Geschmack in Ihre kostbarsten Momente bringen kann. Merkmale unserer Feigenkonfit\u00fcre: Ausgew\u00e4hlte reife Feigen: Nur die reifsten und saftigsten Feigen finden ihren Platz in dieser Konfit\u00fcre und garantieren eine authentische G\u00fcte, die die Natur feiert. Kulinarisches Meisterwerk: Unsere Konfit\u00fcre ist eine Hommage an die Meisterschaft der Konservierung, die die S\u00fc\u00dfe der Feigen gekonnt mit traditioneller Handwerkskunst verbindet. Sommerliches Aroma: Jeder L\u00f6ffel erinnert an warme Sommertage in den Obstplantagen und bietet Ihnen eine k\u00f6stliche Geschmacksexplosion, die Sie in eine Welt der sommerlichen S\u00fc\u00dfe entf\u00fchrt. Handwerkliche Konservierung: Unsere Konfit\u00fcre wird mit handwerklicher Sorgfalt zubereitet, um die Qualit\u00e4t und Authentizit\u00e4t der Feigen zu bewahren und ein au\u00dfergew\u00f6hnliches Geschmackserlebnis zu garantieren. Wie Sie unsere Feigenkonfit\u00fcre genie\u00dfen k\u00f6nnen: Luxusfr\u00fchst\u00fcck: Streichen Sie die Konfit\u00fcre auf Toastscheiben oder Croissants f\u00fcr ein luxuri\u00f6ses Fr\u00fchst\u00fcck, das den Gaumen mit der einzigartigen S\u00fc\u00dfe der Feigen erfreut. Kombination mit K\u00e4se: In Kombination mit Hart- oder Weichk\u00e4se ergibt diese Konfit\u00fcre eine Geschmackskombination, die auch den anspruchsvollsten Gaumen zufrieden stellt. Zutaten f\u00fcr Desserts: Verwenden Sie die Konfit\u00fcre als besondere Zutat in Kuchen- und Dessertrezepten und verleihen Sie Ihren Kreationen eine fruchtige und raffinierte Note. Gourmet-Geschenk: Verpacken Sie die Feigenkonfit\u00fcre sorgf\u00e4ltig und verschenken Sie sie an jemanden, den Sie lieben, um ihm ein einzigartiges und unvergessliches kulinarisches Erlebnis zu bieten.           <\/p>\n<p><strong>-Zutaten: <\/strong>Frische Feigen, Zucker. Verwendete Fr\u00fcchte 83 %, zugesetzter Zucker 17 %, Gesamtzucker 53 %. <strong>Herstellungsverfahren: <\/strong>Pasteurisierung. <strong>Allergene:<\/strong> Abwesend.<strong> GVO: <\/strong>Abwesend. &lt; &lt; &lt; N<strong> \u00e4hrwerte (Durchschnittswerte pro 100 g des Produkts): <\/strong>Energiewert 803 Kj \/ 192 Kcal, Fett 0,8 g (davon ges\u00e4ttigte Fetts\u00e4uren 0 g), Kohlenhydrate 45 g (davon Zucker 42 g), Ballaststoffe 0 g, Eiwei\u00df 1,2 g, Salz 0,002 g. b Mikroorganismenzahl bei 30\u00b0 C 1000 KBE\/g, Schimmelpilze 10 KBE\/g, Hefen 10 KBE\/g. <strong>Listeria monocytogenes<\/strong> Abwesend in 25 g. <strong>ETIKETTIERUNG<\/strong> (Ref. Reg EU 1169\/11 in der ge\u00e4nderten Fassung): Die Etiketten, die zum Zeitpunkt der Verpackung auf dem Produkt angebracht sind, entsprechen den geltenden Vorschriften. Jedes Produkt ist mit einer Chargennummer gekennzeichnet. Das gesamte System der R\u00fcckverfolgbarkeit bezieht sich auf die Produktionsmethoden bis hin zu den Rohstoffen und der Verpackung. (EG-Verordnung 178\/2002 und damit zusammenh\u00e4ngende Verordnungen) GL 70 Glasgef\u00e4\u00df Glassammlung. PP5 Sachet PLASTIC COLLECTION. PAP 22 Etikett Papiersammlung. Produkt f\u00fcr alle. Geeignet f\u00fcr vegane und vegetarische Ern\u00e4hrung. Gebrauchsfertiges Produkt. Lagerung an einem k\u00fchlen, trockenen Ort, fern von Licht und W\u00e4rmequellen. Nach dem \u00d6ffnen im K\u00fchlschrank aufbewahren (+2 \u00b0C \/+5 \u00b0C) und innerhalb von 3\/4 Tagen verbrauchen. <strong>Lagerf\u00e4higkeit<\/strong> 24 Monate. Verpackungsbeschreibung: Glasgef\u00e4\u00df und Schraubkapsel. Art des Transports: Nicht gek\u00fchlt. Packung mit 212 ml. Nettogewicht 190 g.                 <\/p>\n","protected":false},"featured_media":22030,"template":"","meta":[],"product_brand":[],"product_cat":[15],"product_tag":[272],"class_list":{"0":"post-23344","1":"product","2":"type-product","3":"status-publish","4":"has-post-thumbnail","6":"product_cat-salumi-e-carni","7":"product_tag-nonna-marida","9":"first","10":"instock","11":"taxable","12":"shipping-taxable","13":"purchasable","14":"product-type-simple"},"_links":{"self":[{"href":"https:\/\/italiansublimefood.com\/de\/wp-json\/wp\/v2\/product\/23344","targetHints":{"allow":["GET"]}}],"collection":[{"href":"https:\/\/italiansublimefood.com\/de\/wp-json\/wp\/v2\/product"}],"about":[{"href":"https:\/\/italiansublimefood.com\/de\/wp-json\/wp\/v2\/types\/product"}],"wp:featuredmedia":[{"embeddable":true,"href":"https:\/\/italiansublimefood.com\/de\/wp-json\/wp\/v2\/media\/22030"}],"wp:attachment":[{"href":"https:\/\/italiansublimefood.com\/de\/wp-json\/wp\/v2\/media?parent=23344"}],"wp:term":[{"taxonomy":"product_brand","embeddable":true,"href":"https:\/\/italiansublimefood.com\/de\/wp-json\/wp\/v2\/product_brand?post=23344"},{"taxonomy":"product_cat","embeddable":true,"href":"https:\/\/italiansublimefood.com\/de\/wp-json\/wp\/v2\/product_cat?post=23344"},{"taxonomy":"product_tag","embeddable":true,"href":"https:\/\/italiansublimefood.com\/de\/wp-json\/wp\/v2\/product_tag?post=23344"}],"curies":[{"name":"wp","href":"https:\/\/api.w.org\/{rel}","templated":true}]}}