{"id":23343,"date":"2024-09-19T16:44:51","date_gmt":"2024-09-19T14:44:51","guid":{"rendered":"https:\/\/italiansublimefood.com\/product\/thunfisch-760g-conserveria-tonnina\/"},"modified":"2025-05-05T10:03:02","modified_gmt":"2025-05-05T08:03:02","slug":"thunfisch-760g-conserveria-tonnina","status":"publish","type":"product","link":"https:\/\/italiansublimefood.com\/de\/produkt\/thunfisch-760g-conserveria-tonnina\/","title":{"rendered":"Thunfisch 760g &#8211; Conserveria Tonnina"},"content":{"rendered":"<div class=\"descrizione-prodotto\">\n<p>&nbsp;<\/p>\n<\/div>\n<div><\/div>\n","protected":false},"excerpt":{"rendered":"<div class=\"colonna-1-valori\">\n<p>-Intensiver Geschmack seines Fleisches. Der an den italienischen K\u00fcsten gefangene Thunfisch ist eine Qualit\u00e4t mit einem sehr kr\u00e4ftigen Geschmack und einer dunkelroten Farbe. Die Art der Verarbeitung und des D\u00e4mpfens garantiert die Erhaltung aller organoleptischen Eigenschaften des Fleisches. -Zutaten:<br \/>\n Geangelter Thunfisch 72%, (Euthynnus Alletteratus &#8211; Zone FAO 37 &#8211; gefischt mit Umschlie\u00dfungsnetzen &#8211; PS), Oliven\u00f6l 27%, Salz.<\/p>\n<p>N\u00e4hrwertangaben -Energiewert 374,22 Kcal; -Energiewert 1547,81 Kj; -Fett 34,10g (davon ges\u00e4ttigt 3.<\/p>\n<p>96g); -Kalorien aus Fett 306,90 Kcal; -Kohlenhydrate 0,80 g; -Gesamtzucker 0,00 g; -Ballaststoffe 0,00 g; -Protein 16,02 g; -Salz 0,32 g. <\/p>\n<\/div>\n<div class=\"colonna-2-valori\">\n<p>&nbsp;<\/p>\n<\/div>\n","protected":false},"featured_media":20150,"template":"","meta":[],"product_brand":[],"product_cat":[15],"product_tag":[258],"class_list":{"0":"post-23343","1":"product","2":"type-product","3":"status-publish","4":"has-post-thumbnail","6":"product_cat-salumi-e-carni","7":"product_tag-conserva-tonnina","9":"first","10":"instock","11":"taxable","12":"shipping-taxable","13":"purchasable","14":"product-type-simple"},"_links":{"self":[{"href":"https:\/\/italiansublimefood.com\/de\/wp-json\/wp\/v2\/product\/23343","targetHints":{"allow":["GET"]}}],"collection":[{"href":"https:\/\/italiansublimefood.com\/de\/wp-json\/wp\/v2\/product"}],"about":[{"href":"https:\/\/italiansublimefood.com\/de\/wp-json\/wp\/v2\/types\/product"}],"wp:featuredmedia":[{"embeddable":true,"href":"https:\/\/italiansublimefood.com\/de\/wp-json\/wp\/v2\/media\/20150"}],"wp:attachment":[{"href":"https:\/\/italiansublimefood.com\/de\/wp-json\/wp\/v2\/media?parent=23343"}],"wp:term":[{"taxonomy":"product_brand","embeddable":true,"href":"https:\/\/italiansublimefood.com\/de\/wp-json\/wp\/v2\/product_brand?post=23343"},{"taxonomy":"product_cat","embeddable":true,"href":"https:\/\/italiansublimefood.com\/de\/wp-json\/wp\/v2\/product_cat?post=23343"},{"taxonomy":"product_tag","embeddable":true,"href":"https:\/\/italiansublimefood.com\/de\/wp-json\/wp\/v2\/product_tag?post=23343"}],"curies":[{"name":"wp","href":"https:\/\/api.w.org\/{rel}","templated":true}]}}