{"id":23342,"date":"2024-09-19T16:22:57","date_gmt":"2024-09-19T14:22:57","guid":{"rendered":"https:\/\/italiansublimefood.com\/product\/kastanienmarmelade-212-ml-nonna-marida\/"},"modified":"2025-05-05T10:03:02","modified_gmt":"2025-05-05T08:03:02","slug":"kastanienmarmelade-212-ml-nonna-marida","status":"publish","type":"product","link":"https:\/\/italiansublimefood.com\/de\/produkt\/kastanienmarmelade-212-ml-nonna-marida\/","title":{"rendered":"KASTANIENMARMELADE 212 ML &#8211; Nonna Marida"},"content":{"rendered":"","protected":false},"excerpt":{"rendered":"<p>&#8211; Entdecken Sie den leckeren Winter mit unserer Kastanienmarmelade: Ein goldener Schatz f\u00fcr Ihre Fr\u00fchst\u00fccke und Snacks! Willkommen im Reich des Wintergeschmacks! Unsere Kastanienmarmelade ist ein wahrer Goldschatz im Glas, perfekt f\u00fcr Ihr Fr\u00fchst\u00fcck und Ihre Snacks w\u00e4hrend der k\u00fchleren Tage. Entdecken Sie, wie diese Schatztruhe der K\u00f6stlichkeit Ihre Momente der reinen Gem\u00fctlichkeit bereichern kann. Merkmale unserer Kastanienmarmelade: Sorgf\u00e4ltige Auswahl: Nur die besten Kastanien werden f\u00fcr diese Marmelade verwendet, um einen authentischen Geschmack und die Cremigkeit der Kastanien in jedem L\u00f6ffel zu garantieren. K\u00f6stlicher, umh\u00fcllender Geschmack: Ihr umh\u00fcllender Geschmack ist wie eine warme Umarmung an einem kalten Wintermorgen und bringt den Reichtum und die Behaglichkeit der Kastanien auf Ihren Tisch. Vielseitigkeit in der K\u00fcche: Diese Konfit\u00fcre ist unglaublich vielseitig. Verteilen Sie sie gro\u00dfz\u00fcgig auf Toastscheiben oder Croissants f\u00fcr ein gem\u00fctliches Fr\u00fchst\u00fcck, aber trauen Sie sich auch, sie f\u00fcr die Zubereitung von Kuchen und Desserts wie Cr\u00eapes oder Pfannkuchen zu verwenden. Handwerklich konserviert: Unsere Marmelade wird mit handwerklicher Sorgfalt zubereitet, so dass die Qualit\u00e4t und die Cremigkeit der Kastanien erhalten bleiben und ein Produkt garantiert ist, das den Winter mit jedem Bissen feiert. Wie Sie unsere Kastanienkonfit\u00fcre genie\u00dfen k\u00f6nnen: Fr\u00fchst\u00fcck zum Einwickeln: Streichen Sie die Konfit\u00fcre auf Toastscheiben oder Croissants f\u00fcr ein Fr\u00fchst\u00fcck zum Einwickeln und erfreuen Sie Ihren Gaumen mit der Cremigkeit der Kastanien. Winterliche Desserts: Verwenden Sie die Konfit\u00fcre als k\u00f6stliche F\u00fcllung f\u00fcr Cr\u00eapes oder Pfannkuchen und verleihen Sie jedem Bissen eine winterliche Note. K\u00e4sebeilage: In Kombination mit reifem K\u00e4se ergibt diese Konfit\u00fcre eine Geschmackskombination, die Sie die winterliche Gem\u00fctlichkeit noch mehr sch\u00e4tzen lassen wird. W\u00e4rmendes Geschenk: Verpacken Sie die Kastanienmarmelade mit Sorgfalt und schenken Sie sie jemandem, den Sie lieben, um ihm mit jedem L\u00f6ffel einen Hauch von Winter zu geben.            <\/p>\n<p><strong>-Zutaten:<\/strong> Esskastanien, Zucker, Zitrusfr\u00fcchte (Orangen, Mandarinen). Verwendete Fr\u00fcchte 75 %, zugesetzter Zucker 25 %, Gesamtzucker 40 %. <strong>Herstellungsverfahren:<\/strong> Pasteurisierung.<strong> Allergene:<\/strong> Abwesend.<strong> GVO: <\/strong>Abwesend. <strong>N\u00e4hrwerte (Durchschnittswerte pro 100 g des Produkts): <\/strong>Energiewert 1239 Kj \/ 295 Kcal, Fett 3 g (davon ges\u00e4ttigte Fetts\u00e4uren 0 g) Kohlenhydrate 62 g (davon Zucker 40 g), Ballaststoffe 12 g, Eiwei\u00df 5 g, Salz 0,006 g. &lt; &lt; &lt; M <strong>ikrobiologische Analyse<\/strong> Mikroorganismenzahl bei 30\u00b0 C 1000 KBE\/g, Schimmelpilze 10 KBE\/g, Hefen 10 KBE\/g. <strong>Listeria monocytogenes<\/strong> Abwesend in 25 g. <strong>ETIKETTIERUNG<\/strong> ( Ref. Reg EU 1169\/11 as amended) Die Etiketten, die zum Zeitpunkt der Verpackung auf dem Produkt angebracht werden, entsprechen den geltenden Vorschriften. Jedes Produkt ist mit einer Chargennummer gekennzeichnet. Das gesamte System der R\u00fcckverfolgbarkeit bezieht sich auf die Produktionsmethoden bis hin zu den Rohstoffen und der Verpackung. (EG-Verordnung 178\/2002 und damit zusammenh\u00e4ngende Vorschriften) GL 70 Glasgef\u00e4\u00df Glassammlung. PP5 Sachet PLASTIC COLLECTION. PAP 22 Etikett Papiersammlung. Verwendungszweck Produkt f\u00fcr jedermann. Geeignet f\u00fcr die vegane und vegetarische Ern\u00e4hrung. Gebrauchsfertiges Produkt. An einem k\u00fchlen, trockenen Ort, vor Licht und W\u00e4rmequellen gesch\u00fctzt, aufbewahren. Nach dem \u00d6ffnen im K\u00fchlschrank aufbewahren (+2 \u00b0C \/+5 \u00b0C) und innerhalb von 3\/4 Tagen verbrauchen. <strong>Haltbarkeitsdauer<\/strong> 24 Monate. Beschreibung der Verpackung: Glasgef\u00e4\u00df und Schraubkapsel Transportart Nicht gek\u00fchlt. Packungsgr\u00f6\u00dfe 212 ml. Nettogewicht 190 g.                <\/p>\n","protected":false},"featured_media":22033,"template":"","meta":[],"product_brand":[],"product_cat":[15],"product_tag":[272],"class_list":{"0":"post-23342","1":"product","2":"type-product","3":"status-publish","4":"has-post-thumbnail","6":"product_cat-salumi-e-carni","7":"product_tag-nonna-marida","9":"first","10":"instock","11":"taxable","12":"shipping-taxable","13":"purchasable","14":"product-type-simple"},"_links":{"self":[{"href":"https:\/\/italiansublimefood.com\/de\/wp-json\/wp\/v2\/product\/23342","targetHints":{"allow":["GET"]}}],"collection":[{"href":"https:\/\/italiansublimefood.com\/de\/wp-json\/wp\/v2\/product"}],"about":[{"href":"https:\/\/italiansublimefood.com\/de\/wp-json\/wp\/v2\/types\/product"}],"wp:featuredmedia":[{"embeddable":true,"href":"https:\/\/italiansublimefood.com\/de\/wp-json\/wp\/v2\/media\/22033"}],"wp:attachment":[{"href":"https:\/\/italiansublimefood.com\/de\/wp-json\/wp\/v2\/media?parent=23342"}],"wp:term":[{"taxonomy":"product_brand","embeddable":true,"href":"https:\/\/italiansublimefood.com\/de\/wp-json\/wp\/v2\/product_brand?post=23342"},{"taxonomy":"product_cat","embeddable":true,"href":"https:\/\/italiansublimefood.com\/de\/wp-json\/wp\/v2\/product_cat?post=23342"},{"taxonomy":"product_tag","embeddable":true,"href":"https:\/\/italiansublimefood.com\/de\/wp-json\/wp\/v2\/product_tag?post=23342"}],"curies":[{"name":"wp","href":"https:\/\/api.w.org\/{rel}","templated":true}]}}