{"id":23338,"date":"2024-09-19T15:51:48","date_gmt":"2024-09-19T13:51:48","guid":{"rendered":"https:\/\/italiansublimefood.com\/product\/zitronen-spaghettata-100g-beutel-nonna-marida\/"},"modified":"2025-05-05T10:03:02","modified_gmt":"2025-05-05T08:03:02","slug":"zitronen-spaghettata-100g-beutel-nonna-marida","status":"publish","type":"product","link":"https:\/\/italiansublimefood.com\/de\/produkt\/zitronen-spaghettata-100g-beutel-nonna-marida\/","title":{"rendered":"ZITRONEN-SPAGHETTATA 100G BEUTEL &#8211; Nonna Marida"},"content":{"rendered":"","protected":false},"excerpt":{"rendered":"<p>&#8211; Entdecken Sie die Frische mit unserer Gew\u00fcrzmischung f\u00fcr Spaghettata al Limone. Bringen Sie einen Hauch von Frische auf Ihren Tisch mit unserer Gew\u00fcrzmischung f\u00fcr Spaghettata al Limone. Diese kulinarische Delikatesse f\u00e4ngt die Essenz eines der frischesten und k\u00f6stlichsten italienischen Rezepte ein und gibt Ihnen die M\u00f6glichkeit, ein raffiniertes Gericht direkt in Ihrer eigenen K\u00fcche zuzubereiten. Besondere Merkmale der Gew\u00fcrzmischung: Italienische Frische: Eine Mischung, die speziell entwickelt wurde, um den authentischen Geschmack von Spaghettata al Limone auf den Tisch zu bringen, einer italienischen Delikatesse, die den Gaumen verzaubert. Einfachheit in der K\u00fcche: Wir erleichtern Ihr Kocherlebnis. Die Mischung wurde genau dosiert, um die Zubereitung zu vereinfachen, ohne die Qualit\u00e4t des Endergebnisses zu beeintr\u00e4chtigen. So verwenden Sie die Gew\u00fcrzmischung: Einzigartiger Geschmack: Befolgen Sie die Anweisungen auf der Packung, um die Mischung bei der Zubereitung Ihrer Spaghetti mit Zitrone hinzuzuf\u00fcgen. Das Ergebnis wird ein einzigartiges Gericht sein, das Ihre Sehnsucht nach Frische befriedigt. Geschmacksanpassung: Passen Sie die Menge der Mischung nach Ihren Vorlieben an, um einen milderen oder st\u00e4rkeren Geschmack zu erhalten. Kochen ist eine Kunst, und unsere Mischung ist Ihr Pinsel. Warum Sie sich f\u00fcr unsere Gew\u00fcrzmischung entscheiden sollten: Italienische Authentizit\u00e4t: Holen Sie sich mit unserer Mischung den wahren italienischen Geschmack nach Hause und bereiten Sie Spaghetti mit Zitrone zu, als w\u00e4ren Sie in Italien. Qualit\u00e4t geht vor: Hochwertige Zutaten sind der Schl\u00fcssel zu einem au\u00dfergew\u00f6hnlichen Endergebnis. W\u00e4hlen Sie Qualit\u00e4t, w\u00e4hlen Sie unsere Mischung.            <\/p>\n<p><strong>-Zutaten<\/strong> Petersilie, Schnittlauch, Knoblauch, Oregano, s\u00fc\u00dfer Paprika, getrocknete Paprika, Zitrone 22%, Salz. <strong>Herstellungsverfahren:<\/strong> Trocknen, Einpacken. <strong> Allergene: <\/strong>Abwesend. <strong>GVO: <\/strong>Abwesend. <strong> N\u00e4hrwerte (Durchschnittswerte pro 100 g des Produkts): <\/strong>Energiewert 828 Kj \/ 197 Kcal Fett 3 g (davon ges\u00e4ttigte Fetts\u00e4uren 0,4 g), Kohlenhydrate 24 g (davon Zucker 3 g), Ballaststoffe 14 g, Eiwei\u00df 12 g, Salz 0,27 g. <strong>Mikrobiologische Analyse:<\/strong> Anzahl der Mikroorganismen bei 30\u00b0 C       &lt;  1000 KBE\/g, Schimmelpilze  &lt;  100 KBE\/g, Hefen  &lt;  100 KBE\/g. <strong>Listeria monocytogenes:<\/strong> Nicht vorhanden in 25 g. <strong> ETIKETTIERUNG<\/strong> ( Ref. Reg EU 1169\/11 in der ge\u00e4nderten Fassung): Die Etiketten auf dem Produkt zum Zeitpunkt der Verpackung entsprechen den geltenden Vorschriften. Jedes Produkt tr\u00e4gt eine Chargennummer auf dem Etikett. Das gesamte System der R\u00fcckverfolgbarkeit bezieht sich auf die Produktionsmethoden bis hin zu den Rohstoffen und der Verpackung. (EG-Verordnung 178\/2002 und damit verbundene Verordnungen) PP5 Sachet Collection PLASTIC. Etikett PAP 22 Papiersammlung. Produkt f\u00fcr jedermann. Geeignet f\u00fcr die vegane und vegetarische Ern\u00e4hrung. Gebrauchsfertiges Produkt. Lagerung An einem k\u00fchlen, trockenen Ort, vor Licht und W\u00e4rmequellen gesch\u00fctzt. <strong>Haltbarkeit;<\/strong> 12 Monate. Packung mit 100 g. Verpackungsbeschreibung: Transparente, lebensmittelechte T\u00fctchen. Transportart: Ungek\u00fchlt.              <\/p>\n","protected":false},"featured_media":22077,"template":"","meta":[],"product_brand":[],"product_cat":[15],"product_tag":[272],"class_list":{"0":"post-23338","1":"product","2":"type-product","3":"status-publish","4":"has-post-thumbnail","6":"product_cat-salumi-e-carni","7":"product_tag-nonna-marida","9":"first","10":"instock","11":"taxable","12":"shipping-taxable","13":"purchasable","14":"product-type-simple"},"_links":{"self":[{"href":"https:\/\/italiansublimefood.com\/de\/wp-json\/wp\/v2\/product\/23338","targetHints":{"allow":["GET"]}}],"collection":[{"href":"https:\/\/italiansublimefood.com\/de\/wp-json\/wp\/v2\/product"}],"about":[{"href":"https:\/\/italiansublimefood.com\/de\/wp-json\/wp\/v2\/types\/product"}],"wp:featuredmedia":[{"embeddable":true,"href":"https:\/\/italiansublimefood.com\/de\/wp-json\/wp\/v2\/media\/22077"}],"wp:attachment":[{"href":"https:\/\/italiansublimefood.com\/de\/wp-json\/wp\/v2\/media?parent=23338"}],"wp:term":[{"taxonomy":"product_brand","embeddable":true,"href":"https:\/\/italiansublimefood.com\/de\/wp-json\/wp\/v2\/product_brand?post=23338"},{"taxonomy":"product_cat","embeddable":true,"href":"https:\/\/italiansublimefood.com\/de\/wp-json\/wp\/v2\/product_cat?post=23338"},{"taxonomy":"product_tag","embeddable":true,"href":"https:\/\/italiansublimefood.com\/de\/wp-json\/wp\/v2\/product_tag?post=23338"}],"curies":[{"name":"wp","href":"https:\/\/api.w.org\/{rel}","templated":true}]}}