{"id":23337,"date":"2024-09-19T16:10:23","date_gmt":"2024-09-19T14:10:23","guid":{"rendered":"https:\/\/italiansublimefood.com\/product\/fenchelsamen-100-g-beutel-nonna-marida\/"},"modified":"2025-05-05T10:03:02","modified_gmt":"2025-05-05T08:03:02","slug":"fenchelsamen-100-g-beutel-nonna-marida","status":"publish","type":"product","link":"https:\/\/italiansublimefood.com\/de\/produkt\/fenchelsamen-100-g-beutel-nonna-marida\/","title":{"rendered":"FENCHELSAMEN 100 G BEUTEL &#8211; Nonna Marida"},"content":{"rendered":"","protected":false},"excerpt":{"rendered":"<p>&#8211; Entdecken Sie die Geheimnisse der Fenchelsamen &#8211; authentische Aromen in einer praktischen T\u00fcte! Unsere Fenchelsamen im Beutel bringen die kulinarische Tradition, die bis ins 14. Jahrhundert zur\u00fcckreicht, auf Ihren Tisch. Dieses sorgf\u00e4ltig verpackte Trockenprodukt enth\u00e4lt das Beste aus der Natur, um Ihre kulinarischen Kreationen mit authentischen und unwiderstehlichen Aromen zu bereichern. Eigenschaften von Fenchelsamen in Beuteln: Intensive Aromen: Fenchelsamen bieten intensive und unverwechselbare Aromen, die Ihren Gerichten eine einzigartige Note verleihen werden. Vielseitigkeit in der K\u00fcche: Erwecken Sie Saucen, Marinaden und Hauptgerichte mit der Vielseitigkeit von Fenchelsamen zum Leben. Verwendung von Fenchelsamen: Brot und Fladenbrot: F\u00fcgen Sie Fenchelsamen dem Brotteig oder Fladenbrot f\u00fcr einen aromatischen Geschmack hinzu. Salate und Gem\u00fcse: Streuen Sie die Samen \u00fcber Salate und gegrilltes Gem\u00fcse f\u00fcr einen mediterranen Hauch. Hauptgerichte: Verwenden Sie Fenchelsamen als wichtige Zutat in Eint\u00f6pfen, Suppen oder Fischgerichten. Warum Sie sich f\u00fcr unsere Fenchelsamen entscheiden sollten: Praktische Verpackung: Der Beutel erm\u00f6glicht eine sichere Aufbewahrung und einfache Verteilung der Fenchelsamen. Intaktes Aroma: Die Samen werden sorgf\u00e4ltig geerntet und verpackt, um ihr charakteristisches Aroma zu bewahren.         <\/p>\n<p><strong>-Zutaten:<\/strong> Fenchel in Samen. <strong>Herstellungsverfahren:<\/strong> Trocknen, Einpacken. <strong>Allergene:<\/strong> Abwesend. <strong>GVOs:<\/strong> Abwesend. <strong> N\u00e4hrwerte (Durchschnittswerte pro 100 g des Produkts): <\/strong>Energiewert 1349 Kj \/ 327 Kcal, Fett 15 g (davon ges\u00e4ttigte Fetts\u00e4uren 0,5 g), Kohlenhydrate 13 g (davon Zucker 13 g), Ballaststoffe 40 g, Eiwei\u00df 16 g, Salz 0,2 g. <strong>Mikrobiologische Analyse<\/strong> Anzahl der Mikroorganismen bei 30\u00b0 C       &lt;  1000 KBE\/g, Schimmelpilze  &lt;  10 KBE\/g, Hefen  &lt;  10 KBE\/g. <strong>Listeria monocytogenes<\/strong> Nicht vorhanden in 25 g. <strong>ETIKETTIERUNG<\/strong> ( Ref. Reg EU 1169\/11 in der ge\u00e4nderten Fassung): Die Etiketten, die zum Zeitpunkt der Verpackung auf dem Produkt angebracht werden, entsprechen den geltenden Vorschriften. Jedes Produkt ist mit einer Chargennummer gekennzeichnet. Das gesamte System der R\u00fcckverfolgbarkeit bezieht sich auf die Produktionsmethoden bis hin zu den Rohstoffen und der Verpackung. (EG-Verordnung 178\/2002 und damit verbundene Verordnungen) PP5 Sachet Collection PLASTIC. Etikett PAP 22 Papiersammlung. Produkt f\u00fcr jedermann. Geeignet f\u00fcr die vegane und vegetarische Ern\u00e4hrung. Wie zu verwenden Gebrauchsfertiges Produkt. Lagerung: an einem k\u00fchlen, trockenen Ort, vor Licht und W\u00e4rmequellen gesch\u00fctzt. <strong>Haltbarkeitsdauer<\/strong>: 12 Monate. Verpackungsbeschreibung: Lebensmittelgerechte Beutel. Transportart: Nicht gek\u00fchlt.             <\/p>\n","protected":false},"featured_media":22051,"template":"","meta":[],"product_brand":[],"product_cat":[15],"product_tag":[272],"class_list":{"0":"post-23337","1":"product","2":"type-product","3":"status-publish","4":"has-post-thumbnail","6":"product_cat-salumi-e-carni","7":"product_tag-nonna-marida","9":"first","10":"instock","11":"taxable","12":"shipping-taxable","13":"purchasable","14":"product-type-simple"},"_links":{"self":[{"href":"https:\/\/italiansublimefood.com\/de\/wp-json\/wp\/v2\/product\/23337","targetHints":{"allow":["GET"]}}],"collection":[{"href":"https:\/\/italiansublimefood.com\/de\/wp-json\/wp\/v2\/product"}],"about":[{"href":"https:\/\/italiansublimefood.com\/de\/wp-json\/wp\/v2\/types\/product"}],"wp:featuredmedia":[{"embeddable":true,"href":"https:\/\/italiansublimefood.com\/de\/wp-json\/wp\/v2\/media\/22051"}],"wp:attachment":[{"href":"https:\/\/italiansublimefood.com\/de\/wp-json\/wp\/v2\/media?parent=23337"}],"wp:term":[{"taxonomy":"product_brand","embeddable":true,"href":"https:\/\/italiansublimefood.com\/de\/wp-json\/wp\/v2\/product_brand?post=23337"},{"taxonomy":"product_cat","embeddable":true,"href":"https:\/\/italiansublimefood.com\/de\/wp-json\/wp\/v2\/product_cat?post=23337"},{"taxonomy":"product_tag","embeddable":true,"href":"https:\/\/italiansublimefood.com\/de\/wp-json\/wp\/v2\/product_tag?post=23337"}],"curies":[{"name":"wp","href":"https:\/\/api.w.org\/{rel}","templated":true}]}}