{"id":23331,"date":"2024-09-19T15:25:03","date_gmt":"2024-09-19T13:25:03","guid":{"rendered":"https:\/\/italiansublimefood.com\/product\/caponata-sauce-314-ml-nonna-marida\/"},"modified":"2025-05-05T10:03:02","modified_gmt":"2025-05-05T08:03:02","slug":"caponata-sosse-314-ml-nonna-marida","status":"publish","type":"product","link":"https:\/\/italiansublimefood.com\/de\/produkt\/caponata-sosse-314-ml-nonna-marida\/","title":{"rendered":"CAPONATA-So\u00dfe 314 ML &#8211; Nonna Marida"},"content":{"rendered":"","protected":false},"excerpt":{"rendered":"<p>&#8211; Fertige So\u00dfe mit Tomaten, Auberginen und Zwiebeln &#8211; Der authentische Geschmack der traditionellen K\u00fcche. Entdecken Sie die Authentizit\u00e4t der traditionellen K\u00fcche mit unserer Tomaten-Auberginen-Zwiebel-Fertigsauce. Ein wahres Feuerwerk an Aromen, das den reichhaltigen, umh\u00fcllenden Geschmack von reifen Tomaten, Auberginen und Zwiebeln in sich birgt, die langsam zu einer unwiderstehlichen Fertigsauce geschmort werden. Besondere Merkmale der Fertigsauce: Sorgf\u00e4ltige Auswahl der Zutaten: Wir verwenden nur Tomaten, die zum richtigen Zeitpunkt reif sind, frische Auberginen und hochwertige Zwiebeln, um ein Produkt zu gew\u00e4hrleisten, das die G\u00fcte der ausgew\u00e4hlten Zutaten voll zum Ausdruck bringt. Langsames Garen und Triumph der Aromen: Das langsame Garen erm\u00f6glicht es den Zutaten, sich zu vermischen und eine F\u00fclle von Aromen zu entwickeln, die unsere Fertigsauce charakterisieren und sie einzigartig und unverwechselbar machen. Vielseitigkeit in der K\u00fcche: Die Fertigsauce eignet sich ideal zum Servieren mit Nudeln und ergibt ein reichhaltiges und s\u00e4ttigendes Gericht. Aber das ist noch nicht alles: Sie eignet sich auch hervorragend als W\u00fcrzmittel f\u00fcr Fleisch und Fisch, um kulinarische Zubereitungen zu kreieren, die Ihren Gaumen erfreuen werden. Verwendung der Tomaten-Auberginen-Zwiebel-Fertigsauce: Perfekte Pasta: Gie\u00dfen Sie die Fertigsauce \u00fcber Ihre Lieblingspasta f\u00fcr eine schnelle und k\u00f6stliche Mahlzeit. F\u00fcgen Sie geriebenen K\u00e4se f\u00fcr eine Gourmet-Note hinzu. Vielf\u00e4ltige W\u00fcrzung: Verwenden Sie die Fertigsauce als W\u00fcrze f\u00fcr Fleisch und Fisch und kreieren Sie Hauptgerichte, die Ihre G\u00e4ste beeindrucken werden. Einzigartige kulinarische Kreationen: Experimentieren Sie und lassen Sie sich von den endlosen M\u00f6glichkeiten inspirieren, die unsere Fertigsauce in der K\u00fcche bietet. Von Pizza bis Bruschetta, die M\u00f6glichkeiten sind nur durch Ihre Kreativit\u00e4t begrenzt. Warum Sie sich f\u00fcr Fertigsauce entscheiden: Authentischer Geschmack: Bringen Sie den authentischen Geschmack der traditionellen K\u00fcche zur\u00fcck auf den Tisch, ohne stundenlang am Herd stehen zu m\u00fcssen. Einfach und schnell: Mit unserer Fertigsauce ist die Zubereitung einer k\u00f6stlichen Mahlzeit schnell und stressfrei.             <\/p>\n<p>-Zutaten<strong>:<\/strong> Gesch\u00e4lte Tomaten 53% (Herkunft Italien), rote Zwiebeln 15%, Paprika 15%, Oliven\u00f6l, Sardellen, Kapern, schwarze Oliven, gemahlener Chili, Apfelessig, Oregano, Salz. Herstellungsmethode S\u00e4uerung ph &lt;4.5, Pasteurisierung. <strong>Allergene:<\/strong> Sulfite und Fischprodukte. <strong>GVO: <\/strong>Nicht vorhanden. <strong>N\u00e4hrwerte (Durchschnittswerte pro 100 g des Produkts): <\/strong>Energiewert 2116 Kj \/ 505 Kcal, Fett 34,3 g, davon ges\u00e4ttigte Fetts\u00e4uren 5,3 g, Kohlenhydrate 30,1 g, davon Zucker 24,3 g, Ballaststoffe 14,2 g, Eiwei\u00df 11,8 g, Salz 2,0 g. <strong>Mikrobiologische Analyse: <\/strong>Anzahl der Mikroorganismen bei 30\u00b0 C      &lt;  1000 KBE\/g, Schimmelpilze  &lt;  10 KBE\/g, Hefen  &lt;<br \/>\n10 KBE\/g, Listeria monocytogenes Nicht vorhanden in 25 g pH&lt;4,4 pH-Einheiten. <strong>ETIKETTIERUNG <\/strong>(Ref. EU Reg. 1169\/11 in der ge\u00e4nderten Fassung): Die Etiketten, die zum Zeitpunkt der Verpackung auf dem Produkt angebracht werden, entsprechen den geltenden Vorschriften. Jedes Produkt ist mit einer Chargennummer gekennzeichnet. Das gesamte System der R\u00fcckverfolgbarkeit bezieht sich auf die Produktionsmethoden bis hin zu den Rohstoffen und der Verpackung. (EG-Verordnung 178\/2002 und verwandte Vorschriften). <strong>Tiegel:<\/strong> GL 70 GL Sammlung. Kapsel: ALU 41 Aluminium Kollektion. Etikett: APP22 Papier-Kollektion. Bestimmungsgem\u00e4\u00dfer Gebrauch: Produkt f\u00fcr alle. Gebrauchsanweisung: Gebrauchsfertiges Produkt. Nach dem \u00d6ffnen im K\u00fchlschrank aufbewahren (+2 \u00b0C \/+5 \u00b0C) und innerhalb von 3\/4 Tagen verbrauchen. Lagerung: An einem k\u00fchlen, trockenen Ort, vor Licht und W\u00e4rmequellen gesch\u00fctzt aufbewahren. <strong>Haltbarkeitsdauer: <\/strong>24 Monate. Verpackung: 314 ml. Nettogewicht 270 g. Verpackungsbeschreibung: Glasgef\u00e4\u00dfe mit Schraubverschluss. Transportart: Nicht gek\u00fchlt.             <\/p>\n","protected":false},"featured_media":21796,"template":"","meta":[],"product_brand":[],"product_cat":[15],"product_tag":[272],"class_list":{"0":"post-23331","1":"product","2":"type-product","3":"status-publish","4":"has-post-thumbnail","6":"product_cat-salumi-e-carni","7":"product_tag-nonna-marida","9":"first","10":"instock","11":"taxable","12":"shipping-taxable","13":"purchasable","14":"product-type-simple"},"_links":{"self":[{"href":"https:\/\/italiansublimefood.com\/de\/wp-json\/wp\/v2\/product\/23331","targetHints":{"allow":["GET"]}}],"collection":[{"href":"https:\/\/italiansublimefood.com\/de\/wp-json\/wp\/v2\/product"}],"about":[{"href":"https:\/\/italiansublimefood.com\/de\/wp-json\/wp\/v2\/types\/product"}],"wp:featuredmedia":[{"embeddable":true,"href":"https:\/\/italiansublimefood.com\/de\/wp-json\/wp\/v2\/media\/21796"}],"wp:attachment":[{"href":"https:\/\/italiansublimefood.com\/de\/wp-json\/wp\/v2\/media?parent=23331"}],"wp:term":[{"taxonomy":"product_brand","embeddable":true,"href":"https:\/\/italiansublimefood.com\/de\/wp-json\/wp\/v2\/product_brand?post=23331"},{"taxonomy":"product_cat","embeddable":true,"href":"https:\/\/italiansublimefood.com\/de\/wp-json\/wp\/v2\/product_cat?post=23331"},{"taxonomy":"product_tag","embeddable":true,"href":"https:\/\/italiansublimefood.com\/de\/wp-json\/wp\/v2\/product_tag?post=23331"}],"curies":[{"name":"wp","href":"https:\/\/api.w.org\/{rel}","templated":true}]}}