{"id":23329,"date":"2024-09-19T15:22:12","date_gmt":"2024-09-19T13:22:12","guid":{"rendered":"https:\/\/italiansublimefood.com\/product\/ragusauce-314-ml-nonna-marida\/"},"modified":"2025-05-05T10:03:02","modified_gmt":"2025-05-05T08:03:02","slug":"ragu-sosse-314-ml-nonna-marida","status":"publish","type":"product","link":"https:\/\/italiansublimefood.com\/de\/produkt\/ragu-sosse-314-ml-nonna-marida\/","title":{"rendered":"Rag\u00f9-So\u00dfe 314 ML &#8211; Nonna Marida"},"content":{"rendered":"","protected":false},"excerpt":{"rendered":"<p>&#8211; Rag\u00f9 di Carne Pronto &#8211; Die Kunst des traditionellen Geschmacks. Entdecken Sie die kulinarische Tradition mit unserem Rag\u00f9 di Carne Pronto, einer dicken und schmackhaften Sauce, die durch das langsame Kochen von Hackfleisch und Tomatenp\u00fcree entsteht. Perfekt zum W\u00fcrzen von klassischen Eiernudeln oder \u00fcberbackener Lasagne. Besondere Merkmale von Rag\u00f9 di Carne Pronto: Fleisch von h\u00f6chster Qualit\u00e4t: Nur hochwertiges Fleisch wird f\u00fcr die Zubereitung unseres Rag\u00f9 Pronto verwendet. Durch das langsame Garen entwickelt das Fleisch intensive, saftige Aromen. Frisches Tomatenp\u00fcree: Wir verwenden nur frische Tomaten, um ein Tomatenp\u00fcree zu erhalten, das zu der dicken Textur und dem reichen Geschmack des Rag\u00f9 beitr\u00e4gt. Dickfl\u00fcssige und geschmackvolle So\u00dfe: Das Ergebnis ist eine dickfl\u00fcssige und geschmackvolle So\u00dfe, die jedes Gericht zu einem unvergesslichen Geschmackserlebnis macht. So machen Sie das Beste aus einem servierfertigen Fleischragout: Traditionelle Eiernudeln: Kochen Sie klassische Eiernudeln und \u00fcbergie\u00dfen Sie sie mit Fleischsauce f\u00fcr ein Gericht, das den authentischen Geschmack der italienischen K\u00fcche auf den Tisch bringt. Lasagne al Forno: Die Zubereitung von Lasagne im Ofen ist ein Kinderspiel. Schichten Sie abwechselnd Nudeln, Fleischsauce und B\u00e9chamelsauce f\u00fcr eine Zubereitung, die jeden \u00fcberzeugen wird. Polenta und Gnocchi: Die Fleischsauce ist auch ein perfekter Begleiter f\u00fcr Polenta oder zum W\u00fcrzen von hausgemachten Gnocchi. Warum Sie sich f\u00fcr Fleischragout Pronto entscheiden sollten: Qualit\u00e4t ohne Kompromisse: Die sorgf\u00e4ltige Auswahl der Zutaten garantiert ein hochwertiges Produkt, das auch die anspruchsvollsten Gaumen zufrieden stellt. Einfaches Kochen: Genie\u00dfen Sie den traditionellen Geschmack, ohne stundenlang am Herd stehen zu m\u00fcssen. Ragu di carne pronto ist die ideale L\u00f6sung f\u00fcr alle, die gutes Essen lieben, aber nur wenig Zeit f\u00fcr die Zubereitung haben.             <\/p>\n<p>-Zutaten<strong>:<\/strong> Tomatensauce 60%(Ursprung Italien), Schweinefleisch 18%(Ursprung Italien), Rindfleisch 9%(Ursprung Italien), Oliven\u00f6l, Rotwein, Zwiebel, Basilikum, Salz. Nat\u00fcrlicher S\u00e4ureregulator E575.&lt;Herstellungsmethode S\u00e4uerung ph 4.5, Pasteurisierung.<strong>Allergene:<\/strong> Sulfite. <strong>GVO:<\/strong> Abwesend. <strong>N\u00e4hrwerte (Durchschnittswerte pro 100 g des Produkts): <\/strong>Energiewert 469 Kj \/ 112 Kcal, Fett 8,3 g, davon ges\u00e4ttigte Fetts\u00e4uren 1,6 g, Kohlenhydrate 2,3 g, davon Zucker 2,2 g, Ballaststoffe 1,1 g, Eiwei\u00df 6,5 g, Salz 1,3 g. &lt; &lt; &lt;&lt;M <strong>ikrobiologische Analyse: <\/strong>Mikroorganismenzahl bei 30\u00b0 C 1000 KBE\/g, Schimmelpilze 10 KBE\/g, Hefen 10 KBE\/g, Listeria monocytogenes Nicht vorhanden in 25 g, pH-Wert 4,4 pH-Einheiten.<strong>ETIKETTIERUNG <\/strong>(Ref. EU Reg. 1169\/11 in der ge\u00e4nderten Fassung): Die Etiketten, die zum Zeitpunkt der Verpackung auf dem Produkt angebracht werden, entsprechen den geltenden Vorschriften. Jedes Produkt ist mit einer Chargennummer gekennzeichnet. Das gesamte System der R\u00fcckverfolgbarkeit bezieht sich auf die Produktionsmethoden bis hin zu den Rohstoffen und der Verpackung. (EG-Verordnung 178\/2002 und verwandte Vorschriften). Glasbeh\u00e4lter: GL 70 Glass Collection. Kapsel: ALU 41 Aluminium Kollektion. Etikett: PAP 22 Papier Kollektion. Verwendungszweck: Produkt f\u00fcr alle. Gebrauchsanweisung Gebrauchsfertiges Produkt. Nach dem \u00d6ffnen im K\u00fchlschrank aufbewahren (+2 \u00b0C \/+5 \u00b0C) und innerhalb von 3\/4 Tagen verbrauchen. Lagerung: An einem k\u00fchlen, trockenen Ort, fern von Licht und W\u00e4rmequellen.<strong> Haltbarkeitsdauer:<\/strong> 24 Monate. Verpackung: 314 ml. Nettogewicht: 270 g. Verpackungsbeschreibung: Glasgef\u00e4\u00dfe mit Schraubverschluss. Transportart: Nicht gek\u00fchlt.  <\/p>\n","protected":false},"featured_media":21802,"template":"","meta":[],"product_brand":[],"product_cat":[15],"product_tag":[272],"class_list":{"0":"post-23329","1":"product","2":"type-product","3":"status-publish","4":"has-post-thumbnail","6":"product_cat-salumi-e-carni","7":"product_tag-nonna-marida","9":"first","10":"instock","11":"taxable","12":"shipping-taxable","13":"purchasable","14":"product-type-simple"},"_links":{"self":[{"href":"https:\/\/italiansublimefood.com\/de\/wp-json\/wp\/v2\/product\/23329","targetHints":{"allow":["GET"]}}],"collection":[{"href":"https:\/\/italiansublimefood.com\/de\/wp-json\/wp\/v2\/product"}],"about":[{"href":"https:\/\/italiansublimefood.com\/de\/wp-json\/wp\/v2\/types\/product"}],"wp:featuredmedia":[{"embeddable":true,"href":"https:\/\/italiansublimefood.com\/de\/wp-json\/wp\/v2\/media\/21802"}],"wp:attachment":[{"href":"https:\/\/italiansublimefood.com\/de\/wp-json\/wp\/v2\/media?parent=23329"}],"wp:term":[{"taxonomy":"product_brand","embeddable":true,"href":"https:\/\/italiansublimefood.com\/de\/wp-json\/wp\/v2\/product_brand?post=23329"},{"taxonomy":"product_cat","embeddable":true,"href":"https:\/\/italiansublimefood.com\/de\/wp-json\/wp\/v2\/product_cat?post=23329"},{"taxonomy":"product_tag","embeddable":true,"href":"https:\/\/italiansublimefood.com\/de\/wp-json\/wp\/v2\/product_tag?post=23329"}],"curies":[{"name":"wp","href":"https:\/\/api.w.org\/{rel}","templated":true}]}}