{"id":23328,"date":"2024-09-19T15:06:22","date_gmt":"2024-09-19T13:06:22","guid":{"rendered":"https:\/\/italiansublimefood.com\/product\/steinpilzsauce-314-ml-nonna-marida\/"},"modified":"2025-05-05T10:03:02","modified_gmt":"2025-05-05T08:03:02","slug":"steinpilzsosse-314-ml-nonna-marida","status":"publish","type":"product","link":"https:\/\/italiansublimefood.com\/de\/produkt\/steinpilzsosse-314-ml-nonna-marida\/","title":{"rendered":"STEINPILZSo\u00dfe 314 ML &#8211; Nonna Marida"},"content":{"rendered":"","protected":false},"excerpt":{"rendered":"<p>&#8211; Sugo Pronto ai Funghi Porcini &#8211; Eine Reise in die Aromen der Natur. Entdecken Sie die Harmonie der W\u00e4lder direkt auf Ihrem Tisch mit unserem Sugo Pronto ai Funghi Porcini. Diese kulinarische Delikatesse ist das Ergebnis einer perfekten Kombination aus dem intensiven Geschmack von Steinpilzen und hochwertigem Tomatenmark und garantiert ein umh\u00fcllendes und befriedigendes gastronomisches Erlebnis. Einzigartige Eigenschaften des Sugo Pronto ai Funghi Porcini: Aromen des Waldes: Die sorgf\u00e4ltige Auswahl der Steinpilze, die gekonnt mit der S\u00fc\u00dfe des Tomatenmarks kombiniert wird, bringt die authentischen Aromen des Waldes zur\u00fcck in Ihre Gerichte. Geschmacksintensit\u00e4t: Der intensive Geschmack der Steinpilze verbindet sich harmonisch mit der samtigen Textur der Sauce und sorgt f\u00fcr ein schmackhaftes Erlebnis f\u00fcr den Gaumen. Kulinarische Vielseitigkeit: Sugo Pronto ai Funghi Porcini ist nicht nur eine k\u00f6stliche W\u00fcrze f\u00fcr Pasta, sondern eignet sich auch hervorragend als Basis f\u00fcr kreative Rezepte wie Risotto oder Gourmet-Crostini. Wie Sie Sugo Pronto ai Funghi Porcini am besten verwenden k\u00f6nnen: Parf\u00fcmierte Pasta: Kochen Sie Ihre Lieblingspasta und geben Sie die Sauce gro\u00dfz\u00fcgig dar\u00fcber, um ein Gericht voller holziger Aromen zu erhalten. Elegantes Risotto: Verwenden Sie die Sauce als Grundlage f\u00fcr ein cremiges Risotto, das Sie mit Weichk\u00e4se und Waldspezialit\u00e4ten anreichern. Gourmet-Crostini: Verteilen Sie Sugo Pronto ai Funghi Porcini auf frisch getoasteten Crostini und verleihen Sie einer Gourmet-Vorspeise eine raffinierte Note. Warum Sie sich f\u00fcr Steinpilzsauce entscheiden sollten: Unverf\u00e4lschter Geschmack: Unser Rezept unterstreicht die Echtheit der Steinpilze und garantiert ein authentisches kulinarisches Erlebnis. Qualit\u00e4t der Zutaten: Wir verwenden nur erstklassige Zutaten, die mit Leidenschaft und Respekt vor der Natur angebaut werden.          <\/p>\n<p>-Zutaten<strong>:<\/strong> Tomatenfruchtfleisch 85 %(Herkunft Italien), natives Oliven\u00f6l extra, Steinpilze (Boletus edulis)2% , Zwiebel, Petersilie, Salz. Mykologisch getestet von Dr. Eugenio Mari (Nationale Reg. Nr. 791- Reg. Cal. 21). <strong>Herstellungsmethode:<\/strong> Ans\u00e4uerung ph  &lt;<br \/>\n4.5, Pasteurisierung.<strong>Allergene<\/strong>: Abwesend. <strong>GVO:<\/strong> Abwesend. <strong>N\u00e4hrwerte (Durchschnittswerte pro 100 g des Produkts): <\/strong>Energiewert 186 Kj \/ 44,5 Kcal, Fett 2,1 g, davon ges\u00e4ttigte Fetts\u00e4uren 0,3 g, Kohlenhydrate 4,9 g, davon Zucker 3,9 g, Ballaststoffe 1,6 g, Eiwei\u00df 1,5 g, Salz 2,2 g. <strong>Mikrobiologische Analyse: <\/strong>Anzahl der Mikroorganismen bei 30\u00b0 C      &lt;  1000 KBE\/g, Schimmelpilze  &lt;  10 KBE\/g, Hefen  &lt;  10 KBE\/g, Listeria monocytogenes Abwesend in 25 g, pH  &lt;  4,4 pH-Einheiten. <strong>ETIKETTIERUNG <\/strong>(Ref. EU Reg. 1169\/11 in der ge\u00e4nderten Fassung):<br \/>\nDie Etiketten, die zum Zeitpunkt der Verpackung auf dem Produkt angebracht sind, entsprechen den geltenden Vorschriften. Jedes Produkt tr\u00e4gt eine Losnummer auf dem Etikett. Das gesamte System der R\u00fcckverfolgbarkeit bezieht sich auf die Produktionsmethoden bis hin zu den Rohstoffen und der Verpackung (EG-Verordnung 178\/2002 und damit verbundene Verordnungen). Tiegel: GL 70 GL Sammlung. Kapsel: ALU 41 Aluminium-Kollektion. Etikett: APP 22 Papier-Kollektion. Verwendungszweck: Produkt f\u00fcr alle. Geeignet f\u00fcr die vegane und vegetarische Ern\u00e4hrung. Gebrauchsanweisung: Das Produkt ist gebrauchsfertig. Nach dem \u00d6ffnen im K\u00fchlschrank aufbewahren (+2 \u00b0C \/+5 \u00b0C) und innerhalb von 4-5 Tagen verbrauchen. Lagerung: An einem k\u00fchlen, trockenen Ort, fern von Licht und W\u00e4rmequellen.<strong>Haltbarkeitsdauer:<\/strong> 24 Monate. Verpackung: 314 ml. Nettogewicht: 270 g. Verpackungsbeschreibung: Glasgef\u00e4\u00dfe mit Schraubverschluss. Art des Transports: Nicht gek\u00fchlt.              <\/p>\n","protected":false},"featured_media":21874,"template":"","meta":[],"product_brand":[],"product_cat":[15],"product_tag":[272],"class_list":{"0":"post-23328","1":"product","2":"type-product","3":"status-publish","4":"has-post-thumbnail","6":"product_cat-salumi-e-carni","7":"product_tag-nonna-marida","9":"first","10":"instock","11":"taxable","12":"shipping-taxable","13":"purchasable","14":"product-type-simple"},"_links":{"self":[{"href":"https:\/\/italiansublimefood.com\/de\/wp-json\/wp\/v2\/product\/23328","targetHints":{"allow":["GET"]}}],"collection":[{"href":"https:\/\/italiansublimefood.com\/de\/wp-json\/wp\/v2\/product"}],"about":[{"href":"https:\/\/italiansublimefood.com\/de\/wp-json\/wp\/v2\/types\/product"}],"wp:featuredmedia":[{"embeddable":true,"href":"https:\/\/italiansublimefood.com\/de\/wp-json\/wp\/v2\/media\/21874"}],"wp:attachment":[{"href":"https:\/\/italiansublimefood.com\/de\/wp-json\/wp\/v2\/media?parent=23328"}],"wp:term":[{"taxonomy":"product_brand","embeddable":true,"href":"https:\/\/italiansublimefood.com\/de\/wp-json\/wp\/v2\/product_brand?post=23328"},{"taxonomy":"product_cat","embeddable":true,"href":"https:\/\/italiansublimefood.com\/de\/wp-json\/wp\/v2\/product_cat?post=23328"},{"taxonomy":"product_tag","embeddable":true,"href":"https:\/\/italiansublimefood.com\/de\/wp-json\/wp\/v2\/product_tag?post=23328"}],"curies":[{"name":"wp","href":"https:\/\/api.w.org\/{rel}","templated":true}]}}