{"id":23327,"date":"2024-09-19T15:03:40","date_gmt":"2024-09-19T13:03:40","guid":{"rendered":"https:\/\/italiansublimefood.com\/product\/auberginensauce-314-ml-nonna-marida\/"},"modified":"2025-05-05T10:03:02","modified_gmt":"2025-05-05T08:03:02","slug":"auberginensosse-314-ml-nonna-marida","status":"publish","type":"product","link":"https:\/\/italiansublimefood.com\/de\/produkt\/auberginensosse-314-ml-nonna-marida\/","title":{"rendered":"AUBERGINENSo\u00dfe 314 ML &#8211; Nonna Marida"},"content":{"rendered":"","protected":false},"excerpt":{"rendered":"<p>&#8211; Sugo Pronto alle Melanzane &#8211; Ein authentischer Geschmack des Gem\u00fcsegartens in jedem Bissen. Unser Sugo Pronto alle Melanzane zelebriert den authentischen Geschmack des Gem\u00fcsegartens, in dem die Zartheit und Frische des Sommers in einer k\u00f6stlichen Geschmacksexplosion zusammenkommen, die Ihren Gaumen mit jedem Bissen erfreut. Sugo Pronto alle Melanzane zeichnet sich durch folgende Eigenschaften aus: Immerw\u00e4hrender Sommergeschmack: Die Auberginensauce f\u00e4ngt den frischen, delikaten Geschmack des Sommers ein und bringt ihn zu jeder Jahreszeit direkt auf Ihren Tisch. Hochwertiges Tomatenfruchtfleisch: Hochwertiges Tomatenmark verbindet sich mit Aubergine zu einer schmackhaften, reichhaltigen Basis, die Ihre Gerichte verwandelt. Verwendung der Auberginen-Fertigsauce: Sommerliche Pasta: Veredeln Sie Ihre Lieblingspasta mit Auberginensauce f\u00fcr eine leichte Mahlzeit voller Sommeraromen. Bruschette Raffinate: Verwenden Sie die Sauce als Topping f\u00fcr Bruschetta und f\u00fcgen Sie frischen K\u00e4se oder Kr\u00e4uter hinzu, um eine raffinierte Vorspeise zu erhalten. Melanzane alla Parmigiana Veloce: Kreieren Sie schnell und einfach eine beschleunigte Version der klassischen Melanzane alla Parmigiana mit unserer Fertigsauce. Warum Sie sich f\u00fcr Auberginen-Fertigsauce entscheiden sollten: Sommergeschmack zu jeder Zeit: Genie\u00dfen Sie den Sommergeschmack, auch wenn der Sommer weit weg ist, mit unserer Fertigsauce, die den Garten auf Ihren Tisch bringt. Hochwertige Zutaten: Es werden nur hochwertige Zutaten verwendet, um einen authentischen und unverf\u00e4lschten Geschmack zu garantieren.        <\/p>\n<p>-Zutaten<strong>:<\/strong> Tomatenfruchtfleisch 80% (Herkunft Italien), Aubergine 15%, Basilikum, Zwiebel, natives Oliven\u00f6l extra, Salz. <strong>Herstellungsverfahren:<\/strong> S\u00e4uerung ph &lt;4.5, Pasteurisierung. <strong>Allergene<\/strong>: Abwesend. <strong>GVO:<\/strong> Abwesend. <strong>N\u00e4hrwerte (Durchschnittswerte pro 100 g des Produkts): <\/strong>Energiewert 195,8 Kj \/ 46,8 Kcal, Fett 2,3 g, davon ges\u00e4ttigte Fetts\u00e4uren 0,3 g, Kohlenhydrate 5,1 g, davon Zucker 4,1 g, Ballaststoffe 1,6 g, Eiwei\u00df 1,5 g, Salz 2,2 g. <strong>Mikrobiologische Analyse: <\/strong>Anzahl der Mikroorganismen bei 30\u00b0 C      &lt;  1000 KBE\/g, Schimmelpilze  &lt;  10 KBE\/g, Hefen  &lt;  10 KBE\/g, Listeria monocytogenes Abwesend in 25 g, pH  &lt;  4,4 pH-Einheiten. <strong>ETIKETTIERUNG <\/strong>(Ref. EU Reg. 1169\/11 in der ge\u00e4nderten Fassung): Die Etiketten, die zum Zeitpunkt der Verpackung auf dem Produkt angebracht werden, entsprechen den geltenden Vorschriften. Jedes Produkt ist mit einer Chargennummer gekennzeichnet. Das gesamte System der R\u00fcckverfolgbarkeit bezieht sich auf die Produktionsmethoden bis hin zu den Rohstoffen und der Verpackung (EG-Verordnung 178\/2002 und damit verbundene Verordnungen). Tiegel: GL 70 GL Sammlung. Kapsel: ALU 41 Aluminium Kollektion. Etikett: PAP 22 Papier-Kollektion. Verwendungszweck: Produkt f\u00fcr alle. Geeignet f\u00fcr die vegane und vegetarische Ern\u00e4hrung. Gebrauchsanweisung: Das Produkt ist gebrauchsfertig. Nach dem \u00d6ffnen im K\u00fchlschrank aufbewahren (+2 \u00b0C \/+5 \u00b0C) und innerhalb von 3\/4 Tagen verbrauchen. Lagerung: An einem k\u00fchlen, trockenen Ort, fern von Licht und W\u00e4rmequellen. <strong>Haltbarkeitsdauer:<\/strong> 24 Monate. Verpackung: 314 ml. Nettogewicht: 270 g. Verpackungsbeschreibung: Glasgef\u00e4\u00dfe mit Schraubverschluss. Art des Transports: Nicht gek\u00fchlt.              <\/p>\n","protected":false},"featured_media":21889,"template":"","meta":[],"product_brand":[],"product_cat":[15],"product_tag":[272],"class_list":{"0":"post-23327","1":"product","2":"type-product","3":"status-publish","4":"has-post-thumbnail","6":"product_cat-salumi-e-carni","7":"product_tag-nonna-marida","9":"first","10":"instock","11":"taxable","12":"shipping-taxable","13":"purchasable","14":"product-type-simple"},"_links":{"self":[{"href":"https:\/\/italiansublimefood.com\/de\/wp-json\/wp\/v2\/product\/23327","targetHints":{"allow":["GET"]}}],"collection":[{"href":"https:\/\/italiansublimefood.com\/de\/wp-json\/wp\/v2\/product"}],"about":[{"href":"https:\/\/italiansublimefood.com\/de\/wp-json\/wp\/v2\/types\/product"}],"wp:featuredmedia":[{"embeddable":true,"href":"https:\/\/italiansublimefood.com\/de\/wp-json\/wp\/v2\/media\/21889"}],"wp:attachment":[{"href":"https:\/\/italiansublimefood.com\/de\/wp-json\/wp\/v2\/media?parent=23327"}],"wp:term":[{"taxonomy":"product_brand","embeddable":true,"href":"https:\/\/italiansublimefood.com\/de\/wp-json\/wp\/v2\/product_brand?post=23327"},{"taxonomy":"product_cat","embeddable":true,"href":"https:\/\/italiansublimefood.com\/de\/wp-json\/wp\/v2\/product_cat?post=23327"},{"taxonomy":"product_tag","embeddable":true,"href":"https:\/\/italiansublimefood.com\/de\/wp-json\/wp\/v2\/product_tag?post=23327"}],"curies":[{"name":"wp","href":"https:\/\/api.w.org\/{rel}","templated":true}]}}