{"id":23325,"date":"2024-09-19T15:16:42","date_gmt":"2024-09-19T13:16:42","guid":{"rendered":"https:\/\/italiansublimefood.com\/product\/arrabbiata-sauce-314-ml-nonna-marida\/"},"modified":"2025-05-05T10:03:02","modified_gmt":"2025-05-05T08:03:02","slug":"arrabbiata-sosse-314-ml-nonna-marida","status":"publish","type":"product","link":"https:\/\/italiansublimefood.com\/de\/produkt\/arrabbiata-sosse-314-ml-nonna-marida\/","title":{"rendered":"ARRABBIATA-So\u00dfe 314 ML &#8211; Nonna Marida"},"content":{"rendered":"","protected":false},"excerpt":{"rendered":"<p>&#8211; Sugo Pronto all&#8217;Arrabbiata &#8211; die w\u00fcrzige Sauce, die Ihren Gaumen erobert. Genie\u00dfen Sie die unwiderstehliche Sch\u00e4rfe unserer Spezialit\u00e4t, Sugo Pronto all&#8217;Arrabbiata. Diese Sauce wurde speziell f\u00fcr Liebhaber der Sch\u00e4rfe kreiert und ist die perfekte Wahl, um den Geschmack Ihrer Lieblingsgerichte zu verbessern. Ihre Vielseitigkeit ist eine echte St\u00e4rke, die sie f\u00fcr eine Vielzahl von kulinarischen Kreationen geeignet macht. Besondere Merkmale der Arrabbiata Fertigsauce: W\u00fcrzige Explosion: Die perfekte Kombination aus frischem Chili und reifen Tomaten ergibt eine gebrauchsfertige Sauce, die eine schmackhafte Explosion der Sch\u00e4rfe liefert. Umh\u00fcllende Konsistenz: Dank des langsamen Kochens der besten Zutaten zeichnet sich unsere Sauce durch eine umh\u00fcllende Konsistenz aus, die sich perfekt f\u00fcr alle Arten von Pasta eignet. Vielseitigkeit in der K\u00fcche: Arrabbiata Pronto Sauce ist nicht nur die ideale Begleitung f\u00fcr Pasta wie Spaghetti oder Penne, sondern kann auch als W\u00fcrze f\u00fcr Fleischgerichte oder als Sauce f\u00fcr Ihre Lieblingspizza verwendet werden. So verwenden Sie Arrabbiata Fertigsauce: Pizzicante Pasta: Kochen Sie die Pasta al dente und r\u00fchren Sie die Sauce gro\u00dfz\u00fcgig ein, um eine Pasta mit pikantem Aroma zu erhalten. Pizza Piccante: Verwenden Sie die Sauce als Grundlage f\u00fcr Ihre Lieblingspizza und f\u00fcgen Sie je nach Geschmack K\u00e4se, Gem\u00fcse und Eiwei\u00df hinzu. K\u00fchnes W\u00fcrzmittel: Probieren Sie die Sauce zu gegrilltem Fleisch oder Braten, um Ihren herzhaften Gerichten eine k\u00fchne Note zu verleihen. Warum Sie sich f\u00fcr Arrabbiata Fertigsauce entscheiden sollten: W\u00fcrzige Authentizit\u00e4t: Unsere Sauce f\u00e4ngt den authentischen, w\u00fcrzigen Geschmack Italiens ein und garantiert Ihnen ein unvergessliches gastronomisches Erlebnis. Qualit\u00e4t der Zutaten: Wir verwenden nur hochwertige Zutaten, um eine Fertigsauce anbieten zu k\u00f6nnen, die die Tradition und Leidenschaft f\u00fcr die italienische K\u00fcche widerspiegelt.           <\/p>\n<p>-Zutaten<strong>:<\/strong> Tomatenfruchtfleisch 80% (Herkunft Italien), Peperoni 15%, Zwiebel 3%, natives Oliven\u00f6l extra2%, Salz.&lt;H <strong>erstellungsverfahren:<\/strong> Ans\u00e4uerung ph 4.5, Pasteurisierung.<strong>Allergene:<\/strong> Abwesend. <strong>GVO:<\/strong> Abwesend. <strong>N\u00e4hrwerte (Durchschnittswerte pro 100 g des Produkts): <\/strong>Energiewert 190,6 Kj \/ 45,6 Kcal, Fett 2,2 g, davon ges\u00e4ttigte Fetts\u00e4uren 0,3 g, Kohlenhydrate 5,1 g, davon Zucker 4,0 g, Ballaststoffe 1,4 g, Eiwei\u00df 1,3 g, Salz 2,2 g. &lt; &lt; &lt; &lt; M<strong>ikrobiologische Analyse: <\/strong>Mikroorganismenzahl bei 30\u00b0 C 1000 KBE\/g, Schimmelpilze 10 KBE\/g, Hefen 10 KBE\/g, Listeria monocytogenes Nicht vorhanden in 25 g, pH-Wert 4,4 pH-Einheiten. <strong>ETIKETTIERUNG <\/strong>(Ref. EU Reg. 1169\/11 in der ge\u00e4nderten Fassung): Die Etiketten, die zum Zeitpunkt der Verpackung auf dem Produkt angebracht werden, entsprechen den geltenden Vorschriften. Jedes Produkt ist mit einer Chargennummer gekennzeichnet. Das gesamte System der R\u00fcckverfolgbarkeit bezieht sich auf die Produktionsmethoden bis hin zu den Rohstoffen und der Verpackung (EG-Verordnung 178\/2002 und verwandte Verordnungen). Glasgef\u00e4\u00df: GL 70 Glass Collection. Kapsel: ALU 41 Aluminium Kollektion. Etikett: PAP 22 Papier Kollektion. Verwendungszweck: Produkt f\u00fcr alle. Geeignet f\u00fcr die vegane und vegetarische Ern\u00e4hrung. Gebrauchsanweisung: Das Produkt ist gebrauchsfertig. Nach dem \u00d6ffnen im K\u00fchlschrank aufbewahren (+2 \u00b0C \/+5 \u00b0C) und innerhalb von 3\/4 Tagen verbrauchen. Aufbewahrung: An einem k\u00fchlen, trockenen Ort, vor Licht und W\u00e4rmequellen gesch\u00fctzt aufbewahren.<br \/>\nH <strong>altbarkeit:<\/strong> 24 Monate. 314 ml Packung. Nettogewicht: 270 g.<br \/>\nBeschreibung der Verpackung: Glasgef\u00e4\u00dfe mit Schraubverschluss. Transportart: Ungek\u00fchlt.            <\/p>\n","protected":false},"featured_media":21826,"template":"","meta":[],"product_brand":[],"product_cat":[15],"product_tag":[272],"class_list":{"0":"post-23325","1":"product","2":"type-product","3":"status-publish","4":"has-post-thumbnail","6":"product_cat-salumi-e-carni","7":"product_tag-nonna-marida","9":"first","10":"instock","11":"taxable","12":"shipping-taxable","13":"purchasable","14":"product-type-simple"},"_links":{"self":[{"href":"https:\/\/italiansublimefood.com\/de\/wp-json\/wp\/v2\/product\/23325","targetHints":{"allow":["GET"]}}],"collection":[{"href":"https:\/\/italiansublimefood.com\/de\/wp-json\/wp\/v2\/product"}],"about":[{"href":"https:\/\/italiansublimefood.com\/de\/wp-json\/wp\/v2\/types\/product"}],"wp:featuredmedia":[{"embeddable":true,"href":"https:\/\/italiansublimefood.com\/de\/wp-json\/wp\/v2\/media\/21826"}],"wp:attachment":[{"href":"https:\/\/italiansublimefood.com\/de\/wp-json\/wp\/v2\/media?parent=23325"}],"wp:term":[{"taxonomy":"product_brand","embeddable":true,"href":"https:\/\/italiansublimefood.com\/de\/wp-json\/wp\/v2\/product_brand?post=23325"},{"taxonomy":"product_cat","embeddable":true,"href":"https:\/\/italiansublimefood.com\/de\/wp-json\/wp\/v2\/product_cat?post=23325"},{"taxonomy":"product_tag","embeddable":true,"href":"https:\/\/italiansublimefood.com\/de\/wp-json\/wp\/v2\/product_tag?post=23325"}],"curies":[{"name":"wp","href":"https:\/\/api.w.org\/{rel}","templated":true}]}}