{"id":23322,"date":"2024-09-19T14:58:14","date_gmt":"2024-09-19T12:58:14","guid":{"rendered":"https:\/\/italiansublimefood.com\/product\/geschaelte-tomaten-720-ml-nonna-marida\/"},"modified":"2025-05-05T10:03:02","modified_gmt":"2025-05-05T08:03:02","slug":"geschaelte-tomaten-720-ml-nonna-marida","status":"publish","type":"product","link":"https:\/\/italiansublimefood.com\/de\/produkt\/geschaelte-tomaten-720-ml-nonna-marida\/","title":{"rendered":"GESCH\u00c4LTE TOMATEN 720 ML &#8211; Nonna Marida"},"content":{"rendered":"","protected":false},"excerpt":{"rendered":"<p>&#8211; Gesch\u00e4lte Tomaten &#8211; Die S\u00fc\u00dfe und Frische der Natur auf Ihrem Tisch. Unsere gesch\u00e4lten Tomaten verk\u00f6rpern den authentischen Geschmack von Tomaten, zubereitet mit der gleichen Leidenschaft und Hingabe wie in vergangenen Zeiten. In jeder Dose enthalten wir die W\u00e4rme der Sonne und die Kraft der Erde, um die S\u00fc\u00dfe und Frische der Natur auf Ihren Tisch zu bringen. Besondere Eigenschaften von gesch\u00e4lten Tomaten: Nat\u00fcrliche S\u00fc\u00dfe: Unsere gesch\u00e4lten Tomaten werden aufgrund ihrer nat\u00fcrlichen S\u00fc\u00dfe ausgew\u00e4hlt und bilden eine perfekte Grundlage f\u00fcr jedes Gericht. Ideale Konsistenz: Sorgf\u00e4ltig gesch\u00e4lt, um eine ideale Konsistenz zu gew\u00e4hrleisten, die sich harmonisch mit Ihren Lieblingsrezepten verbinden l\u00e4sst. Verwendung von gesch\u00e4lten Tomaten: Saucen und Ragouts: Verwenden Sie gesch\u00e4lte Tomaten als Grundlage f\u00fcr reichhaltige und schmackhafte Saucen und Ragouts. Nudelgerichte: F\u00fcgen Sie Ihren Nudelgerichten gesch\u00e4lte Tomaten hinzu, um ihnen einen frischen, nat\u00fcrlichen Geschmack zu verleihen. Suppen und Eint\u00f6pfe: Verfeinern Sie Ihre Suppen und Eint\u00f6pfe mit der S\u00fc\u00dfe von gesch\u00e4lten Tomaten f\u00fcr unwiderstehliche Wohlf\u00fchlgerichte. Warum Sie sich f\u00fcr unsere gesch\u00e4lten Tomaten entscheiden sollten: Sorgf\u00e4ltige Auswahl: Unsere gesch\u00e4lten Tomaten stammen aus einer sorgf\u00e4ltigen Auswahl, die garantiert, dass nur die besten Fr\u00fcchte auf Ihren Tisch kommen. Tradition und Qualit\u00e4t: Wir folgen kulinarischen Traditionen, um ein hochwertiges Produkt zu garantieren, das den authentischen Geschmack der Tomate widerspiegelt.         <\/p>\n<p>-Zutaten<strong>:<\/strong> Tomaten (Herkunft Kalabrien Italien).&lt;H <strong>erstellungsverfahren:<\/strong> S\u00e4uerung ph 4.5, Pasteurisierung.<strong>Allergene<\/strong>: Abwesend. <strong>GVOs:<\/strong> Abwesend. <strong>N\u00e4hrwerte (Durchschnittswerte pro 100 g des Produkts): <\/strong>Energiewert 108 Kj \/ 26 Kcal, Fett 0,5 g, davon ges\u00e4ttigte Fetts\u00e4uren 0,1 g, Kohlenhydrate 4 g, davon Zucker 3 g, Ballaststoffe 0,9 g, Eiwei\u00df 1,5 g, Salz 0,1 g. &lt; &lt; &lt; &lt; M<strong>ikrobiologische Analyse: <\/strong>Anzahl der Mikroorganismen bei 30\u00b0 C 1000 KBE\/g, Schimmelpilze 10 KBE\/g, Hefen 10 KBE\/g, Listeria monocytogenes Nicht vorhanden in 25 g, pH-Wert 4,4 pH-Einheiten. <strong>ETIKETTIERUNG <\/strong>(Ref. EU Reg. 1169\/11 in der ge\u00e4nderten Fassung): Die Etiketten, die zum Zeitpunkt der Verpackung auf dem Produkt angebracht werden, entsprechen den geltenden Vorschriften. Jedes Produkt ist mit einer Chargennummer gekennzeichnet. Das gesamte System der R\u00fcckverfolgbarkeit bezieht sich auf die Produktionsmethoden bis hin zu den Rohstoffen und der Verpackung (EG-Verordnung 178\/2002 und damit verbundene Verordnungen). Tiegel: GL 70 GL Sammlung. Kapsel: ALU 41 Aluminium-Kollektion. Verwendungszweck: Produkt f\u00fcr jedermann. Geeignet f\u00fcr die vegane und vegetarische Ern\u00e4hrung. Gebrauchsanweisung: Das Produkt ist gebrauchsfertig. Achten Sie nach dem \u00d6ffnen der Packung darauf, dass das Produkt mit \u00d6l bedeckt ist, lagern Sie es im K\u00fchlschrank (+2 \u00b0C \/+5 \u00b0C) und verbrauchen Sie es innerhalb von 4\/5 Tagen. Lagerung: An einem k\u00fchlen, trockenen Ort, fern von Licht und W\u00e4rmequellen. <strong>Haltbarkeitsdauer:<\/strong> 24 Monate. Packung mit 720 ml. Nettogewicht: 680 g. Verpackungsbeschreibung: Glasgef\u00e4\u00dfe mit Schraubverschluss. Transportart: Nicht gek\u00fchlt.             <\/p>\n","protected":false},"featured_media":21913,"template":"","meta":[],"product_brand":[],"product_cat":[15],"product_tag":[272],"class_list":{"0":"post-23322","1":"product","2":"type-product","3":"status-publish","4":"has-post-thumbnail","6":"product_cat-salumi-e-carni","7":"product_tag-nonna-marida","9":"first","10":"instock","11":"taxable","12":"shipping-taxable","13":"purchasable","14":"product-type-simple"},"_links":{"self":[{"href":"https:\/\/italiansublimefood.com\/de\/wp-json\/wp\/v2\/product\/23322","targetHints":{"allow":["GET"]}}],"collection":[{"href":"https:\/\/italiansublimefood.com\/de\/wp-json\/wp\/v2\/product"}],"about":[{"href":"https:\/\/italiansublimefood.com\/de\/wp-json\/wp\/v2\/types\/product"}],"wp:featuredmedia":[{"embeddable":true,"href":"https:\/\/italiansublimefood.com\/de\/wp-json\/wp\/v2\/media\/21913"}],"wp:attachment":[{"href":"https:\/\/italiansublimefood.com\/de\/wp-json\/wp\/v2\/media?parent=23322"}],"wp:term":[{"taxonomy":"product_brand","embeddable":true,"href":"https:\/\/italiansublimefood.com\/de\/wp-json\/wp\/v2\/product_brand?post=23322"},{"taxonomy":"product_cat","embeddable":true,"href":"https:\/\/italiansublimefood.com\/de\/wp-json\/wp\/v2\/product_cat?post=23322"},{"taxonomy":"product_tag","embeddable":true,"href":"https:\/\/italiansublimefood.com\/de\/wp-json\/wp\/v2\/product_tag?post=23322"}],"curies":[{"name":"wp","href":"https:\/\/api.w.org\/{rel}","templated":true}]}}