{"id":23260,"date":"2024-09-20T11:44:33","date_gmt":"2024-09-20T09:44:33","guid":{"rendered":"https:\/\/italiansublimefood.com\/product\/riserva-doc-orcia-du-cose-da-berna\/"},"modified":"2025-05-05T10:02:59","modified_gmt":"2025-05-05T08:02:59","slug":"riserva-doc-orcia-du-cose-da-berna","status":"publish","type":"product","link":"https:\/\/italiansublimefood.com\/de\/produkt\/riserva-doc-orcia-du-cose-da-berna\/","title":{"rendered":"Riserva DOC Orcia &#8211; Du&#8217; Cose da Berna"},"content":{"rendered":"","protected":false},"excerpt":{"rendered":"<p class=\"mobile-undersized-upper\">&#8211; Organoleptische Eigenschaften: Wein von intensiver rubinroter Farbe, die ins Granatrot tendiert, mit einem eleganten Bouquet, das typisch f\u00fcr den lange gereiften Sangiovese ist, mit Noten von reifen Fr\u00fcchten, Marmelade und Kirsche sowie Ankl\u00e4ngen von Veilchen und Gew\u00fcrzen, insbesondere Pfeffer und Kaffeebohnen. Der Geschmack ist trocken und elegant, gleichm\u00e4\u00dfig tanninhaltig, ohne adstringierend zu sein. 100% Sangiovese. Weinberge in 320 m H\u00f6he \u00fcber dem Meeresspiegel, Handlese mit strenger Auswahl der besten Trauben im Weinberg. 25-t\u00e4gige G\u00e4rung in Stahlbeh\u00e4ltern bei einer Temperatur unter 30\u00b0 C. Reifung f\u00fcr 30 Monate in slawonischen Eichenf\u00e4ssern. Reifung in der Flasche f\u00fcr mindestens 6 Monate.     <\/p>\n<p class=\"mobile-undersized-upper\">&#8211; Passt zu: rotem Fleisch, Wild, Braten, Wurstwaren und gereiften K\u00e4sesorten.<\/p>\n<p class=\"mobile-undersized-upper\">&#8211; Serviertemperatur: 18\u00b0 C.<\/p>\n","protected":false},"featured_media":20346,"template":"","meta":[],"product_brand":[],"product_cat":[15],"product_tag":[],"class_list":{"0":"post-23260","1":"product","2":"type-product","3":"status-publish","4":"has-post-thumbnail","6":"product_cat-salumi-e-carni","8":"first","9":"instock","10":"taxable","11":"shipping-taxable","12":"purchasable","13":"product-type-simple"},"_links":{"self":[{"href":"https:\/\/italiansublimefood.com\/de\/wp-json\/wp\/v2\/product\/23260","targetHints":{"allow":["GET"]}}],"collection":[{"href":"https:\/\/italiansublimefood.com\/de\/wp-json\/wp\/v2\/product"}],"about":[{"href":"https:\/\/italiansublimefood.com\/de\/wp-json\/wp\/v2\/types\/product"}],"wp:featuredmedia":[{"embeddable":true,"href":"https:\/\/italiansublimefood.com\/de\/wp-json\/wp\/v2\/media\/20346"}],"wp:attachment":[{"href":"https:\/\/italiansublimefood.com\/de\/wp-json\/wp\/v2\/media?parent=23260"}],"wp:term":[{"taxonomy":"product_brand","embeddable":true,"href":"https:\/\/italiansublimefood.com\/de\/wp-json\/wp\/v2\/product_brand?post=23260"},{"taxonomy":"product_cat","embeddable":true,"href":"https:\/\/italiansublimefood.com\/de\/wp-json\/wp\/v2\/product_cat?post=23260"},{"taxonomy":"product_tag","embeddable":true,"href":"https:\/\/italiansublimefood.com\/de\/wp-json\/wp\/v2\/product_tag?post=23260"}],"curies":[{"name":"wp","href":"https:\/\/api.w.org\/{rel}","templated":true}]}}