{"id":23255,"date":"2024-09-20T11:51:18","date_gmt":"2024-09-20T09:51:18","guid":{"rendered":"https:\/\/italiansublimefood.com\/product\/corochinato-asinello-1lt-du-cose-da-berna\/"},"modified":"2025-05-05T10:02:58","modified_gmt":"2025-05-05T08:02:58","slug":"corochinato-asinello-1lt-du-cose-da-berna","status":"publish","type":"product","link":"https:\/\/italiansublimefood.com\/de\/produkt\/corochinato-asinello-1lt-du-cose-da-berna\/","title":{"rendered":"Corochinato Asinello 1lt &#8211; Du&#8217; Cose da Berna"},"content":{"rendered":"","protected":false},"excerpt":{"rendered":"<p>&#8211; <strong>Corochinato<\/strong>, auch als <strong>&#8216;Asinello<\/strong>&#8216; bekannt, ist der typische genuesische Aperitif, der kalt und pur mit einer Zitronenscheibe im Glas oder als Wermut f\u00fcr Cocktails serviert wird. Aromatisch und authentisch im Geschmack. Er passt perfekt zu <strong>Focaccia<\/strong>, aber dank seiner aromatischen Ausdauer und seiner mediterranen Komponenten passt er auch hervorragend zu <a href=\"https:\/\/www.palatifini.it\/it\/52-salumi-italiani\"><strong>Wurstwaren<\/strong><\/a>,  <strong> <\/strong><a href=\"https:\/\/www.palatifini.it\/it\/49497-acciughe-del-mar-cantabrico\"><strong>Anchovis aus dem Kantabrischen Meer<\/strong><\/a><strong> <\/strong>e <a href=\"https:\/\/www.palatifini.it\/it\/il-pesto-genovese-di-rossi-1947\/2885-pesto-chips-by-rossi-1947-45-gr-.html\"><strong>Pommes frites mit Pesto genovese<\/strong><\/a>. F\u00fcr diejenigen, die es wagen wollen, empfehlen wir einen Eselsschorle: einfach Prosecco oder Corochinato Sekt, Eis und ein Basilikumblatt dazugeben und fertig!<br \/>\n&#8211; Wei\u00dfwein, Zucker, Kr\u00e4utertee, Alkohol und nat\u00fcrliche Aromen. Enth\u00e4lt<strong>SULPHITEN<\/strong>. <\/p>\n","protected":false},"featured_media":20350,"template":"","meta":[],"product_brand":[],"product_cat":[15],"product_tag":[],"class_list":{"0":"post-23255","1":"product","2":"type-product","3":"status-publish","4":"has-post-thumbnail","6":"product_cat-salumi-e-carni","8":"first","9":"instock","10":"taxable","11":"shipping-taxable","12":"purchasable","13":"product-type-simple"},"_links":{"self":[{"href":"https:\/\/italiansublimefood.com\/de\/wp-json\/wp\/v2\/product\/23255","targetHints":{"allow":["GET"]}}],"collection":[{"href":"https:\/\/italiansublimefood.com\/de\/wp-json\/wp\/v2\/product"}],"about":[{"href":"https:\/\/italiansublimefood.com\/de\/wp-json\/wp\/v2\/types\/product"}],"wp:featuredmedia":[{"embeddable":true,"href":"https:\/\/italiansublimefood.com\/de\/wp-json\/wp\/v2\/media\/20350"}],"wp:attachment":[{"href":"https:\/\/italiansublimefood.com\/de\/wp-json\/wp\/v2\/media?parent=23255"}],"wp:term":[{"taxonomy":"product_brand","embeddable":true,"href":"https:\/\/italiansublimefood.com\/de\/wp-json\/wp\/v2\/product_brand?post=23255"},{"taxonomy":"product_cat","embeddable":true,"href":"https:\/\/italiansublimefood.com\/de\/wp-json\/wp\/v2\/product_cat?post=23255"},{"taxonomy":"product_tag","embeddable":true,"href":"https:\/\/italiansublimefood.com\/de\/wp-json\/wp\/v2\/product_tag?post=23255"}],"curies":[{"name":"wp","href":"https:\/\/api.w.org\/{rel}","templated":true}]}}