{"id":23250,"date":"2024-09-20T09:24:07","date_gmt":"2024-09-20T07:24:07","guid":{"rendered":"https:\/\/italiansublimefood.com\/product\/taralli-carbonara-170-g-nonna-marida\/"},"modified":"2025-05-05T10:02:58","modified_gmt":"2025-05-05T08:02:58","slug":"taralli-carbonara-170-g-nonna-marida","status":"publish","type":"product","link":"https:\/\/italiansublimefood.com\/de\/produkt\/taralli-carbonara-170-g-nonna-marida\/","title":{"rendered":"TARALLI CARBONARA 170 G &#8211; Nonna Marida"},"content":{"rendered":"","protected":false},"excerpt":{"rendered":"<p>&#8211; Entdecken Sie Italien mit Taralli al Gusto Carbonara! Entdecken Sie den authentischen Geschmack der italienischen Carbonara mit unseren Taralli al Gusto Carbonara, eine Explosion von cremigen, herzhaften Aromen in jedem knusprigen Bissen. Merkmale unserer Taralli al Gusto Carbonara: Traditionelles Rezept: Inspiriert von dem klassischen Carbonara-Rezept, fangen diese Taralli die Seele der italienischen K\u00fcche ein. Cremig und geschmackvoll: Jeder Bissen bietet den Reichtum des K\u00e4ses, den umh\u00fcllenden Geschmack des Guanciale und die Cremigkeit des Eies und schafft so ein au\u00dfergew\u00f6hnliches Erlebnis. Kreative M\u00f6glichkeiten, unsere Taralli zu genie\u00dfen: Unvergesslicher Aperitif: Erfreuen Sie Ihre G\u00e4ste mit einem Aperitif, der die Authentizit\u00e4t der italienischen K\u00fcche zelebriert. Gourmet-Pause: Verleihen Sie Ihrer Pause mit diesen einzigartigen Taralli einen Hauch von Raffinesse. Italienische Geschenkbox: Stellen Sie eine Gourmet-Geschenkbox mit Taralli Carbonara zusammen, um Italien in jedem Bissen zu pr\u00e4sentieren. Warum Sie sich f\u00fcr unsere Carbonara Taralli entscheiden sollten: Authentischer Geschmack: Erleben Sie den Geschmack der italienischen Carbonara, wo immer Sie sind. Hervorragende Qualit\u00e4t: Sorgf\u00e4ltig ausgew\u00e4hlte Zutaten garantieren maximale G\u00fcte.        <\/p>\n<p><strong>-Zutaten: <\/strong>Weizenmehl Typ 00, Wei\u00dfwein, Sonnenblumen\u00f6l, natives Oliven\u00f6l extra, Salz, Carbonara-Gew\u00fcrze 1% (Paprika, Steinpilze, Salbei, Pfeffer, Knoblauch, Fenchel, Kartoffelst\u00e4rke, Nelken, Geschmacksverst\u00e4rker: Mononatriumglutamat E 621, Rosmarin, Wacholder, K\u00e4sepulver, Muskatnuss, Kurkuma, Petersilie. <strong>Herstellungsverfahren:<\/strong> Verpackung. <strong>Allergene: <\/strong>Gluten, Sulfite, Laktose. <strong> Kann Spuren<\/strong> von SOJA, SESAM, SENAPE <strong> enthalten<\/strong>. <strong>GVO: <\/strong>Nicht vorhanden. <strong>N\u00e4hrwerte (Durchschnittswerte pro 100 g des Produkts): <\/strong>Energiewert 1824 Kj \/ 434 Kcal, Fett 15,01 g (davon ges\u00e4ttigte Fetts\u00e4uren 7,40 g), Kohlenhydrate 64,50 g (davon Zucker 1,50 g), Eiwei\u00df 10,10 g), Salz 5,17 g. <strong>Mikrobiologische Analyse: <\/strong>Anzahl der Mikroorganismen bei 30\u00b0 C        &lt;  10000 KBE\/g, Schimmelpilze  &lt;  10 KBE\/g, Hefen  &lt;  10 KBE\/g. <strong>Listeria monocytogenes:<\/strong> Nicht vorhanden in 25g. <strong>ETIKETTIERUNG<\/strong> (Ref. EU Reg. 1169\/11 in der ge\u00e4nderten Fassung): Die Etiketten auf dem Produkt zum Zeitpunkt der Verpackung entsprechen den geltenden Vorschriften. Jedes Produkt tr\u00e4gt eine Chargennummer auf dem Etikett. Das gesamte System der R\u00fcckverfolgbarkeit bezieht sich auf die Produktionsmethoden bis hin zu den Rohstoffen und der Verpackung. (EG-Verordnung 178\/2002 und damit verbundene Verordnungen) Beutel (Kunststoff) PP5 PLASTIC COLLECTION Etikett (Papier) PAP 22 Papier. Produkt f\u00fcr alle. Gebrauchsfertiges Produkt. Lagerung: an einem k\u00fchlen, trockenen Ort, vor Licht und W\u00e4rmequellen gesch\u00fctzt.<strong> Lagerf\u00e4higkeit<\/strong>: 6 Monate. 170 g Packung. Transparente, lebensmittelechte T\u00fctchen. Transportart: Nicht gek\u00fchlt.             <\/p>\n","protected":false},"featured_media":21786,"template":"","meta":[],"product_brand":[],"product_cat":[15],"product_tag":[272],"class_list":{"0":"post-23250","1":"product","2":"type-product","3":"status-publish","4":"has-post-thumbnail","6":"product_cat-salumi-e-carni","7":"product_tag-nonna-marida","9":"first","10":"instock","11":"taxable","12":"shipping-taxable","13":"purchasable","14":"product-type-simple"},"_links":{"self":[{"href":"https:\/\/italiansublimefood.com\/de\/wp-json\/wp\/v2\/product\/23250","targetHints":{"allow":["GET"]}}],"collection":[{"href":"https:\/\/italiansublimefood.com\/de\/wp-json\/wp\/v2\/product"}],"about":[{"href":"https:\/\/italiansublimefood.com\/de\/wp-json\/wp\/v2\/types\/product"}],"wp:featuredmedia":[{"embeddable":true,"href":"https:\/\/italiansublimefood.com\/de\/wp-json\/wp\/v2\/media\/21786"}],"wp:attachment":[{"href":"https:\/\/italiansublimefood.com\/de\/wp-json\/wp\/v2\/media?parent=23250"}],"wp:term":[{"taxonomy":"product_brand","embeddable":true,"href":"https:\/\/italiansublimefood.com\/de\/wp-json\/wp\/v2\/product_brand?post=23250"},{"taxonomy":"product_cat","embeddable":true,"href":"https:\/\/italiansublimefood.com\/de\/wp-json\/wp\/v2\/product_cat?post=23250"},{"taxonomy":"product_tag","embeddable":true,"href":"https:\/\/italiansublimefood.com\/de\/wp-json\/wp\/v2\/product_tag?post=23250"}],"curies":[{"name":"wp","href":"https:\/\/api.w.org\/{rel}","templated":true}]}}