{"id":23248,"date":"2024-09-20T09:19:27","date_gmt":"2024-09-20T07:19:27","guid":{"rendered":"https:\/\/italiansublimefood.com\/product\/taralli-gusto-amatriciana-170g-nonna-marida\/"},"modified":"2025-05-05T10:02:58","modified_gmt":"2025-05-05T08:02:58","slug":"taralli-amatriciana-geschmack-170g-nonna-marida","status":"publish","type":"product","link":"https:\/\/italiansublimefood.com\/de\/produkt\/taralli-amatriciana-geschmack-170g-nonna-marida\/","title":{"rendered":"TARALLI AMATRICIANA GESCHMACK 170G &#8211; Nonna Marida"},"content":{"rendered":"","protected":false},"excerpt":{"rendered":"<p>&#8211; Entdecken Sie das Herz Italiens mit Taralli al Gusto Amatriciana! Unsere Taralli al Gusto Amatriciana sind eine Hommage an die kulinarische Tradition Italiens und zelebrieren das Herz und den umh\u00fcllenden Geschmack der italienischen K\u00fcche. Entdecken Sie den authentischen Geschmack von Amatrice, der Wiege der kr\u00e4ftigen und s\u00e4ttigenden Aromen. Merkmale unserer Amatriciana Flavour Taralli: Kr\u00e4ftiger Geschmack: Die Taralli fangen den umh\u00fcllenden, reichen Geschmack von Amatriciana ein und bieten ein intensives Geschmackserlebnis. <strong>Wir verwenden nur hochwertige Zutaten<\/strong>, um ein H\u00f6chstma\u00df an Geschmacksechtheit zu gew\u00e4hrleisten. Wie Sie unsere Taralli al Gusto Amatriciana genie\u00dfen k\u00f6nnen: Eine Reise durch den italienischen Geschmack: Genie\u00dfen Sie die Taralli f\u00fcr eine sensorische Reise durch die authentischen Aromen der italienischen K\u00fcche. Als Beilage zu traditionellen Gerichten: Kombinieren Sie sie mit K\u00e4se, Aufschnitt oder Fleischgerichten, um Ihre Mahlzeit zu bereichern. Perfekt f\u00fcr Aperitifs: Teilen Sie diese Taralli bei einem Aperitif mit Freunden und Familie. Warum sollten Sie unsere Amatriciana Taralli w\u00e4hlen: Eine authentische Hommage: Die Taralli bringen den authentischen Geschmack von Amatriciana direkt auf Ihren Tisch. Geschmackliche Vielseitigkeit: Perfekt f\u00fcr jede Gelegenheit, von einem schnellen Snack bis zu einer festlichen Tafel. <strong>-Zutaten: <\/strong>Weizenmehl Typ 00, Wei\u00dfwein, Sonnenblumenkern\u00f6l, natives Oliven\u00f6l extra, Salz, Amatriciana-Gew\u00fcrze 1% (Paprika, Steinpilze, Salbei, Pfeffer, Knoblauch, Fenchel, Kartoffelst\u00e4rke, Nelken, Geschmacksverst\u00e4rker: Mononatriumglutamat E 621, Rosmarin, Wacholder, K\u00e4sepulver, Muskatnuss, Kurkuma, getrocknete Tomaten, Chili). <strong>Herstellungsverfahren: <\/strong>Verpackung Allergen Gluten, Sulfite, Laktose. Kann Spuren von Soja, Sesam, Senf enthalten. <strong>GVO: <\/strong>Nicht vorhanden. <strong> N\u00e4hrwerte (Durchschnittswerte pro 100 g des Produkts): <\/strong>Energiewert 1824 Kj \/ 434 Kcal, Fett 15,01 g (davon ges\u00e4ttigte Fetts\u00e4uren 7,4 g), Kohlenhydrate 64,5 g (davon Zucker 1,5 g), Eiwei\u00df 10,1 g, Salz 5,1 g. <strong>Mikrobiologische Analyse:<\/strong> Anzahl der Mikroorganismen bei 30\u00b0 C         <\/p>\n<p>     &lt;  10000 KBE\/g, Schimmelpilze  &lt;  10 KBE\/g, Hefen  &lt;  10 KBE\/g. <strong>Listeria monocytogenes: <\/strong>Nicht vorhanden in 25 g. <strong>ETIKETTIERUNG<\/strong> (Ref. EU Reg. 1169\/11 in der ge\u00e4nderten Fassung): Die Etiketten auf dem Produkt zum Zeitpunkt der Verpackung entsprechen den geltenden Vorschriften. Jedes Produkt tr\u00e4gt eine Chargennummer auf dem Etikett. Das gesamte System der R\u00fcckverfolgbarkeit bezieht sich auf die Produktionsmethode bis hin zu den Rohstoffen und der Verpackung. (EG-Verordnung 178\/2002 und damit zusammenh\u00e4ngende Verordnungen).Beutel (Kunststoff) PP5 PLASTIC COLLECTION. Etikett (Papier) PAP 22 Papier. Produkt f\u00fcr alle. Gebrauchsfertiges Produkt. K\u00fchl, trocken und vor Licht und W\u00e4rmequellen gesch\u00fctzt lagern. <strong>Haltbarkeitsdauer:<\/strong>6 Monate. 170 g Packung. Verpackungsbeschreibung: Transparente, lebensmittelechte T\u00fctchen. Transportart: Ungek\u00fchlt.      <\/p>\n","protected":false},"featured_media":20303,"template":"","meta":[],"product_brand":[],"product_cat":[15],"product_tag":[272],"class_list":{"0":"post-23248","1":"product","2":"type-product","3":"status-publish","4":"has-post-thumbnail","6":"product_cat-salumi-e-carni","7":"product_tag-nonna-marida","9":"first","10":"instock","11":"taxable","12":"shipping-taxable","13":"purchasable","14":"product-type-simple"},"_links":{"self":[{"href":"https:\/\/italiansublimefood.com\/de\/wp-json\/wp\/v2\/product\/23248","targetHints":{"allow":["GET"]}}],"collection":[{"href":"https:\/\/italiansublimefood.com\/de\/wp-json\/wp\/v2\/product"}],"about":[{"href":"https:\/\/italiansublimefood.com\/de\/wp-json\/wp\/v2\/types\/product"}],"wp:featuredmedia":[{"embeddable":true,"href":"https:\/\/italiansublimefood.com\/de\/wp-json\/wp\/v2\/media\/20303"}],"wp:attachment":[{"href":"https:\/\/italiansublimefood.com\/de\/wp-json\/wp\/v2\/media?parent=23248"}],"wp:term":[{"taxonomy":"product_brand","embeddable":true,"href":"https:\/\/italiansublimefood.com\/de\/wp-json\/wp\/v2\/product_brand?post=23248"},{"taxonomy":"product_cat","embeddable":true,"href":"https:\/\/italiansublimefood.com\/de\/wp-json\/wp\/v2\/product_cat?post=23248"},{"taxonomy":"product_tag","embeddable":true,"href":"https:\/\/italiansublimefood.com\/de\/wp-json\/wp\/v2\/product_tag?post=23248"}],"curies":[{"name":"wp","href":"https:\/\/api.w.org\/{rel}","templated":true}]}}