{"id":23242,"date":"2024-09-20T09:05:23","date_gmt":"2024-09-20T07:05:23","guid":{"rendered":"https:\/\/italiansublimefood.com\/product\/scharfe-chiliflocken-100-g-bueste-nonna-marida\/"},"modified":"2025-05-05T10:02:58","modified_gmt":"2025-05-05T08:02:58","slug":"scharfe-chiliflocken-100-g-bueste-nonna-marida","status":"publish","type":"product","link":"https:\/\/italiansublimefood.com\/de\/produkt\/scharfe-chiliflocken-100-g-bueste-nonna-marida\/","title":{"rendered":"SCHARFE CHILIFLOCKEN 100 G B\u00dcSTE &#8211; Nonna Marida"},"content":{"rendered":"","protected":false},"excerpt":{"rendered":"<p>&#8211; Erforschen Sie das Feuer des Geschmacks mit unserem Spicy Chili Envelope &#8211; die k\u00fchne Wahl f\u00fcr Liebhaber der Sch\u00e4rfe! Unser Spicy Chili Envelope ist die Antwort f\u00fcr alle, die das richtige Gleichgewicht von Sch\u00e4rfe und Geschmack suchen. Entdecken Sie, wie diese essentielle Zutat jedem Gericht Leben einhaucht und die Sch\u00e4rfe verleiht, die Sie sich w\u00fcnschen. Merkmale unseres Hot Chili Envelope: Kontrollierte Intensit\u00e4t: Der scharfe Chili wird sorgf\u00e4ltig gemahlen, um ein ausgewogenes und k\u00f6stliches Ma\u00df an Sch\u00e4rfe zu bieten. Garantierte Herkunft: Geerntet und zubereitet in unserem holzbefeuerten Ofen, garantieren wir die Frische und Authentizit\u00e4t des Chilis. Verwendung unseres scharfen Chilis: Scharfe Saucen: F\u00fcgen Sie Ihren Lieblingssaucen Chili hinzu, um ihnen einen Hauch von Sch\u00e4rfe zu verleihen. Ethnische Gerichte: Experimentieren Sie mit ethnischen Gerichten, die eine scharfe Note erfordern, wie z.B. mexikanisch, indisch oder thail\u00e4ndisch. Selbstgemachte Pizza: Streuen Sie Chili auf Ihre selbstgemachte Pizza f\u00fcr zus\u00e4tzlichen Geschmack. Warum sollten Sie sich f\u00fcr unseren scharfen Chili entscheiden: Ausgewogene Sch\u00e4rfe: Wir haben die richtige Mischung entwickelt, um eine Sch\u00e4rfe zu gew\u00e4hrleisten, die den Geschmack verst\u00e4rkt, ohne \u00fcberm\u00e4chtig zu sein. R\u00fcckverfolgbare Herkunft: Wir wissen, woher jeder Chili kommt und garantieren so h\u00f6chste Qualit\u00e4t.         <\/p>\n<p><strong>-Zutaten:<\/strong> Scharfer Pfeffer. <strong>Herstellungsverfahren:<\/strong> Trocknen, Einpacken. <strong>Allergene:<\/strong> Abwesend. <strong>GVO: <\/strong>Abwesend. <strong>N\u00e4hrwerte (Durchschnittswerte pro 100 g des Produkts): <\/strong>Energiewert 1181 Kj \/ 283 Kcal, Fett 8 g (davon ges\u00e4ttigte Fetts\u00e4uren 0,8 g), Kohlenhydrate 29 g, davon Zucker 0,4 g Ballaststoffe 22 g Eiwei\u00df 12 g Salz 0,1 g. <strong>Mikrobiologische Analyse<\/strong> Anzahl der Mikroorganismen bei 30\u00b0 C       &lt;  1000 KBE\/g, Schimmelpilze  &lt;  10 KBE\/g, Hefen  &lt;  10 KBE\/g. <strong>Listeria monocytogenes:<\/strong> Nicht vorhanden in 25 g. <strong> ETIKETTIERUNG<\/strong> (Ref. EU Reg. 1169\/11 as amended): Die Etiketten, die zum Zeitpunkt der Verpackung auf dem Produkt angebracht sind, entsprechen den geltenden Vorschriften. Jedes Produkt ist mit einer Chargennummer gekennzeichnet. Das gesamte System der R\u00fcckverfolgbarkeit bezieht sich auf die Produktionsmethoden bis hin zu den Rohstoffen und der Verpackung. (EG-Verordnung 178\/2002 und verwandte Verordnungen). PAP 22 Papier-Sammel-Etiketten. Ein Produkt f\u00fcr alle. Geeignet f\u00fcr vegane und vegetarische Ern\u00e4hrung. Gebrauchsfertiges Produkt. Lagerung: An einem k\u00fchlen, trockenen Ort, fern von Licht und W\u00e4rmequellen. 12 Monate <strong>lagerf\u00e4hig<\/strong>. Packung mit 100 g. Verpackungsbeschreibung: Lebensmittelgeeignete T\u00fctchen.            <\/p>\n","protected":false},"featured_media":21805,"template":"","meta":[],"product_brand":[],"product_cat":[15],"product_tag":[272],"class_list":{"0":"post-23242","1":"product","2":"type-product","3":"status-publish","4":"has-post-thumbnail","6":"product_cat-salumi-e-carni","7":"product_tag-nonna-marida","9":"first","10":"instock","11":"taxable","12":"shipping-taxable","13":"purchasable","14":"product-type-simple"},"_links":{"self":[{"href":"https:\/\/italiansublimefood.com\/de\/wp-json\/wp\/v2\/product\/23242","targetHints":{"allow":["GET"]}}],"collection":[{"href":"https:\/\/italiansublimefood.com\/de\/wp-json\/wp\/v2\/product"}],"about":[{"href":"https:\/\/italiansublimefood.com\/de\/wp-json\/wp\/v2\/types\/product"}],"wp:featuredmedia":[{"embeddable":true,"href":"https:\/\/italiansublimefood.com\/de\/wp-json\/wp\/v2\/media\/21805"}],"wp:attachment":[{"href":"https:\/\/italiansublimefood.com\/de\/wp-json\/wp\/v2\/media?parent=23242"}],"wp:term":[{"taxonomy":"product_brand","embeddable":true,"href":"https:\/\/italiansublimefood.com\/de\/wp-json\/wp\/v2\/product_brand?post=23242"},{"taxonomy":"product_cat","embeddable":true,"href":"https:\/\/italiansublimefood.com\/de\/wp-json\/wp\/v2\/product_cat?post=23242"},{"taxonomy":"product_tag","embeddable":true,"href":"https:\/\/italiansublimefood.com\/de\/wp-json\/wp\/v2\/product_tag?post=23242"}],"curies":[{"name":"wp","href":"https:\/\/api.w.org\/{rel}","templated":true}]}}