{"id":23224,"date":"2024-09-23T11:49:55","date_gmt":"2024-09-23T09:49:55","guid":{"rendered":"https:\/\/italiansublimefood.com\/product\/haselnusskorn-g-g-a-200g-augusto-79\/"},"modified":"2025-05-05T10:02:58","modified_gmt":"2025-05-05T08:02:58","slug":"haselnusskorn-g-g-a-200g-augusto-79","status":"publish","type":"product","link":"https:\/\/italiansublimefood.com\/de\/produkt\/haselnusskorn-g-g-a-200g-augusto-79\/","title":{"rendered":"Haselnusskorn g.g.A. 200g &#8211; Augusto 79"},"content":{"rendered":"","protected":false},"excerpt":{"rendered":"<p>Kreieren Sie wunderbare Dekorationen mit Au.gusto79 Haselnussgr\u00fctze!<br \/>\nJedes Ihrer Gerichte wird einzigartig und unwiderstehlich f\u00fcr den Gaumen und das Auge sein.<br \/>\nVor dem Zerkleinern werden die Haseln\u00fcsse ger\u00f6stet, um das Aroma durch Freisetzung der \u00d6le und damit den Geschmack dieser wunderbaren Trockenfrucht zu verbessern.<br \/>\nDas Aroma der Haseln\u00fcsse ist in dem praktischen Vakuumbeutel eingeschlossen, so dass der nat\u00fcrliche Geschmack erhalten bleibt und Sie das Produkt in vollen Z\u00fcgen genie\u00dfen k\u00f6nnen.    Warum sollten Sie unser ger\u00f6stetes Haselnussgranola w\u00e4hlen?<\/p>\n<p> \ud83c\uddee\ud83c\uddf9 100 % g.g.A. Piemonteser Haseln\u00fcsse \ud83c\udf6a Gluten- und laktosefrei<span class=\"a-list-item\">\ud83e\uddc2ohne Zucker- und Salzzusatz \ud83d\udc68\u200d\ud83c\udf73 Ideal f\u00fcr Rezepte \ud83d\udd25 Bereits ger\u00f6stet<\/span>\u26a1 Reich an Proteinen und Mineralien &#8211; Kaufen Sie jetzt Haselnussgranulat und kreieren Sie wunderbare Gerichte mit unserem einzigartigen Produkt. <span class=\"a-list-item\"><\/span><\/p>\n","protected":false},"featured_media":20408,"template":"","meta":[],"product_brand":[],"product_cat":[15],"product_tag":[249],"class_list":{"0":"post-23224","1":"product","2":"type-product","3":"status-publish","4":"has-post-thumbnail","6":"product_cat-salumi-e-carni","7":"product_tag-augusto-79","9":"first","10":"instock","11":"taxable","12":"shipping-taxable","13":"purchasable","14":"product-type-simple"},"_links":{"self":[{"href":"https:\/\/italiansublimefood.com\/de\/wp-json\/wp\/v2\/product\/23224","targetHints":{"allow":["GET"]}}],"collection":[{"href":"https:\/\/italiansublimefood.com\/de\/wp-json\/wp\/v2\/product"}],"about":[{"href":"https:\/\/italiansublimefood.com\/de\/wp-json\/wp\/v2\/types\/product"}],"wp:featuredmedia":[{"embeddable":true,"href":"https:\/\/italiansublimefood.com\/de\/wp-json\/wp\/v2\/media\/20408"}],"wp:attachment":[{"href":"https:\/\/italiansublimefood.com\/de\/wp-json\/wp\/v2\/media?parent=23224"}],"wp:term":[{"taxonomy":"product_brand","embeddable":true,"href":"https:\/\/italiansublimefood.com\/de\/wp-json\/wp\/v2\/product_brand?post=23224"},{"taxonomy":"product_cat","embeddable":true,"href":"https:\/\/italiansublimefood.com\/de\/wp-json\/wp\/v2\/product_cat?post=23224"},{"taxonomy":"product_tag","embeddable":true,"href":"https:\/\/italiansublimefood.com\/de\/wp-json\/wp\/v2\/product_tag?post=23224"}],"curies":[{"name":"wp","href":"https:\/\/api.w.org\/{rel}","templated":true}]}}