{"id":23218,"date":"2024-09-20T12:31:35","date_gmt":"2024-09-20T10:31:35","guid":{"rendered":"https:\/\/italiansublimefood.com\/product\/bio-natives-olivenoel-extra-075-l-luisa-pantaleo\/"},"modified":"2025-05-05T10:02:57","modified_gmt":"2025-05-05T08:02:57","slug":"bio-natives-olivenoel-extra-075-l-luisa-pantaleo","status":"publish","type":"product","link":"https:\/\/italiansublimefood.com\/de\/produkt\/bio-natives-olivenoel-extra-075-l-luisa-pantaleo\/","title":{"rendered":"Bio Natives Oliven\u00f6l Extra 0,75 l &#8211; Luisa Pantaleo"},"content":{"rendered":"","protected":false},"excerpt":{"rendered":"<p>&#8211; Marasca-Glasflasche mit 0,750 Liter Inhalt. Erstklassiges natives Oliven\u00f6l extra, das direkt aus den Oliven und ausschlie\u00dflich durch mechanische Verfahren gewonnen wird; 100% italienisches natives Oliven\u00f6l extra, das kalt extrahiert wird; wir bieten ungefiltertes \u00d6l an, das auf Wunsch gefiltert werden kann. Zutaten: Leccine-Oliven, Pecholine-Oliven, Coratine-Oliven. <\/p>\n","protected":false},"featured_media":25333,"template":"","meta":[],"product_brand":[],"product_cat":[15],"product_tag":[267],"class_list":{"0":"post-23218","1":"product","2":"type-product","3":"status-publish","4":"has-post-thumbnail","6":"product_cat-salumi-e-carni","7":"product_tag-luisa-pantaleo","9":"first","10":"instock","11":"taxable","12":"shipping-taxable","13":"purchasable","14":"product-type-simple"},"_links":{"self":[{"href":"https:\/\/italiansublimefood.com\/de\/wp-json\/wp\/v2\/product\/23218","targetHints":{"allow":["GET"]}}],"collection":[{"href":"https:\/\/italiansublimefood.com\/de\/wp-json\/wp\/v2\/product"}],"about":[{"href":"https:\/\/italiansublimefood.com\/de\/wp-json\/wp\/v2\/types\/product"}],"wp:featuredmedia":[{"embeddable":true,"href":"https:\/\/italiansublimefood.com\/de\/wp-json\/wp\/v2\/media\/25333"}],"wp:attachment":[{"href":"https:\/\/italiansublimefood.com\/de\/wp-json\/wp\/v2\/media?parent=23218"}],"wp:term":[{"taxonomy":"product_brand","embeddable":true,"href":"https:\/\/italiansublimefood.com\/de\/wp-json\/wp\/v2\/product_brand?post=23218"},{"taxonomy":"product_cat","embeddable":true,"href":"https:\/\/italiansublimefood.com\/de\/wp-json\/wp\/v2\/product_cat?post=23218"},{"taxonomy":"product_tag","embeddable":true,"href":"https:\/\/italiansublimefood.com\/de\/wp-json\/wp\/v2\/product_tag?post=23218"}],"curies":[{"name":"wp","href":"https:\/\/api.w.org\/{rel}","templated":true}]}}