{"id":23215,"date":"2024-09-20T09:08:51","date_gmt":"2024-09-20T07:08:51","guid":{"rendered":"https:\/\/italiansublimefood.com\/product\/getrocknete-tomatenflocken-3100-ml-nonna-marida\/"},"modified":"2025-05-05T10:02:57","modified_gmt":"2025-05-05T08:02:57","slug":"getrocknete-tomatenflocken-3100-ml-nonna-marida","status":"publish","type":"product","link":"https:\/\/italiansublimefood.com\/de\/produkt\/getrocknete-tomatenflocken-3100-ml-nonna-marida\/","title":{"rendered":"GETROCKNETE TOMATENFLOCKEN 3100 ML &#8211; Nonna Marida"},"content":{"rendered":"","protected":false},"excerpt":{"rendered":"<p>&#8211; In Scheiben geschnittene getrocknete Tomaten in \u00d6l &#8211; Intensit\u00e4t und Geschmack f\u00fcr raffinierte Gerichte. Willkommen auf unserer E-Commerce-Website, auf der wir Ihnen unsere in Scheiben geschnittenen getrockneten Tomaten in \u00d6l vorstellen, eine gastronomische Erfahrung von Intensit\u00e4t und Geschmack. Die offenen Tomatenscheiben mit ihrem intensiven Geschmack sind die ideale Wahl, um raffinierte und elegante Gerichte zu bereichern. Sie bieten eine Gourmet-Note, die sich perfekt f\u00fcr Kombinationen mit K\u00e4se oder als Hauptdarsteller in Vorspeisen eignet. Hauptmerkmale: Offene Scheiben und intensiver Geschmack: Die offenen Scheiben unserer sonnengetrockneten Tomaten enth\u00fcllen ihre Intensit\u00e4t und bieten einen kr\u00e4ftigen und reichen Geschmack, der jeden Bissen zu einem unvergesslichen gastronomischen Erlebnis macht. Geeignet f\u00fcr feine Gerichte: Die hervorragende Qualit\u00e4t der in Scheiben geschnittenen sonnengetrockneten Tomaten in \u00d6l macht sie zur idealen Wahl f\u00fcr raffinierte und elegante Gerichte und verleiht jeder kulinarischen Kreation einen Hauch von Delikatesse. Perfekte Beilage: Unsere in Scheiben geschnittenen sonnengetrockneten Tomaten eignen sich perfekt f\u00fcr eine Vielzahl kulinarischer Anl\u00e4sse und passen hervorragend zu hochwertigen K\u00e4sesorten oder als Hauptdarsteller in Hors d&#8217;oeuvres. Warum Sie sich f\u00fcr sonnengetrocknete Tomaten in Scheiben in \u00d6l entscheiden sollten: Authentischer und nachhaltiger Geschmack: Dank des Verfahrens des Einlegens in \u00d6l behalten unsere sonnengetrockneten Tomaten ihren authentischen Geschmack und garantieren eine lange Haltbarkeit und ein best\u00e4ndiges kulinarisches Erlebnis. Vielseitigkeit f\u00fcr Feinschmecker: Die Vielseitigkeit dieser Tomaten macht sie zu einem Schl\u00fcsselelement bei der Erkundung neuer kulinarischer Horizonte und verleiht sowohl einfachen als auch anspruchsvollen Gerichten einen Hauch von Raffinesse.       <\/p>\n<p><strong>-Zutaten: <\/strong>Getrocknete Tomatenflocken 70% (Herkunft Italien), Sonnenblumenkern\u00f6l 20%, Natives Oliven\u00f6l Extra 8%, Weinessig, Oregano, Knoblauch, Salz. <strong> Herstellungsverfahren: <\/strong>S\u00e4uerung bei pH   &lt;  4.5, Pasteurisierung. <strong>Allergen: <\/strong>Enth\u00e4lt Sulfite. <strong>GVO<\/strong> Abwesend. <strong> N\u00e4hrwerte (Durchschnittswerte pro 100 g des Produkts): <\/strong>Energiewert 862 Kj \/ 206 Kcal, Fett 15 g (davon ges\u00e4ttigte Fetts\u00e4uren 2,5 g), Kohlenhydrate 8,4 g (davon Zucker 8,4 g), Ballaststoffe 7,8 g, Eiwei\u00df 4,3 g, Salz 4,0 g. <strong> Mikrobiologische Analyse: <\/strong>Anzahl der Mikroorganismen bei 30\u00b0 C      &lt;  1000 KBE\/g, Schimmelpilze  &lt;  10 KBE\/g, Hefen  &lt;  10 KBE\/g. <strong>Listeria monocytogenes<\/strong> Nicht vorhanden in 25 g pH   &lt;  3,67 pH-Einheiten. Bestimmung der Wasseraktivit\u00e4t (aw)  &lt;  0,92. <strong>ETICHETTATURA<\/strong> ( Rif. Reg UE 1169\/11 e s.m.i): Le etichette apposte sul prodotto all&#8217;atto del confezionamento sono conformi alle normative in vigore. Ogni prodotto riporta in etichetta un numero di lotto. Tutto il sistema di tracciabilit\u00e0 si relaziona alle modalit\u00e0 di produzione fino a risalire alle materie prime ed agli imballaggi. (Reg CE 178\/2002 e normative collegate). Vasetto: GL 70 Raccolta VETRO. Capsula ALU 41 Raccolta Alluminio. Etichetta PAP 22 Raccolta Carta. Prodotto per tutti. Idoneo all\u2019alimentazione vegana e vegetariana. Prodotto pronto all\u2019uso. Una volta aperta la confezione, aver cura di mantenere il prodotto ricoperto di olio, conservare in frigo (+2 \u00b0C \/+5 \u00b0C) e consumare entro 3\/4 gg. Conservare in luogo fresco e asciutto lontano da fonti di luce e calore.<strong> Shelf life: <\/strong>24 mesi.           <\/p>\n","protected":false},"featured_media":20290,"template":"","meta":[],"product_brand":[],"product_cat":[15],"product_tag":[272],"class_list":{"0":"post-23215","1":"product","2":"type-product","3":"status-publish","4":"has-post-thumbnail","6":"product_cat-salumi-e-carni","7":"product_tag-nonna-marida","9":"first","10":"instock","11":"taxable","12":"shipping-taxable","13":"purchasable","14":"product-type-simple"},"_links":{"self":[{"href":"https:\/\/italiansublimefood.com\/de\/wp-json\/wp\/v2\/product\/23215","targetHints":{"allow":["GET"]}}],"collection":[{"href":"https:\/\/italiansublimefood.com\/de\/wp-json\/wp\/v2\/product"}],"about":[{"href":"https:\/\/italiansublimefood.com\/de\/wp-json\/wp\/v2\/types\/product"}],"wp:featuredmedia":[{"embeddable":true,"href":"https:\/\/italiansublimefood.com\/de\/wp-json\/wp\/v2\/media\/20290"}],"wp:attachment":[{"href":"https:\/\/italiansublimefood.com\/de\/wp-json\/wp\/v2\/media?parent=23215"}],"wp:term":[{"taxonomy":"product_brand","embeddable":true,"href":"https:\/\/italiansublimefood.com\/de\/wp-json\/wp\/v2\/product_brand?post=23215"},{"taxonomy":"product_cat","embeddable":true,"href":"https:\/\/italiansublimefood.com\/de\/wp-json\/wp\/v2\/product_cat?post=23215"},{"taxonomy":"product_tag","embeddable":true,"href":"https:\/\/italiansublimefood.com\/de\/wp-json\/wp\/v2\/product_tag?post=23215"}],"curies":[{"name":"wp","href":"https:\/\/api.w.org\/{rel}","templated":true}]}}