{"id":23214,"date":"2024-09-20T11:42:28","date_gmt":"2024-09-20T09:42:28","guid":{"rendered":"https:\/\/italiansublimefood.com\/product\/orcia-d-o-c-rot-du-cose-da-berna\/"},"modified":"2025-05-05T10:02:57","modified_gmt":"2025-05-05T08:02:57","slug":"orcia-d-o-c-rot-du-cose-da-berna","status":"publish","type":"product","link":"https:\/\/italiansublimefood.com\/de\/produkt\/orcia-d-o-c-rot-du-cose-da-berna\/","title":{"rendered":"Orcia D.O.C rot &#8211; Du&#8217; Cose da Berna"},"content":{"rendered":"","protected":false},"excerpt":{"rendered":"<p class=\"mobile-undersized-upper\"><span class=\"mobile-undersized-upper\">&#8211; Organoleptische Eigenschaften: Wein von intensiver rubinroter Farbe mit Tendenz zu Granat, mit einem eleganten Bouquet, das typisch f\u00fcr einen lange gereiften Sangiovese ist, mit Noten von Veilchen und Pflaumen und sehr leichten Ankl\u00e4ngen von Ros\u00e9 und Vanille, die vom Eichenholz stammen. Der Geschmack ist trocken und elegant, mit einem guten S\u00e4urenerv, zu Recht tanninhaltig, ohne adstringierend zu sein. 100% Sangiovese. Weinberge in 300 m H\u00f6he \u00fcber dem Meeresspiegel, Handlese mit strenger Auswahl der besten Trauben im Weinberg. 20-t\u00e4gige G\u00e4rung in Stahlbeh\u00e4ltern bei einer Temperatur unter 30\u00b0 C. Reifung f\u00fcr 12 Monate in slawonischen Eichenf\u00e4ssern. Reifung in der Flasche f\u00fcr 12 Monate.     <\/span><\/p>\n<p class=\"mobile-undersized-upper\"><span class=\"mobile-undersized-upper\">&#8211; Passt zu: rotem Fleisch, Wild, Braten, Wurstwaren und gereiften K\u00e4sesorten.<\/span><\/p>\n<p class=\"mobile-undersized-upper\"><span class=\"mobile-undersized-upper\">&#8211; Serviertemperatur: 18\u00b0 C<\/span><\/p>\n","protected":false},"featured_media":20342,"template":"","meta":[],"product_brand":[],"product_cat":[15],"product_tag":[],"class_list":{"0":"post-23214","1":"product","2":"type-product","3":"status-publish","4":"has-post-thumbnail","6":"product_cat-salumi-e-carni","8":"first","9":"instock","10":"taxable","11":"shipping-taxable","12":"purchasable","13":"product-type-simple"},"_links":{"self":[{"href":"https:\/\/italiansublimefood.com\/de\/wp-json\/wp\/v2\/product\/23214","targetHints":{"allow":["GET"]}}],"collection":[{"href":"https:\/\/italiansublimefood.com\/de\/wp-json\/wp\/v2\/product"}],"about":[{"href":"https:\/\/italiansublimefood.com\/de\/wp-json\/wp\/v2\/types\/product"}],"wp:featuredmedia":[{"embeddable":true,"href":"https:\/\/italiansublimefood.com\/de\/wp-json\/wp\/v2\/media\/20342"}],"wp:attachment":[{"href":"https:\/\/italiansublimefood.com\/de\/wp-json\/wp\/v2\/media?parent=23214"}],"wp:term":[{"taxonomy":"product_brand","embeddable":true,"href":"https:\/\/italiansublimefood.com\/de\/wp-json\/wp\/v2\/product_brand?post=23214"},{"taxonomy":"product_cat","embeddable":true,"href":"https:\/\/italiansublimefood.com\/de\/wp-json\/wp\/v2\/product_cat?post=23214"},{"taxonomy":"product_tag","embeddable":true,"href":"https:\/\/italiansublimefood.com\/de\/wp-json\/wp\/v2\/product_tag?post=23214"}],"curies":[{"name":"wp","href":"https:\/\/api.w.org\/{rel}","templated":true}]}}