{"id":23206,"date":"2024-09-20T08:37:46","date_gmt":"2024-09-20T06:37:46","guid":{"rendered":"https:\/\/italiansublimefood.com\/product\/porcini-mushrooms-212ml-nonna-marida\/"},"modified":"2025-05-05T10:02:57","modified_gmt":"2025-05-05T08:02:57","slug":"steinpilze-212ml-nonna-marida","status":"publish","type":"product","link":"https:\/\/italiansublimefood.com\/de\/produkt\/steinpilze-212ml-nonna-marida\/","title":{"rendered":"Steinpilze 212ml &#8211; Nonna Marida"},"content":{"rendered":"","protected":false},"excerpt":{"rendered":"<p>Nonna Marida-Entdecken Sie die Authentizit\u00e4t italienischer Steinpilze mit unserem Flaggschiffprodukt &#8216;Fungo Porcino&#8217;, einer handwerklichen Exzellenz, die von einem Familienunternehmen mit Leidenschaft hergestellt wird. Jedes Glas (212 ml) bietet die Reinheit und den Geschmack der feinsten Steinpilze, die in den italienischen W\u00e4ldern von Hand gepfl\u00fcckt und sorgf\u00e4ltig verarbeitet werden, um ihr Aroma und ihre Qualit\u00e4t zu erhalten. Nonna Marida Besondere Merkmale der Steinpilze von : Sorgf\u00e4ltige Auswahl der Zutaten: Wir verwenden nur die feinsten Steinpilze, die von unseren Experten sorgf\u00e4ltig ausgew\u00e4hlt werden, um h\u00f6chste Qualit\u00e4t und authentischen Geschmack zu garantieren. Handwerkliche Verarbeitung: Jeder Steinpilz wird von Hand und mit gro\u00dfer Sorgfalt verarbeitet, um seine nat\u00fcrliche Textur und sein Aroma zu erhalten und so ein hochwertiges Produkt anzubieten. Nonna Marida Nat\u00fcrliches und unverf\u00e4lschtes Aroma: Dank ihrer nat\u00fcrlichen Herkunft und der handwerklichen Verarbeitung bewahren die Steinpilze von den den typischen Geschmack und das Aroma von frisch gepfl\u00fcckten Pilzen.     Vielseitigkeit in der K\u00fcche: Steinpilze sind eine vielseitige Zutat, die sich perfekt zum Verfeinern von Pastagerichten, Risotto, Fleisch und vielem mehr eignet und einen Hauch von authentischem, raffiniertem Geschmack verleiht. Nonna MaridaEinzigartiges gastronomisches Erlebnis: Mit Steinpilzen von k\u00f6nnen Sie die Authentizit\u00e4t der italienischen K\u00fcche direkt zu Hause genie\u00dfen und k\u00f6stliche Gerichte kreieren, die den Gaumen von Familie und Freunden erfreuen werden. Nonna Marida Entdecken Sie den Genuss der Steinpilze von und tauchen Sie ein in das Aroma und die K\u00f6stlichkeiten der traditionellen italienischen K\u00fcche. Genie\u00dfen Sie Ihre Mahlzeit!  <\/p>\n<p>&nbsp;<\/p>\n","protected":false},"featured_media":21880,"template":"","meta":[],"product_brand":[],"product_cat":[15],"product_tag":[272],"class_list":{"0":"post-23206","1":"product","2":"type-product","3":"status-publish","4":"has-post-thumbnail","6":"product_cat-salumi-e-carni","7":"product_tag-nonna-marida","9":"first","10":"instock","11":"taxable","12":"shipping-taxable","13":"purchasable","14":"product-type-simple"},"_links":{"self":[{"href":"https:\/\/italiansublimefood.com\/de\/wp-json\/wp\/v2\/product\/23206","targetHints":{"allow":["GET"]}}],"collection":[{"href":"https:\/\/italiansublimefood.com\/de\/wp-json\/wp\/v2\/product"}],"about":[{"href":"https:\/\/italiansublimefood.com\/de\/wp-json\/wp\/v2\/types\/product"}],"wp:featuredmedia":[{"embeddable":true,"href":"https:\/\/italiansublimefood.com\/de\/wp-json\/wp\/v2\/media\/21880"}],"wp:attachment":[{"href":"https:\/\/italiansublimefood.com\/de\/wp-json\/wp\/v2\/media?parent=23206"}],"wp:term":[{"taxonomy":"product_brand","embeddable":true,"href":"https:\/\/italiansublimefood.com\/de\/wp-json\/wp\/v2\/product_brand?post=23206"},{"taxonomy":"product_cat","embeddable":true,"href":"https:\/\/italiansublimefood.com\/de\/wp-json\/wp\/v2\/product_cat?post=23206"},{"taxonomy":"product_tag","embeddable":true,"href":"https:\/\/italiansublimefood.com\/de\/wp-json\/wp\/v2\/product_tag?post=23206"}],"curies":[{"name":"wp","href":"https:\/\/api.w.org\/{rel}","templated":true}]}}