{"id":23205,"date":"2024-09-20T08:35:05","date_gmt":"2024-09-20T06:35:05","guid":{"rendered":"https:\/\/italiansublimefood.com\/product\/rositi-pilze-glas-3100-ml-nonna-marida\/"},"modified":"2025-05-05T10:02:57","modified_gmt":"2025-05-05T08:02:57","slug":"rositi-pilze-glas-3100-ml-nonna-marida","status":"publish","type":"product","link":"https:\/\/italiansublimefood.com\/de\/produkt\/rositi-pilze-glas-3100-ml-nonna-marida\/","title":{"rendered":"ROSITI PILZE GLAS 3100 ML &#8211; Nonna Marida"},"content":{"rendered":"","protected":false},"excerpt":{"rendered":"<p>-Rositi Classici Il Rosito. Authentische kalabresische Exzellenz in einem Glas in \u00d6l. Willkommen in unserem E-Commerce, wo wir Ihnen den Rosito vorstellen, eine Delikatesse in \u00d6l, die die reiche kulinarische Tradition Kalabriens verk\u00f6rpert. Mit seiner orangenen Farbe und seinem angenehmen, aber kr\u00e4ftigen Geschmack ist der Rosito das Juwel in der Krone der kalabresischen Gastronomie, bereit, die Gaumen von Kennern des feinen Geschmacks zu erobern. Wichtigste Merkmale: Intensiver Geschmack: Rosito ist bekannt f\u00fcr seinen kr\u00e4ftigen Geschmack, ein Fest der Aromen, das all diejenigen begeistert, die gerne authentische Geschm\u00e4cker erkunden und die Echtheit eines hochwertigen Produkts in \u00d6l sch\u00e4tzen. Vielseitigkeit in der K\u00fcche: Von der t\u00e4glichen Tafel bis hin zu besonderen Anl\u00e4ssen eignet sich Rosito als raffinierte Beilage, als k\u00f6stliche Zutat f\u00fcr Vorspeisen oder als au\u00dfergew\u00f6hnliches Gew\u00fcrz zur Verfeinerung von Pasta. Alla Brace f\u00fcr die Mutigen: F\u00fcr diejenigen, die ein gewagtes Geschmackserlebnis suchen, ist Rosito auch gegrillt erh\u00e4ltlich und verleiht den Gerichten eine rauchige, kr\u00e4ftige Note. Warum Sie sich f\u00fcr Rosito entscheiden sollten: Kalabrische Exzellenz: Rosito ist der Stolz Kalabriens, ein Zeugnis der kulinarischen Kunst, die \u00fcber Generationen von Liebhabern weitergegeben wurde. Raffinierte Aromen teilen: Schenken Sie Rosito den Liebhabern raffinierter Aromen und teilen Sie ein St\u00fcck kalabrischer Tradition, das einen unausl\u00f6schlichen Geschmackseindruck hinterlassen wird. <strong>-Zutaten:<\/strong> Rosito-Pilze (Lactarius Deliciosus) 30%, Shiitake-Pilze 30%, Stropharia-Pilze 30%, Sonnenblumenkern\u00f6l, natives Oliven\u00f6l extra, saurer Weinessig, scharfer gemahlener Chilipfeffer, Oregano, Knoblauch, Salz. Mykologische Kontrolle: Dr. Eugenio Mari (Nationale Reg. Nr. 791- Reg. Cal. 21). &lt; H <strong>erstellungsverfahren: <\/strong>Ans\u00e4uerung bei pH 4,5, Pasteurisierung. <strong>Allergene:<\/strong> Enth\u00e4lt Sulfite. <strong>GVO:<\/strong> Nicht vorhanden. <strong>N\u00e4hrwerte (Durchschnittswerte pro 100 g des Produkts): <\/strong>Energiewert: 1137,3 kJ \/ 271,8 Kcal, Fett: 28,4 g (davon ges\u00e4ttigte Fetts\u00e4uren: 4 g), Kohlenhydrate: 2 g (davon Zucker: 2 g), Protein: 2,2 g, Ballaststoffe: 1,2 g, Salz: 1,1 g. &lt; &lt; &lt; M <strong>ikrobiologische Analyse: <\/strong>Anzahl der Mikroorganismen bei 30\u00b0C: 10 KBE\/g, Schimmelpilze: 10 KBE\/g, Hefen: 10 KBE\/g. Listeria monocytogenes: Nicht vorhanden in 25 g. &lt; PH: 4,4 (pH-Einheiten). &lt; Bestimmung der Wasseraktivit\u00e4t (aw): 0,92. <strong>ETIKETTIERUNG<\/strong> (Ref. Reg EU 1169\/11 in der ge\u00e4nderten Fassung): Die Etiketten, die zum Zeitpunkt der Verpackung auf dem Produkt angebracht sind, entsprechen den geltenden Vorschriften. Jedes Produkt ist mit einer Chargennummer gekennzeichnet. Das gesamte System der R\u00fcckverfolgbarkeit bezieht sich auf die Produktionsmethoden bis hin zu den Rohstoffen und der Verpackung. (EG-Verordnung 178\/2002 und verwandte Vorschriften). Produktinformation: Beh\u00e4ltertyp : GL 70 Glassammlung. Verschlussart : ALU 41 Aluminium Kollektion. Etikett : PAP 22 Papiersammlung (Papiersammlung). Verwendungszweck: F\u00fcr alle Verbraucher geeignet, auch f\u00fcr Veganer und Vegetarier. Gebrauchsanweisung: Gebrauchsfertiges Produkt. Nach dem \u00d6ffnen sollte es mit \u00d6l bedeckt und bei 2\u00b0C &#8211; 5\u00b0C gek\u00fchlt werden und innerhalb von 3-4 Tagen verbraucht werden.        <\/p>\n<p>             Lagerungsbedingungen: K\u00fchl, trocken, vor Licht und Hitze gesch\u00fctzt lagern. Produktspezifikationen: <strong>Haltbarkeitsdauer<\/strong>: 24 Monate. Beh\u00e4ltergr\u00f6\u00dfe: 3100 ml. Verpackungsbeschreibung: Glasgef\u00e4\u00dfe mit Schraubverschluss. Transport: Nicht gek\u00fchlt.    <\/p>\n<p>&nbsp;<\/p>\n","protected":false},"featured_media":21886,"template":"","meta":[],"product_brand":[],"product_cat":[15],"product_tag":[272],"class_list":{"0":"post-23205","1":"product","2":"type-product","3":"status-publish","4":"has-post-thumbnail","6":"product_cat-salumi-e-carni","7":"product_tag-nonna-marida","9":"first","10":"instock","11":"taxable","12":"shipping-taxable","13":"purchasable","14":"product-type-simple"},"_links":{"self":[{"href":"https:\/\/italiansublimefood.com\/de\/wp-json\/wp\/v2\/product\/23205","targetHints":{"allow":["GET"]}}],"collection":[{"href":"https:\/\/italiansublimefood.com\/de\/wp-json\/wp\/v2\/product"}],"about":[{"href":"https:\/\/italiansublimefood.com\/de\/wp-json\/wp\/v2\/types\/product"}],"wp:featuredmedia":[{"embeddable":true,"href":"https:\/\/italiansublimefood.com\/de\/wp-json\/wp\/v2\/media\/21886"}],"wp:attachment":[{"href":"https:\/\/italiansublimefood.com\/de\/wp-json\/wp\/v2\/media?parent=23205"}],"wp:term":[{"taxonomy":"product_brand","embeddable":true,"href":"https:\/\/italiansublimefood.com\/de\/wp-json\/wp\/v2\/product_brand?post=23205"},{"taxonomy":"product_cat","embeddable":true,"href":"https:\/\/italiansublimefood.com\/de\/wp-json\/wp\/v2\/product_cat?post=23205"},{"taxonomy":"product_tag","embeddable":true,"href":"https:\/\/italiansublimefood.com\/de\/wp-json\/wp\/v2\/product_tag?post=23205"}],"curies":[{"name":"wp","href":"https:\/\/api.w.org\/{rel}","templated":true}]}}