{"id":23202,"date":"2024-09-20T08:32:01","date_gmt":"2024-09-20T06:32:01","guid":{"rendered":"https:\/\/italiansublimefood.com\/product\/gemischtes-pilzgefaess-3100-ml-nonna-marida\/"},"modified":"2025-05-05T10:02:57","modified_gmt":"2025-05-05T08:02:57","slug":"gemischtes-pilzgefaess-3100-ml-nonna-marida","status":"publish","type":"product","link":"https:\/\/italiansublimefood.com\/de\/produkt\/gemischtes-pilzgefaess-3100-ml-nonna-marida\/","title":{"rendered":"GEMISCHTES PILZGEF\u00c4SS 3100 ML &#8211; Nonna Marida"},"content":{"rendered":"","protected":false},"excerpt":{"rendered":"<p>-Pilze in \u00d6l. Eine Symphonie der Aromen in drei verschiedenen Varianten. Entdecken Sie unsere Auswahl an Pilzen in \u00d6l, ein Trio kulinarischer K\u00f6stlichkeiten, die sich harmonisch zusammenf\u00fcgen und Ihnen ein einzigartiges Geschmackserlebnis bieten. Unsere Pilzmischung ist kompromisslos darauf ausgerichtet, Ihnen einen unverwechselbaren Geschmack zu bieten, der den Gaumen einl\u00e4dt, jede Sorte einzeln zu unterscheiden und zu sch\u00e4tzen. Hauptmerkmale: Drei unterschiedliche Varianten: Drei sorgf\u00e4ltig ausgew\u00e4hlte Pilzsorten sind in einer umh\u00fcllenden Mischung vereint. Jede Sorte bietet einen einzigartigen Charakter und tr\u00e4gt zur Reichhaltigkeit und Komplexit\u00e4t des Gesamtgeschmacks bei. Harmonische Fusion: Die Pilzmischung in \u00d6l wurde mit dem Ziel kreiert, eine harmonische Fusion von Aromen zu bieten, die es jeder Sorte erm\u00f6glicht, auf ausgewogene Weise zur Komposition der Mischung beizutragen. Kr\u00e4ftiger und unverwechselbarer Geschmack: Dank der Beschaffenheit der Pilze in \u00d6l bleibt der kr\u00e4ftige und unverwechselbare Geschmack der Pilze erhalten und wird angereichert, um Ihren Gaumen mit jedem Bissen zu erfreuen. Warum Sie sich f\u00fcr eingelegte Champignons entscheiden sollten: Vielseitigkeit in der K\u00fcche: Eingelegte Champignons eignen sich perfekt als Vorspeise, als Gew\u00fcrz f\u00fcr Pasta oder als Beilage zu Hauptgerichten und verleihen jeder kulinarischen Zubereitung einen Hauch von Raffinesse. Einzigartiges sensorisches Erlebnis: Die ausgewogene Kombination der drei Sorten bietet ein einzigartiges sensorisches Erlebnis, das den Genie\u00dfer einl\u00e4dt, jede Geschmacksnuance zu entdecken und zu sch\u00e4tzen. <strong>-Zutaten:<\/strong> Rosita-Pilze (Lactarius Deliciosus) 30%, Shiitake-Pilze 30%, Stropharia-Pilze 30%, Sonnenblumenkern\u00f6l, natives Oliven\u00f6l extra, saurer Weinessig, scharfer gemahlener Chilipfeffer, Oregano, Knoblauch, Salz. Mykologisch getestet von Dr. Eugenio Mari (Nationale Reg. Nr. 791- Reg. Cal. 21). &lt; H <strong>erstellungsverfahren: <\/strong>Ans\u00e4uerung bei pH 4,5, Pasteurisierung. <strong>Allergene:<\/strong> Enth\u00e4lt Sulfite. <strong>GVO: <\/strong>Nicht vorhanden.<strong> N\u00e4hrwerte (Durchschnittswerte pro 100 g des Produkts):<\/strong> Energiewert 1137,3 Kj \/ 271,8 Kcal, Fett 28,4 g (davon ges\u00e4ttigte Fetts\u00e4uren 4 g), Kohlenhydrate 2 g (davon Zucker 2 g), Protein 2,2 g, Ballaststoffe 1,2 g, Salz 1,1 g. &lt; &lt; &lt; M <strong>ikrobiologische Analyse:<\/strong> Mikroorganismenzahl bei 30\u00b0 C 10 KBE\/g, Schimmelpilze 10 KBE\/g, Hefen 10 KBE\/g. &lt; L <strong>isteria monocytogenes:<\/strong> Nicht vorhanden in 25 g. pH 4,4 pH-Einheiten. &lt; Bestimmung der Wasseraktivit\u00e4t (aw) 0,92. <strong>ETIKETTIERUNG<\/strong> (Ref. EU Reg. 1169\/11 as amended): Die Etiketten, die zum Zeitpunkt der Verpackung auf dem Produkt angebracht sind, entsprechen den geltenden Vorschriften. Jedes Produkt ist mit einer Chargennummer gekennzeichnet. Das gesamte System der R\u00fcckverfolgbarkeit bezieht sich auf die Produktionsmethoden bis hin zu den Rohstoffen und der Verpackung. (EG-Verordnung 178\/2002 und verwandte Vorschriften). GL 70 Krug GL 70 Kollektion GLAS ALU 41 Aluminium-Sammlung. Etikett PAP 22 Papier-Sammlung. Produkt f\u00fcr alle. Geeignet f\u00fcr vegane und vegetarische Ern\u00e4hrung. Gebrauchsfertiges Produkt.         <\/p>\n<p>            Achten Sie nach dem \u00d6ffnen der Packung darauf, dass das Produkt mit \u00d6l bedeckt ist, lagern Sie es im K\u00fchlschrank (+2 \u00b0C \/+5 \u00b0C) und verbrauchen Sie es innerhalb von 3 bis 4 Tagen. Lagerung An einem k\u00fchlen, trockenen Ort, fern von Licht und W\u00e4rmequellen. <strong>Haltbarkeitsdauer<\/strong> 24 Monate. Verpackung 314 ml. Nettogewicht 270 g. Verpackung Glasgef\u00e4\u00dfe mit Schraubverschluss. Transportart Nicht gek\u00fchlt.    <\/p>\n","protected":false},"featured_media":21895,"template":"","meta":[],"product_brand":[],"product_cat":[15],"product_tag":[272],"class_list":{"0":"post-23202","1":"product","2":"type-product","3":"status-publish","4":"has-post-thumbnail","6":"product_cat-salumi-e-carni","7":"product_tag-nonna-marida","9":"first","10":"instock","11":"taxable","12":"shipping-taxable","13":"purchasable","14":"product-type-simple"},"_links":{"self":[{"href":"https:\/\/italiansublimefood.com\/de\/wp-json\/wp\/v2\/product\/23202","targetHints":{"allow":["GET"]}}],"collection":[{"href":"https:\/\/italiansublimefood.com\/de\/wp-json\/wp\/v2\/product"}],"about":[{"href":"https:\/\/italiansublimefood.com\/de\/wp-json\/wp\/v2\/types\/product"}],"wp:featuredmedia":[{"embeddable":true,"href":"https:\/\/italiansublimefood.com\/de\/wp-json\/wp\/v2\/media\/21895"}],"wp:attachment":[{"href":"https:\/\/italiansublimefood.com\/de\/wp-json\/wp\/v2\/media?parent=23202"}],"wp:term":[{"taxonomy":"product_brand","embeddable":true,"href":"https:\/\/italiansublimefood.com\/de\/wp-json\/wp\/v2\/product_brand?post=23202"},{"taxonomy":"product_cat","embeddable":true,"href":"https:\/\/italiansublimefood.com\/de\/wp-json\/wp\/v2\/product_cat?post=23202"},{"taxonomy":"product_tag","embeddable":true,"href":"https:\/\/italiansublimefood.com\/de\/wp-json\/wp\/v2\/product_tag?post=23202"}],"curies":[{"name":"wp","href":"https:\/\/api.w.org\/{rel}","templated":true}]}}