{"id":23199,"date":"2024-09-23T11:27:31","date_gmt":"2024-09-23T09:27:31","guid":{"rendered":"https:\/\/italiansublimefood.com\/product\/haselnussfliesen-12-stueck-augusto-79\/"},"modified":"2025-05-05T10:02:56","modified_gmt":"2025-05-05T08:02:56","slug":"haselnussfliesen-12-stueck-augusto-79","status":"publish","type":"product","link":"https:\/\/italiansublimefood.com\/de\/produkt\/haselnussfliesen-12-stueck-augusto-79\/","title":{"rendered":"Haselnussfliesen 12 St\u00fcck &#8211; Augusto 79"},"content":{"rendered":"","protected":false},"excerpt":{"rendered":"<div class=\"message\">\n<div class=\"content\">\n<div class=\"ac-container ac-adaptiveCard\" tabindex=\"0\">\n<div class=\"ac-textBlock\">\n<p>&#8211; Wenn Sie Haseln\u00fcsse lieben, k\u00f6nnen Sie den Haselnusskacheln nicht widerstehen, knusprigen Keksen in Kachelform mit ger\u00f6steten Haseln\u00fcssen. Diese knusprigen Kekse sind ideal zum Kaffee oder Tee, zum Essen vor dem Training oder als Snack zu jeder Tageszeit. Sie werden aus einfachen und nat\u00fcrlichen Zutaten hergestellt, ohne Konservierungs- oder Farbstoffe.   Warum sollten Sie unsere Fliesen w\u00e4hlen?<\/p>\n<\/div>\n<\/div>\n<\/div>\n<\/div>\n<div class=\"content footer\">\n<div class=\"text\">\ud83c\uddee\ud83c\uddf9 100 % g.g.A. Piemont NOCCIOLA<\/div>\n<\/div>\n<p>\ud83c\udf6a Gluten- und laktosefrei \u2615Gro\u00dfartig zum Fr\u00fchst\u00fcck \u26a1Reich an Eiwei\u00df und Mineralien &#8211; sie sind auch eine tolle Geschenkidee f\u00fcr Liebhaber traditioneller S\u00fc\u00dfigkeiten. Worauf warten Sie noch? Bestellen Sie jetzt Haselnussgranulat und lassen Sie sich von seinem unwiderstehlichen Geschmack \u00fcberzeugen!<\/p>\n","protected":false},"featured_media":20387,"template":"","meta":[],"product_brand":[],"product_cat":[15],"product_tag":[249],"class_list":{"0":"post-23199","1":"product","2":"type-product","3":"status-publish","4":"has-post-thumbnail","6":"product_cat-salumi-e-carni","7":"product_tag-augusto-79","9":"first","10":"instock","11":"taxable","12":"shipping-taxable","13":"purchasable","14":"product-type-simple"},"_links":{"self":[{"href":"https:\/\/italiansublimefood.com\/de\/wp-json\/wp\/v2\/product\/23199","targetHints":{"allow":["GET"]}}],"collection":[{"href":"https:\/\/italiansublimefood.com\/de\/wp-json\/wp\/v2\/product"}],"about":[{"href":"https:\/\/italiansublimefood.com\/de\/wp-json\/wp\/v2\/types\/product"}],"wp:featuredmedia":[{"embeddable":true,"href":"https:\/\/italiansublimefood.com\/de\/wp-json\/wp\/v2\/media\/20387"}],"wp:attachment":[{"href":"https:\/\/italiansublimefood.com\/de\/wp-json\/wp\/v2\/media?parent=23199"}],"wp:term":[{"taxonomy":"product_brand","embeddable":true,"href":"https:\/\/italiansublimefood.com\/de\/wp-json\/wp\/v2\/product_brand?post=23199"},{"taxonomy":"product_cat","embeddable":true,"href":"https:\/\/italiansublimefood.com\/de\/wp-json\/wp\/v2\/product_cat?post=23199"},{"taxonomy":"product_tag","embeddable":true,"href":"https:\/\/italiansublimefood.com\/de\/wp-json\/wp\/v2\/product_tag?post=23199"}],"curies":[{"name":"wp","href":"https:\/\/api.w.org\/{rel}","templated":true}]}}