{"id":23166,"date":"2024-09-24T17:56:08","date_gmt":"2024-09-24T15:56:08","guid":{"rendered":"https:\/\/italiansublimefood.com\/product\/konnussmehl-5kg-mulino-val-dorcia\/"},"modified":"2025-05-05T10:02:55","modified_gmt":"2025-05-05T08:02:55","slug":"konnussmehl-5kg-mulino-val-dorcia","status":"publish","type":"product","link":"https:\/\/italiansublimefood.com\/de\/produkt\/konnussmehl-5kg-mulino-val-dorcia\/","title":{"rendered":"KONNUSSMEHL 5kg &#8211; Mulino Val d&#8217;Orcia"},"content":{"rendered":"","protected":false},"excerpt":{"rendered":"<p>Alles Mehl aus unserem Sack! <strong>STEIN-GRUND. <\/strong>Bio-Dinkelmehl aus Steinmehl. Das Hauptmerkmal des Steinmahlens ist das Mahlen des gesamten Weizenkorns bei einer niedrigen Verarbeitungsgeschwindigkeit, wodurch die \u00dcberhitzung der M\u00fchlsteine und damit des Mehls verringert wird, ohne dass seine Lipid-Vitamin-Eigenschaften beeintr\u00e4chtigt werden. <strong>Haltbarkeitsdauer:<\/strong> 6 Monate (500 g, 1 kg, 5 kg, 10 kg).<\/p>\n","protected":false},"featured_media":22589,"template":"","meta":[],"product_brand":[],"product_cat":[15],"product_tag":[271],"class_list":{"0":"post-23166","1":"product","2":"type-product","3":"status-publish","4":"has-post-thumbnail","6":"product_cat-salumi-e-carni","7":"product_tag-mulino-val-dorcia","9":"first","10":"instock","11":"taxable","12":"shipping-taxable","13":"purchasable","14":"product-type-simple"},"_links":{"self":[{"href":"https:\/\/italiansublimefood.com\/de\/wp-json\/wp\/v2\/product\/23166","targetHints":{"allow":["GET"]}}],"collection":[{"href":"https:\/\/italiansublimefood.com\/de\/wp-json\/wp\/v2\/product"}],"about":[{"href":"https:\/\/italiansublimefood.com\/de\/wp-json\/wp\/v2\/types\/product"}],"wp:featuredmedia":[{"embeddable":true,"href":"https:\/\/italiansublimefood.com\/de\/wp-json\/wp\/v2\/media\/22589"}],"wp:attachment":[{"href":"https:\/\/italiansublimefood.com\/de\/wp-json\/wp\/v2\/media?parent=23166"}],"wp:term":[{"taxonomy":"product_brand","embeddable":true,"href":"https:\/\/italiansublimefood.com\/de\/wp-json\/wp\/v2\/product_brand?post=23166"},{"taxonomy":"product_cat","embeddable":true,"href":"https:\/\/italiansublimefood.com\/de\/wp-json\/wp\/v2\/product_cat?post=23166"},{"taxonomy":"product_tag","embeddable":true,"href":"https:\/\/italiansublimefood.com\/de\/wp-json\/wp\/v2\/product_tag?post=23166"}],"curies":[{"name":"wp","href":"https:\/\/api.w.org\/{rel}","templated":true}]}}