{"id":23148,"date":"2024-09-24T17:29:42","date_gmt":"2024-09-24T15:29:42","guid":{"rendered":"https:\/\/italiansublimefood.com\/product\/farina-di-grano-duro-senatore-capelli-5kg-mulino-val-dorcia\/"},"modified":"2025-05-05T10:02:55","modified_gmt":"2025-05-05T08:02:55","slug":"senatore-cappelli-hartweizenmehl-5kg-mulino-val-dorcia","status":"publish","type":"product","link":"https:\/\/italiansublimefood.com\/de\/produkt\/senatore-cappelli-hartweizenmehl-5kg-mulino-val-dorcia\/","title":{"rendered":"Senatore Cappelli Hartweizenmehl 5kg &#8211; Mulino Val d&#8217;Orcia"},"content":{"rendered":"","protected":false},"excerpt":{"rendered":"<p>Alles Mehl aus unserem Sack! <strong>STEIN-GRUND. <\/strong>Bio-Hartweizenmehl von Senatore Cappelli, steingemahlen. Senatore Cappelli Hartweizen ist eine gesch\u00e4tzte alte Hartweizensorte. Sein Geschmack, sein Aroma und sein N\u00e4hrstoffgehalt sind im Laufe der Zeit unver\u00e4ndert erhalten geblieben. Er ist reich an N\u00e4hrstoffen wie Lipiden, Aminos\u00e4uren, Vitaminen und Mineralien, weshalb Experten diesem Mehl eine hohe Toleranz zuschreiben. Da es ein sehr harter Weizen ist, eignet es sich besonders gut f\u00fcr Pasta, die immer al dente bleibt. <strong>Lagerf\u00e4higkeit: <\/strong>3 Monate.<\/p>\n","protected":false},"featured_media":22617,"template":"","meta":[],"product_brand":[],"product_cat":[15],"product_tag":[271],"class_list":{"0":"post-23148","1":"product","2":"type-product","3":"status-publish","4":"has-post-thumbnail","6":"product_cat-salumi-e-carni","7":"product_tag-mulino-val-dorcia","9":"first","10":"instock","11":"taxable","12":"shipping-taxable","13":"purchasable","14":"product-type-simple"},"_links":{"self":[{"href":"https:\/\/italiansublimefood.com\/de\/wp-json\/wp\/v2\/product\/23148","targetHints":{"allow":["GET"]}}],"collection":[{"href":"https:\/\/italiansublimefood.com\/de\/wp-json\/wp\/v2\/product"}],"about":[{"href":"https:\/\/italiansublimefood.com\/de\/wp-json\/wp\/v2\/types\/product"}],"wp:featuredmedia":[{"embeddable":true,"href":"https:\/\/italiansublimefood.com\/de\/wp-json\/wp\/v2\/media\/22617"}],"wp:attachment":[{"href":"https:\/\/italiansublimefood.com\/de\/wp-json\/wp\/v2\/media?parent=23148"}],"wp:term":[{"taxonomy":"product_brand","embeddable":true,"href":"https:\/\/italiansublimefood.com\/de\/wp-json\/wp\/v2\/product_brand?post=23148"},{"taxonomy":"product_cat","embeddable":true,"href":"https:\/\/italiansublimefood.com\/de\/wp-json\/wp\/v2\/product_cat?post=23148"},{"taxonomy":"product_tag","embeddable":true,"href":"https:\/\/italiansublimefood.com\/de\/wp-json\/wp\/v2\/product_tag?post=23148"}],"curies":[{"name":"wp","href":"https:\/\/api.w.org\/{rel}","templated":true}]}}