{"id":23147,"date":"2024-09-24T17:23:42","date_gmt":"2024-09-24T15:23:42","guid":{"rendered":"https:\/\/italiansublimefood.com\/product\/weizenvollkornmehl-25kg-mulino-val-dorcia\/"},"modified":"2025-05-05T10:02:55","modified_gmt":"2025-05-05T08:02:55","slug":"weizenvollkornmehl-25kg-mulino-val-dorcia","status":"publish","type":"product","link":"https:\/\/italiansublimefood.com\/de\/produkt\/weizenvollkornmehl-25kg-mulino-val-dorcia\/","title":{"rendered":"Weizenvollkornmehl 25kg &#8211; Mulino Val d&#8217;Orcia"},"content":{"rendered":"","protected":false},"excerpt":{"rendered":"<p>Alles Mehl aus unserem Sack! <strong>STEIN-GRUND. <\/strong>Verna steingemahlenes Weizenvollkornmehl. Das nahrhafteste: Vollkornmehl enth\u00e4lt das ganze Korn in all seinen Bestandteilen, also St\u00e4rke, Kleie und Weizenkeime, und ist somit ein vollst\u00e4ndiges Nahrungsmittel. <strong>Haltbarkeit: <\/strong>3 Monate.<\/p>\n","protected":false},"featured_media":24815,"template":"","meta":[],"product_brand":[],"product_cat":[15],"product_tag":[271],"class_list":{"0":"post-23147","1":"product","2":"type-product","3":"status-publish","4":"has-post-thumbnail","6":"product_cat-salumi-e-carni","7":"product_tag-mulino-val-dorcia","9":"first","10":"instock","11":"taxable","12":"shipping-taxable","13":"purchasable","14":"product-type-simple"},"_links":{"self":[{"href":"https:\/\/italiansublimefood.com\/de\/wp-json\/wp\/v2\/product\/23147","targetHints":{"allow":["GET"]}}],"collection":[{"href":"https:\/\/italiansublimefood.com\/de\/wp-json\/wp\/v2\/product"}],"about":[{"href":"https:\/\/italiansublimefood.com\/de\/wp-json\/wp\/v2\/types\/product"}],"wp:featuredmedia":[{"embeddable":true,"href":"https:\/\/italiansublimefood.com\/de\/wp-json\/wp\/v2\/media\/24815"}],"wp:attachment":[{"href":"https:\/\/italiansublimefood.com\/de\/wp-json\/wp\/v2\/media?parent=23147"}],"wp:term":[{"taxonomy":"product_brand","embeddable":true,"href":"https:\/\/italiansublimefood.com\/de\/wp-json\/wp\/v2\/product_brand?post=23147"},{"taxonomy":"product_cat","embeddable":true,"href":"https:\/\/italiansublimefood.com\/de\/wp-json\/wp\/v2\/product_cat?post=23147"},{"taxonomy":"product_tag","embeddable":true,"href":"https:\/\/italiansublimefood.com\/de\/wp-json\/wp\/v2\/product_tag?post=23147"}],"curies":[{"name":"wp","href":"https:\/\/api.w.org\/{rel}","templated":true}]}}