{"id":23123,"date":"2024-09-24T16:58:09","date_gmt":"2024-09-24T14:58:09","guid":{"rendered":"https:\/\/italiansublimefood.com\/product\/ameisensuppe-5kg-mulino-val-dorcia\/"},"modified":"2025-05-05T10:02:53","modified_gmt":"2025-05-05T08:02:53","slug":"ameisensuppe-5kg-mulino-val-dorcia","status":"publish","type":"product","link":"https:\/\/italiansublimefood.com\/de\/produkt\/ameisensuppe-5kg-mulino-val-dorcia\/","title":{"rendered":"Ameisensuppe 5kg &#8211; Mulino Val d&#8217;Orcia"},"content":{"rendered":"","protected":false},"excerpt":{"rendered":"<div>\n<p>Farro Monococco, Farro Dicocco, Grano Tenero &#8216;Verna&#8217;, Gerste und Linsen aus dem Val d&#8217;Orcia. Unsere Suppen sind ein Bio-Produkt auf der Grundlage von Getreide und H\u00fclsenfr\u00fcchten aus dem Val d&#8217;Orcia. Unsere Suppen m\u00fcssen nicht eingeweicht werden, sind in 20\/25 Minuten fertig und k\u00f6nnen mit gemischtem Gem\u00fcse, Pilzen und Gew\u00fcrzen angereichert werden. ZUTATEN: Geperlter Monococco Dinkel 20%, Geperlter Dicocco Dinkel 20%, &#8220;Verna&#8221; Weizen 20%, Geperlte Gerste 20%, Linsen 20%. DURCHSCHNITTLICHE ERN\u00c4HRUNGSWERTES pro 100 g: Energie 1497 KJ, 358 Kcal. Fetts\u00e4uren 2 g, davon ges\u00e4ttigt: 0,4 g. Kohlenhydrate 65,7 g, davon Zucker 2,3 g. Eiwei\u00df 14,7 g Salz, 0,0 g.<\/p>\n<\/div>\n","protected":false},"featured_media":22680,"template":"","meta":[],"product_brand":[],"product_cat":[15],"product_tag":[271],"class_list":{"0":"post-23123","1":"product","2":"type-product","3":"status-publish","4":"has-post-thumbnail","6":"product_cat-salumi-e-carni","7":"product_tag-mulino-val-dorcia","9":"first","10":"instock","11":"taxable","12":"shipping-taxable","13":"purchasable","14":"product-type-simple"},"_links":{"self":[{"href":"https:\/\/italiansublimefood.com\/de\/wp-json\/wp\/v2\/product\/23123","targetHints":{"allow":["GET"]}}],"collection":[{"href":"https:\/\/italiansublimefood.com\/de\/wp-json\/wp\/v2\/product"}],"about":[{"href":"https:\/\/italiansublimefood.com\/de\/wp-json\/wp\/v2\/types\/product"}],"wp:featuredmedia":[{"embeddable":true,"href":"https:\/\/italiansublimefood.com\/de\/wp-json\/wp\/v2\/media\/22680"}],"wp:attachment":[{"href":"https:\/\/italiansublimefood.com\/de\/wp-json\/wp\/v2\/media?parent=23123"}],"wp:term":[{"taxonomy":"product_brand","embeddable":true,"href":"https:\/\/italiansublimefood.com\/de\/wp-json\/wp\/v2\/product_brand?post=23123"},{"taxonomy":"product_cat","embeddable":true,"href":"https:\/\/italiansublimefood.com\/de\/wp-json\/wp\/v2\/product_cat?post=23123"},{"taxonomy":"product_tag","embeddable":true,"href":"https:\/\/italiansublimefood.com\/de\/wp-json\/wp\/v2\/product_tag?post=23123"}],"curies":[{"name":"wp","href":"https:\/\/api.w.org\/{rel}","templated":true}]}}