{"id":23112,"date":"2024-09-24T11:39:02","date_gmt":"2024-09-24T09:39:02","guid":{"rendered":"https:\/\/italiansublimefood.com\/product\/dekorierte-kokosblueten-5kg-mulino-val-dorcia\/"},"modified":"2025-05-05T10:02:53","modified_gmt":"2025-05-05T08:02:53","slug":"dekorierte-kokosblueten-5kg-mulino-val-dorcia","status":"publish","type":"product","link":"https:\/\/italiansublimefood.com\/de\/produkt\/dekorierte-kokosblueten-5kg-mulino-val-dorcia\/","title":{"rendered":"DEKORIERTE KOKOSBL\u00dcTEN 5kg &#8211; Mulino Val d&#8217;Orcia"},"content":{"rendered":"","protected":false},"excerpt":{"rendered":"<p>Entsch\u00e4lter Dinkel, hergestellt und verpackt in Val d&#8217;Orcia von der Firma Mulino Val d&#8217;Orcia.Dinkel ist das kalorien\u00e4rmste Getreide und eignet sich dank seines hohen Proteingehalts (15%) in Kombination mit H\u00fclsenfr\u00fcchten f\u00fcr k\u00f6stliche und nicht zu kalorienreiche Eintopfgerichte. Au\u00dferdem ist er reich an Ballaststoffen, die das Hungergef\u00fchl bremsen und die Darmt\u00e4tigkeit regulieren.<\/p>\n","protected":false},"featured_media":22586,"template":"","meta":[],"product_brand":[],"product_cat":[15],"product_tag":[271],"class_list":{"0":"post-23112","1":"product","2":"type-product","3":"status-publish","4":"has-post-thumbnail","6":"product_cat-salumi-e-carni","7":"product_tag-mulino-val-dorcia","9":"first","10":"instock","11":"taxable","12":"shipping-taxable","13":"purchasable","14":"product-type-simple"},"_links":{"self":[{"href":"https:\/\/italiansublimefood.com\/de\/wp-json\/wp\/v2\/product\/23112","targetHints":{"allow":["GET"]}}],"collection":[{"href":"https:\/\/italiansublimefood.com\/de\/wp-json\/wp\/v2\/product"}],"about":[{"href":"https:\/\/italiansublimefood.com\/de\/wp-json\/wp\/v2\/types\/product"}],"wp:featuredmedia":[{"embeddable":true,"href":"https:\/\/italiansublimefood.com\/de\/wp-json\/wp\/v2\/media\/22586"}],"wp:attachment":[{"href":"https:\/\/italiansublimefood.com\/de\/wp-json\/wp\/v2\/media?parent=23112"}],"wp:term":[{"taxonomy":"product_brand","embeddable":true,"href":"https:\/\/italiansublimefood.com\/de\/wp-json\/wp\/v2\/product_brand?post=23112"},{"taxonomy":"product_cat","embeddable":true,"href":"https:\/\/italiansublimefood.com\/de\/wp-json\/wp\/v2\/product_cat?post=23112"},{"taxonomy":"product_tag","embeddable":true,"href":"https:\/\/italiansublimefood.com\/de\/wp-json\/wp\/v2\/product_tag?post=23112"}],"curies":[{"name":"wp","href":"https:\/\/api.w.org\/{rel}","templated":true}]}}