{"id":23100,"date":"2024-09-24T11:28:18","date_gmt":"2024-09-24T09:28:18","guid":{"rendered":"https:\/\/italiansublimefood.com\/product\/ceci-della-val-dorcia-5kg-mulino-val-dorcia\/"},"modified":"2025-05-05T10:02:52","modified_gmt":"2025-05-05T08:02:52","slug":"kichererbsen-aus-dem-val-dorcia-5kg-mulino-val-dorcia","status":"publish","type":"product","link":"https:\/\/italiansublimefood.com\/de\/produkt\/kichererbsen-aus-dem-val-dorcia-5kg-mulino-val-dorcia\/","title":{"rendered":"Kichererbsen aus dem Val d&#8217;Orcia 5kg &#8211; Mulino Val d&#8217;Orcia"},"content":{"rendered":"","protected":false},"excerpt":{"rendered":"<p>Bio-Kichererbsen aus dem Val d&#8217;Orcia. Die auf dem Hof angebauten Kichererbsen sind eine einheimische Sorte. Sie werden Mitte M\u00e4rz ges\u00e4t und im Juli und August geerntet. Sie werden auf dem Bauernhof gesiebt und in unserer M\u00fchle unter kontrollierter Atmosph\u00e4re verpackt. Ein kalorienreiches Nahrungsmittel, reich an Proteinen, Kohlenhydraten, Fetten, Ballaststoffen, St\u00e4rke, Mineralsalzen und den Vitaminen A und C sowie Saponinen, Substanzen, die dem K\u00f6rper helfen, Cholesterin aus dem Darm zu entfernen<\/p>\n<div><\/div>\n","protected":false},"featured_media":20420,"template":"","meta":[],"product_brand":[],"product_cat":[15],"product_tag":[271],"class_list":{"0":"post-23100","1":"product","2":"type-product","3":"status-publish","4":"has-post-thumbnail","6":"product_cat-salumi-e-carni","7":"product_tag-mulino-val-dorcia","9":"first","10":"instock","11":"taxable","12":"shipping-taxable","13":"purchasable","14":"product-type-simple"},"_links":{"self":[{"href":"https:\/\/italiansublimefood.com\/de\/wp-json\/wp\/v2\/product\/23100","targetHints":{"allow":["GET"]}}],"collection":[{"href":"https:\/\/italiansublimefood.com\/de\/wp-json\/wp\/v2\/product"}],"about":[{"href":"https:\/\/italiansublimefood.com\/de\/wp-json\/wp\/v2\/types\/product"}],"wp:featuredmedia":[{"embeddable":true,"href":"https:\/\/italiansublimefood.com\/de\/wp-json\/wp\/v2\/media\/20420"}],"wp:attachment":[{"href":"https:\/\/italiansublimefood.com\/de\/wp-json\/wp\/v2\/media?parent=23100"}],"wp:term":[{"taxonomy":"product_brand","embeddable":true,"href":"https:\/\/italiansublimefood.com\/de\/wp-json\/wp\/v2\/product_brand?post=23100"},{"taxonomy":"product_cat","embeddable":true,"href":"https:\/\/italiansublimefood.com\/de\/wp-json\/wp\/v2\/product_cat?post=23100"},{"taxonomy":"product_tag","embeddable":true,"href":"https:\/\/italiansublimefood.com\/de\/wp-json\/wp\/v2\/product_tag?post=23100"}],"curies":[{"name":"wp","href":"https:\/\/api.w.org\/{rel}","templated":true}]}}