{"id":23074,"date":"2024-09-25T10:02:32","date_gmt":"2024-09-25T08:02:32","guid":{"rendered":"https:\/\/italiansublimefood.com\/product\/pompia-likoer-elixier-likoere\/"},"modified":"2025-05-05T10:02:52","modified_gmt":"2025-05-05T08:02:52","slug":"pompia-likoer-elixier-likoere","status":"publish","type":"product","link":"https:\/\/italiansublimefood.com\/de\/produkt\/pompia-likoer-elixier-likoere\/","title":{"rendered":"Pompia Lik\u00f6r &#8211; Elixier Lik\u00f6re"},"content":{"rendered":"","protected":false},"excerpt":{"rendered":"<p>Der Pompia-Lik\u00f6r wird aus der Schale einer endemischen Zitrusfrucht hergestellt, einer uralten und geheimnisvollen Frucht unter den f\u00fcr das Siniscola-Gebiet typischen Pflanzenarten. Er wird von Elisir Liquori handwerklich aus der Mazeration von Pompia hergestellt, frei von Konservierungs- und Farbstoffen, getreu einem alten Familienrezept, ausschlie\u00dflich mit den Fr\u00fcchten des Siniscola-Gebietes. Format: 0,70 cl. Farbe: hellgelb. Zutaten: Alkohol, Wasser, Zucker, Grapefruitschalen. IDEAL, UM GEK\u00dcHLT ZU SERVIEREN. VOR DEM SERVIEREN SCH\u00dcTTELN.      <\/p>\n","protected":false},"featured_media":20695,"template":"","meta":[],"product_brand":[],"product_cat":[15],"product_tag":[],"class_list":{"0":"post-23074","1":"product","2":"type-product","3":"status-publish","4":"has-post-thumbnail","6":"product_cat-salumi-e-carni","8":"first","9":"instock","10":"taxable","11":"shipping-taxable","12":"purchasable","13":"product-type-simple"},"_links":{"self":[{"href":"https:\/\/italiansublimefood.com\/de\/wp-json\/wp\/v2\/product\/23074","targetHints":{"allow":["GET"]}}],"collection":[{"href":"https:\/\/italiansublimefood.com\/de\/wp-json\/wp\/v2\/product"}],"about":[{"href":"https:\/\/italiansublimefood.com\/de\/wp-json\/wp\/v2\/types\/product"}],"wp:featuredmedia":[{"embeddable":true,"href":"https:\/\/italiansublimefood.com\/de\/wp-json\/wp\/v2\/media\/20695"}],"wp:attachment":[{"href":"https:\/\/italiansublimefood.com\/de\/wp-json\/wp\/v2\/media?parent=23074"}],"wp:term":[{"taxonomy":"product_brand","embeddable":true,"href":"https:\/\/italiansublimefood.com\/de\/wp-json\/wp\/v2\/product_brand?post=23074"},{"taxonomy":"product_cat","embeddable":true,"href":"https:\/\/italiansublimefood.com\/de\/wp-json\/wp\/v2\/product_cat?post=23074"},{"taxonomy":"product_tag","embeddable":true,"href":"https:\/\/italiansublimefood.com\/de\/wp-json\/wp\/v2\/product_tag?post=23074"}],"curies":[{"name":"wp","href":"https:\/\/api.w.org\/{rel}","templated":true}]}}