{"id":22997,"date":"2024-09-25T10:07:43","date_gmt":"2024-09-25T08:07:43","guid":{"rendered":"https:\/\/italiansublimefood.com\/product\/pelu-elixier-likoere\/"},"modified":"2025-05-05T10:02:48","modified_gmt":"2025-05-05T08:02:48","slug":"pelu-elixier-likoere","status":"publish","type":"product","link":"https:\/\/italiansublimefood.com\/de\/produkt\/pelu-elixier-likoere\/","title":{"rendered":"Pel\u00f9 &#8211; Elixier Lik\u00f6re"},"content":{"rendered":"","protected":false},"excerpt":{"rendered":"<p>Pel\u00f9 ist ein Sahnelik\u00f6r, der rein zuf\u00e4llig aus einer zuf\u00e4lligen Begegnung mit einer bekannten Person w\u00e4hrend eines Weinfestes in einem kleinen Dorf in Baronia entstand, wo dieser willkommene Gast unsere Produkte probierte und eine Mischung herstellte, aus der Pel\u00f9 entstand. Dieser Sahnelik\u00f6r wird aus einer Basis von Pompia-Sahne hergestellt, der Aquavit und Sternanisaroma hinzugef\u00fcgt werden. Dieser Lik\u00f6r wurde vollst\u00e4ndig von Elisir kreiert. Format: 0,70 cl. Farbe: undurchsichtig golden. Zutaten: Alkohol, Zucker, Grapefruitschalen, Aquavit, Vanilleessenz. Produziert und abgef\u00fcllt von: Elisir Liquori. IDEAL, UM GEK\u00dcHLT ZU SERVIEREN. VOR DEM SERVIEREN SCH\u00dcTTELN.        <\/p>\n","protected":false},"featured_media":20707,"template":"","meta":[],"product_brand":[],"product_cat":[15],"product_tag":[],"class_list":{"0":"post-22997","1":"product","2":"type-product","3":"status-publish","4":"has-post-thumbnail","6":"product_cat-salumi-e-carni","8":"first","9":"instock","10":"taxable","11":"shipping-taxable","12":"purchasable","13":"product-type-simple"},"_links":{"self":[{"href":"https:\/\/italiansublimefood.com\/de\/wp-json\/wp\/v2\/product\/22997","targetHints":{"allow":["GET"]}}],"collection":[{"href":"https:\/\/italiansublimefood.com\/de\/wp-json\/wp\/v2\/product"}],"about":[{"href":"https:\/\/italiansublimefood.com\/de\/wp-json\/wp\/v2\/types\/product"}],"wp:featuredmedia":[{"embeddable":true,"href":"https:\/\/italiansublimefood.com\/de\/wp-json\/wp\/v2\/media\/20707"}],"wp:attachment":[{"href":"https:\/\/italiansublimefood.com\/de\/wp-json\/wp\/v2\/media?parent=22997"}],"wp:term":[{"taxonomy":"product_brand","embeddable":true,"href":"https:\/\/italiansublimefood.com\/de\/wp-json\/wp\/v2\/product_brand?post=22997"},{"taxonomy":"product_cat","embeddable":true,"href":"https:\/\/italiansublimefood.com\/de\/wp-json\/wp\/v2\/product_cat?post=22997"},{"taxonomy":"product_tag","embeddable":true,"href":"https:\/\/italiansublimefood.com\/de\/wp-json\/wp\/v2\/product_tag?post=22997"}],"curies":[{"name":"wp","href":"https:\/\/api.w.org\/{rel}","templated":true}]}}