{"id":22996,"date":"2024-09-25T09:55:08","date_gmt":"2024-09-25T07:55:08","guid":{"rendered":"https:\/\/italiansublimefood.com\/product\/musa-tonic-bier-cocktail-brauerei-17\/"},"modified":"2025-05-05T10:02:48","modified_gmt":"2025-05-05T08:02:48","slug":"musa-tonic-bier-cocktail-brauerei-17","status":"publish","type":"product","link":"https:\/\/italiansublimefood.com\/de\/produkt\/musa-tonic-bier-cocktail-brauerei-17\/","title":{"rendered":"Musa Tonic (Bier-Cocktail) &#8211; Brauerei 17"},"content":{"rendered":"","protected":false},"excerpt":{"rendered":"<div class=\"elementor-element elementor-element-40dbf41 e-con-full e-flex wpr-particle-no wpr-jarallax-no wpr-parallax-no wpr-sticky-section-no e-con e-child\" data-id=\"40dbf41\" data-element_type=\"container\">\n<div class=\"elementor-element elementor-element-6be97509 elementor-widget elementor-widget-text-editor\" data-id=\"6be97509\" data-element_type=\"widget\" data-widget_type=\"text-editor.default\">\n<div class=\"elementor-widget-container\">\n<p>Ein Cocktail, der <strong>auf den Fl\u00fcgeln eines IPA (unser Musa) fliegt und sich sanft in den Gefilden des Gin Tonic niederl\u00e4sst<\/strong> und den Klassiker mit einem Hauch von K\u00fchnheit und Frische neu erfindet. Der Musa Tonic ist eine Sinfonie der Aromen, die den Gesang der Musen heraufbeschw\u00f6rt: eine Basis aus Indian Pale Ale, umarmt von <strong>pinkem Grapefruit-Gin<\/strong> und dem sprudelnden Tonic. Eine Kombination, die den Gaumen nicht nur verbl\u00fcfft, sondern ihn auf <strong>eine berauschende sensorische Reise<\/strong> f\u00fchrt. Lassen Sie sich von den Musen der Kreativit\u00e4t tragen und sto\u00dfen Sie auf den Genuss<strong>grenzenloser Inspiration an! <\/strong><b>ZUTATEN<\/b>: Wasser, Gerstenmalz, Pink Grapefruit Gin, Tonic, Hopfen, Hefe. Alc. 9% Vol. | 33cl. Servieren Sie mit: Eis und einer Scheibe Limette.       <\/p>\n<\/div>\n<\/div>\n<\/div>\n","protected":false},"featured_media":20686,"template":"","meta":[],"product_brand":[],"product_cat":[15],"product_tag":[],"class_list":{"0":"post-22996","1":"product","2":"type-product","3":"status-publish","4":"has-post-thumbnail","6":"product_cat-salumi-e-carni","8":"first","9":"instock","10":"taxable","11":"shipping-taxable","12":"purchasable","13":"product-type-simple"},"_links":{"self":[{"href":"https:\/\/italiansublimefood.com\/de\/wp-json\/wp\/v2\/product\/22996","targetHints":{"allow":["GET"]}}],"collection":[{"href":"https:\/\/italiansublimefood.com\/de\/wp-json\/wp\/v2\/product"}],"about":[{"href":"https:\/\/italiansublimefood.com\/de\/wp-json\/wp\/v2\/types\/product"}],"wp:featuredmedia":[{"embeddable":true,"href":"https:\/\/italiansublimefood.com\/de\/wp-json\/wp\/v2\/media\/20686"}],"wp:attachment":[{"href":"https:\/\/italiansublimefood.com\/de\/wp-json\/wp\/v2\/media?parent=22996"}],"wp:term":[{"taxonomy":"product_brand","embeddable":true,"href":"https:\/\/italiansublimefood.com\/de\/wp-json\/wp\/v2\/product_brand?post=22996"},{"taxonomy":"product_cat","embeddable":true,"href":"https:\/\/italiansublimefood.com\/de\/wp-json\/wp\/v2\/product_cat?post=22996"},{"taxonomy":"product_tag","embeddable":true,"href":"https:\/\/italiansublimefood.com\/de\/wp-json\/wp\/v2\/product_tag?post=22996"}],"curies":[{"name":"wp","href":"https:\/\/api.w.org\/{rel}","templated":true}]}}