{"id":22994,"date":"2024-09-25T10:05:59","date_gmt":"2024-09-25T08:05:59","guid":{"rendered":"https:\/\/italiansublimefood.com\/product\/creme-der-myrte-elisir-likoere\/"},"modified":"2025-05-05T10:02:48","modified_gmt":"2025-05-05T08:02:48","slug":"creme-der-myrte-elisir-likoere","status":"publish","type":"product","link":"https:\/\/italiansublimefood.com\/de\/produkt\/creme-der-myrte-elisir-likoere\/","title":{"rendered":"Creme der Myrte &#8211; Elisir Lik\u00f6re"},"content":{"rendered":"","protected":false},"excerpt":{"rendered":"<p>Die Myrtencreme wird in Handarbeit ohne Farb- und Konservierungsstoffe hergestellt, getreu einem alten Familienrezept. Gewonnen durch eine lange Mazeration in reinem Alkohol von reifen Myrtenbeeren, die im Gebiet von Siniscola geerntet wurden, mit dem Zusatz von Milch und Vanillearoma. Format: 0,70cl. Farbe: undurchsichtig violett. Zutaten: Alkohol, Zucker, Myrtenbeeren, Milch, Vanillearoma. Produziert und abgef\u00fcllt von Elisir Liquori. IDEAL, UM GEK\u00dcHLT ZU SERVIEREN. VOR DEM SERVIEREN SCH\u00dcTTELN.       <\/p>\n","protected":false},"featured_media":20703,"template":"","meta":[],"product_brand":[],"product_cat":[15],"product_tag":[],"class_list":{"0":"post-22994","1":"product","2":"type-product","3":"status-publish","4":"has-post-thumbnail","6":"product_cat-salumi-e-carni","8":"first","9":"instock","10":"taxable","11":"shipping-taxable","12":"purchasable","13":"product-type-simple"},"_links":{"self":[{"href":"https:\/\/italiansublimefood.com\/de\/wp-json\/wp\/v2\/product\/22994","targetHints":{"allow":["GET"]}}],"collection":[{"href":"https:\/\/italiansublimefood.com\/de\/wp-json\/wp\/v2\/product"}],"about":[{"href":"https:\/\/italiansublimefood.com\/de\/wp-json\/wp\/v2\/types\/product"}],"wp:featuredmedia":[{"embeddable":true,"href":"https:\/\/italiansublimefood.com\/de\/wp-json\/wp\/v2\/media\/20703"}],"wp:attachment":[{"href":"https:\/\/italiansublimefood.com\/de\/wp-json\/wp\/v2\/media?parent=22994"}],"wp:term":[{"taxonomy":"product_brand","embeddable":true,"href":"https:\/\/italiansublimefood.com\/de\/wp-json\/wp\/v2\/product_brand?post=22994"},{"taxonomy":"product_cat","embeddable":true,"href":"https:\/\/italiansublimefood.com\/de\/wp-json\/wp\/v2\/product_cat?post=22994"},{"taxonomy":"product_tag","embeddable":true,"href":"https:\/\/italiansublimefood.com\/de\/wp-json\/wp\/v2\/product_tag?post=22994"}],"curies":[{"name":"wp","href":"https:\/\/api.w.org\/{rel}","templated":true}]}}